{"id":742,"date":"2018-06-17T22:15:34","date_gmt":"2018-06-17T22:15:34","guid":{"rendered":"https:\/\/midwestfamilydental.com\/?page_id=742"},"modified":"2019-07-31T13:23:13","modified_gmt":"2019-07-31T13:23:13","slug":"about-us-2","status":"publish","type":"page","link":"https:\/\/midwestfamilydental.com\/es\/about-us-2\/","title":{"rendered":"Sobre nosotros"},"content":{"rendered":"<div id=\"cs-content\" class=\"cs-content\"><\/div>","protected":false},"excerpt":{"rendered":"<p>Nuestra misi\u00f3n dental Midwest Family Dental se esfuerza por brindar un tratamiento dental de la m\u00e1s alta calidad a tarifas razonables. Nuestro equipo de expertos dentales en Chicago se toma el tiempo para revisar y explicar sus necesidades para responder cualquier pregunta para que pueda tomar una decisi\u00f3n informada sobre lo que es mejor para usted. Nuestros servicios dentales Nuestros dentistas tienen m\u00e1s de 25 a\u00f1os de experiencia combinada... <a href=\"https:\/\/midwestfamilydental.com\/es\/about-us-2\/\" class=\"more-link\">Lee mas<\/a><\/p>","protected":false},"author":4,"featured_media":0,"parent":0,"menu_order":1,"comment_status":"closed","ping_status":"closed","template":"template-blank-1.php","meta":{"footnotes":""},"class_list":["post-742","page","type-page","status-publish","hentry","no-post-thumbnail"],"yoast_head":"<!-- This site is optimized with the Yoast SEO plugin v27.6 - https:\/\/yoast.com\/product\/yoast-seo-wordpress\/ -->\n<title>About Us - Midwest Family Dental<\/title>\n<meta name=\"robots\" content=\"index, follow, max-snippet:-1, max-image-preview:large, max-video-preview:-1\" \/>\n<link rel=\"canonical\" href=\"https:\/\/midwestfamilydental.com\/es\/about-us-2\/\" \/>\n<meta property=\"og:locale\" content=\"es_MX\" \/>\n<meta property=\"og:type\" content=\"article\" \/>\n<meta property=\"og:title\" content=\"About Us - Midwest Family Dental\" \/>\n<meta property=\"og:description\" content=\"Our Dental Mission Midwest Family Dental strives to provide the highest quality dental treatment at reasonable fees. Our team of dental experts in Chicago take time to review and explain your needs to answer any questions so that you can make an informed decision about what\u2019s best for you. Our Dental Services Our dentists have over 25 years of combined ... Read More\" \/>\n<meta property=\"og:url\" content=\"https:\/\/midwestfamilydental.com\/es\/about-us-2\/\" \/>\n<meta property=\"og:site_name\" content=\"Midwest Family Dental\" \/>\n<meta property=\"article:publisher\" content=\"https:\/\/www.facebook.com\/pages\/Midwest-Family-Dental\/499664453378699\" \/>\n<meta property=\"article:modified_time\" content=\"2019-07-31T13:23:13+00:00\" \/>\n<meta name=\"twitter:card\" content=\"summary_large_image\" \/>\n<meta name=\"twitter:label1\" content=\"Tiempo de lectura\" \/>\n\t<meta name=\"twitter:data1\" content=\"2 minutos\" \/>\n<script type=\"application\/ld+json\" class=\"yoast-schema-graph\">{\"@context\":\"https:\\\/\\\/schema.org\",\"@graph\":[{\"@type\":\"WebPage\",\"@id\":\"https:\\\/\\\/midwestfamilydental.com\\\/es\\\/about-us-2\\\/\",\"url\":\"https:\\\/\\\/midwestfamilydental.com\\\/es\\\/about-us-2\\\/\",\"name\":\"About Us - Midwest Family Dental\",\"isPartOf\":{\"@id\":\"https:\\\/\\\/midwestfamilydental.com\\\/es\\\/#website\"},\"datePublished\":\"2018-06-17T22:15:34+00:00\",\"dateModified\":\"2019-07-31T13:23:13+00:00\",\"breadcrumb\":{\"@id\":\"https:\\\/\\\/midwestfamilydental.com\\\/es\\\/about-us-2\\\/#breadcrumb\"},\"inLanguage\":\"es\",\"potentialAction\":[{\"@type\":\"ReadAction\",\"target\":[\"https:\\\/\\\/midwestfamilydental.com\\\/es\\\/about-us-2\\\/\"]}]},{\"@type\":\"BreadcrumbList\",\"@id\":\"https:\\\/\\\/midwestfamilydental.com\\\/es\\\/about-us-2\\\/#breadcrumb\",\"itemListElement\":[{\"@type\":\"ListItem\",\"position\":1,\"name\":\"Home\",\"item\":\"https:\\\/\\\/midwestfamilydental.com\\\/es\\\/\"},{\"@type\":\"ListItem\",\"position\":2,\"name\":\"About Us\"}]},{\"@type\":\"WebSite\",\"@id\":\"https:\\\/\\\/midwestfamilydental.com\\\/es\\\/#website\",\"url\":\"https:\\\/\\\/midwestfamilydental.com\\\/es\\\/\",\"name\":\"Midwest Family Dental\",\"description\":\"\",\"potentialAction\":[{\"@type\":\"SearchAction\",\"target\":{\"@type\":\"EntryPoint\",\"urlTemplate\":\"https:\\\/\\\/midwestfamilydental.com\\\/es\\\/?s={search_term_string}\"},\"query-input\":{\"@type\":\"PropertyValueSpecification\",\"valueRequired\":true,\"valueName\":\"search_term_string\"}}],\"inLanguage\":\"es\"}]}<\/script>\n<!-- \/ Yoast SEO plugin. -->","yoast_head_json":{"title":"Acerca de nosotros - Midwest Family Dental","robots":{"index":"index","follow":"follow","max-snippet":"max-snippet:-1","max-image-preview":"max-image-preview:large","max-video-preview":"max-video-preview:-1"},"canonical":"https:\/\/midwestfamilydental.com\/es\/about-us-2\/","og_locale":"es_MX","og_type":"article","og_title":"About Us - Midwest Family Dental","og_description":"Our Dental Mission Midwest Family Dental strives to provide the highest quality dental treatment at reasonable fees. Our team of dental experts in Chicago take time to review and explain your needs to answer any questions so that you can make an informed decision about what\u2019s best for you. Our Dental Services Our dentists have over 25 years of combined ... Read More","og_url":"https:\/\/midwestfamilydental.com\/es\/about-us-2\/","og_site_name":"Midwest Family Dental","article_publisher":"https:\/\/www.facebook.com\/pages\/Midwest-Family-Dental\/499664453378699","article_modified_time":"2019-07-31T13:23:13+00:00","twitter_card":"summary_large_image","twitter_misc":{"Tiempo de lectura":"2 minutos"},"schema":{"@context":"https:\/\/schema.org","@graph":[{"@type":"WebPage","@id":"https:\/\/midwestfamilydental.com\/es\/about-us-2\/","url":"https:\/\/midwestfamilydental.com\/es\/about-us-2\/","name":"Acerca de nosotros - Midwest Family Dental","isPartOf":{"@id":"https:\/\/midwestfamilydental.com\/es\/#website"},"datePublished":"2018-06-17T22:15:34+00:00","dateModified":"2019-07-31T13:23:13+00:00","breadcrumb":{"@id":"https:\/\/midwestfamilydental.com\/es\/about-us-2\/#breadcrumb"},"inLanguage":"es","potentialAction":[{"@type":"ReadAction","target":["https:\/\/midwestfamilydental.com\/es\/about-us-2\/"]}]},{"@type":"BreadcrumbList","@id":"https:\/\/midwestfamilydental.com\/es\/about-us-2\/#breadcrumb","itemListElement":[{"@type":"ListItem","position":1,"name":"Home","item":"https:\/\/midwestfamilydental.com\/es\/"},{"@type":"ListItem","position":2,"name":"About Us"}]},{"@type":"WebSite","@id":"https:\/\/midwestfamilydental.com\/es\/#website","url":"https:\/\/midwestfamilydental.com\/es\/","name":"Odontolog\u00eda familiar del medio oeste","description":"","potentialAction":[{"@type":"SearchAction","target":{"@type":"EntryPoint","urlTemplate":"https:\/\/midwestfamilydental.com\/es\/?s={search_term_string}"},"query-input":{"@type":"PropertyValueSpecification","valueRequired":true,"valueName":"search_term_string"}}],"inLanguage":"es"}]}},"_links":{"self":[{"href":"https:\/\/midwestfamilydental.com\/es\/wp-json\/wp\/v2\/pages\/742","targetHints":{"allow":["GET"]}}],"collection":[{"href":"https:\/\/midwestfamilydental.com\/es\/wp-json\/wp\/v2\/pages"}],"about":[{"href":"https:\/\/midwestfamilydental.com\/es\/wp-json\/wp\/v2\/types\/page"}],"author":[{"embeddable":true,"href":"https:\/\/midwestfamilydental.com\/es\/wp-json\/wp\/v2\/users\/4"}],"replies":[{"embeddable":true,"href":"https:\/\/midwestfamilydental.com\/es\/wp-json\/wp\/v2\/comments?post=742"}],"version-history":[{"count":5,"href":"https:\/\/midwestfamilydental.com\/es\/wp-json\/wp\/v2\/pages\/742\/revisions"}],"predecessor-version":[{"id":749,"href":"https:\/\/midwestfamilydental.com\/es\/wp-json\/wp\/v2\/pages\/742\/revisions\/749"}],"wp:attachment":[{"href":"https:\/\/midwestfamilydental.com\/es\/wp-json\/wp\/v2\/media?parent=742"}],"curies":[{"name":"gracias","href":"https:\/\/api.w.org\/{rel}","templated":true}]}}