{"id":723,"date":"2018-06-17T21:23:29","date_gmt":"2018-06-17T21:23:31","guid":{"rendered":"https:\/\/midwestfamilydental.com\/?page_id=723"},"modified":"2023-10-01T18:21:00","modified_gmt":"2023-10-01T18:21:00","slug":"about-us","status":"publish","type":"page","link":"https:\/\/midwestfamilydental.com\/es\/about-us\/","title":{"rendered":"Sobre nosotros"},"content":{"rendered":"<div id=\"cs-content\" class=\"cs-content\"><\/div>","protected":false},"excerpt":{"rendered":"<p>En Midwest Family Dental nos esforzamos por brindar atenci\u00f3n dental de la m\u00e1s alta calidad a las tarifas m\u00e1s razonables en Chicago y Waukegan, IL. Nuestro equipo de dentistas expertos en Chicago se toma el tiempo para revisar y explicar sus necesidades para responder cualquier pregunta para que pueda hacer una decisi\u00f3n informada sobre lo que es mejor para usted. Aceptamos todos los seguros PPO,... <a href=\"https:\/\/midwestfamilydental.com\/es\/about-us\/\" class=\"more-link\">Lee mas<\/a><\/p>","protected":false},"author":4,"featured_media":0,"parent":0,"menu_order":2,"comment_status":"open","ping_status":"open","template":"template-blank-1.php","meta":{"footnotes":""},"class_list":["post-723","page","type-page","status-publish","hentry","no-post-thumbnail"],"yoast_head":"<!-- This site is optimized with the Yoast SEO plugin v27.5 - https:\/\/yoast.com\/product\/yoast-seo-wordpress\/ -->\n<title>About Midwest Family Dental<\/title>\n<meta name=\"robots\" content=\"index, follow, max-snippet:-1, max-image-preview:large, max-video-preview:-1\" \/>\n<link rel=\"canonical\" href=\"https:\/\/midwestfamilydental.com\/es\/about-us\/\" \/>\n<meta property=\"og:locale\" content=\"es_MX\" \/>\n<meta property=\"og:type\" content=\"article\" \/>\n<meta property=\"og:title\" content=\"About Midwest Family Dental\" \/>\n<meta property=\"og:description\" content=\"At Midwest Family Dental we strive to provide the highest quality dental care at the most reasonable rates in Chicago &amp; Waukegan, IL Our team of\u00a0expert dentists in Chicago\u00a0\u00a0take the the time to review and explain your needs to answer any questions so that you can make an informed decision about what\u2019s best for you. We accept all PPO insurances, ... Read More\" \/>\n<meta property=\"og:url\" content=\"https:\/\/midwestfamilydental.com\/es\/about-us\/\" \/>\n<meta property=\"og:site_name\" content=\"Midwest Family Dental\" \/>\n<meta property=\"article:publisher\" content=\"https:\/\/www.facebook.com\/pages\/Midwest-Family-Dental\/499664453378699\" \/>\n<meta property=\"article:modified_time\" content=\"2023-10-01T18:21:00+00:00\" \/>\n<meta name=\"twitter:card\" content=\"summary_large_image\" \/>\n<meta name=\"twitter:label1\" content=\"Tiempo de lectura\" \/>\n\t<meta name=\"twitter:data1\" content=\"1 minuto\" \/>\n<script type=\"application\/ld+json\" class=\"yoast-schema-graph\">{\"@context\":\"https:\\\/\\\/schema.org\",\"@graph\":[{\"@type\":\"WebPage\",\"@id\":\"https:\\\/\\\/midwestfamilydental.com\\\/about-us\\\/\",\"url\":\"https:\\\/\\\/midwestfamilydental.com\\\/about-us\\\/\",\"name\":\"About Midwest Family Dental\",\"isPartOf\":{\"@id\":\"https:\\\/\\\/midwestfamilydental.com\\\/es\\\/#website\"},\"datePublished\":\"2018-06-17T21:23:31+00:00\",\"dateModified\":\"2023-10-01T18:21:00+00:00\",\"breadcrumb\":{\"@id\":\"https:\\\/\\\/midwestfamilydental.com\\\/about-us\\\/#breadcrumb\"},\"inLanguage\":\"es\",\"potentialAction\":[{\"@type\":\"ReadAction\",\"target\":[\"https:\\\/\\\/midwestfamilydental.com\\\/about-us\\\/\"]}]},{\"@type\":\"BreadcrumbList\",\"@id\":\"https:\\\/\\\/midwestfamilydental.com\\\/about-us\\\/#breadcrumb\",\"itemListElement\":[{\"@type\":\"ListItem\",\"position\":1,\"name\":\"Home\",\"item\":\"https:\\\/\\\/midwestfamilydental.com\\\/es\\\/\"},{\"@type\":\"ListItem\",\"position\":2,\"name\":\"About Us\"}]},{\"@type\":\"WebSite\",\"@id\":\"https:\\\/\\\/midwestfamilydental.com\\\/es\\\/#website\",\"url\":\"https:\\\/\\\/midwestfamilydental.com\\\/es\\\/\",\"name\":\"Midwest Family Dental\",\"description\":\"\",\"potentialAction\":[{\"@type\":\"SearchAction\",\"target\":{\"@type\":\"EntryPoint\",\"urlTemplate\":\"https:\\\/\\\/midwestfamilydental.com\\\/es\\\/?s={search_term_string}\"},\"query-input\":{\"@type\":\"PropertyValueSpecification\",\"valueRequired\":true,\"valueName\":\"search_term_string\"}}],\"inLanguage\":\"es\"}]}<\/script>\n<!-- \/ Yoast SEO plugin. -->","yoast_head_json":{"title":"Acerca de Midwest Family Dental","robots":{"index":"index","follow":"follow","max-snippet":"max-snippet:-1","max-image-preview":"max-image-preview:large","max-video-preview":"max-video-preview:-1"},"canonical":"https:\/\/midwestfamilydental.com\/es\/about-us\/","og_locale":"es_MX","og_type":"article","og_title":"About Midwest Family Dental","og_description":"At Midwest Family Dental we strive to provide the highest quality dental care at the most reasonable rates in Chicago &amp; Waukegan, IL Our team of\u00a0expert dentists in Chicago\u00a0\u00a0take the the time to review and explain your needs to answer any questions so that you can make an informed decision about what\u2019s best for you. We accept all PPO insurances, ... Read More","og_url":"https:\/\/midwestfamilydental.com\/es\/about-us\/","og_site_name":"Midwest Family Dental","article_publisher":"https:\/\/www.facebook.com\/pages\/Midwest-Family-Dental\/499664453378699","article_modified_time":"2023-10-01T18:21:00+00:00","twitter_card":"summary_large_image","twitter_misc":{"Tiempo de lectura":"1 minuto"},"schema":{"@context":"https:\/\/schema.org","@graph":[{"@type":"WebPage","@id":"https:\/\/midwestfamilydental.com\/about-us\/","url":"https:\/\/midwestfamilydental.com\/about-us\/","name":"Acerca de Midwest Family Dental","isPartOf":{"@id":"https:\/\/midwestfamilydental.com\/es\/#website"},"datePublished":"2018-06-17T21:23:31+00:00","dateModified":"2023-10-01T18:21:00+00:00","breadcrumb":{"@id":"https:\/\/midwestfamilydental.com\/about-us\/#breadcrumb"},"inLanguage":"es","potentialAction":[{"@type":"ReadAction","target":["https:\/\/midwestfamilydental.com\/about-us\/"]}]},{"@type":"BreadcrumbList","@id":"https:\/\/midwestfamilydental.com\/about-us\/#breadcrumb","itemListElement":[{"@type":"ListItem","position":1,"name":"Home","item":"https:\/\/midwestfamilydental.com\/es\/"},{"@type":"ListItem","position":2,"name":"About Us"}]},{"@type":"WebSite","@id":"https:\/\/midwestfamilydental.com\/es\/#website","url":"https:\/\/midwestfamilydental.com\/es\/","name":"Odontolog\u00eda familiar del medio oeste","description":"","potentialAction":[{"@type":"SearchAction","target":{"@type":"EntryPoint","urlTemplate":"https:\/\/midwestfamilydental.com\/es\/?s={search_term_string}"},"query-input":{"@type":"PropertyValueSpecification","valueRequired":true,"valueName":"search_term_string"}}],"inLanguage":"es"}]}},"_links":{"self":[{"href":"https:\/\/midwestfamilydental.com\/es\/wp-json\/wp\/v2\/pages\/723","targetHints":{"allow":["GET"]}}],"collection":[{"href":"https:\/\/midwestfamilydental.com\/es\/wp-json\/wp\/v2\/pages"}],"about":[{"href":"https:\/\/midwestfamilydental.com\/es\/wp-json\/wp\/v2\/types\/page"}],"author":[{"embeddable":true,"href":"https:\/\/midwestfamilydental.com\/es\/wp-json\/wp\/v2\/users\/4"}],"replies":[{"embeddable":true,"href":"https:\/\/midwestfamilydental.com\/es\/wp-json\/wp\/v2\/comments?post=723"}],"version-history":[{"count":10,"href":"https:\/\/midwestfamilydental.com\/es\/wp-json\/wp\/v2\/pages\/723\/revisions"}],"predecessor-version":[{"id":1487,"href":"https:\/\/midwestfamilydental.com\/es\/wp-json\/wp\/v2\/pages\/723\/revisions\/1487"}],"wp:attachment":[{"href":"https:\/\/midwestfamilydental.com\/es\/wp-json\/wp\/v2\/media?parent=723"}],"curies":[{"name":"gracias","href":"https:\/\/api.w.org\/{rel}","templated":true}]}}