{"id":701,"date":"2018-06-16T08:37:22","date_gmt":"2018-06-16T08:37:22","guid":{"rendered":"https:\/\/midwestfamilydental.com\/?page_id=701"},"modified":"2018-07-06T22:27:10","modified_gmt":"2018-07-06T22:27:10","slug":"general-dentistry-in-chicago-waukegan-il","status":"publish","type":"page","link":"https:\/\/midwestfamilydental.com\/es\/chicago-dental-services\/general-dentistry-in-chicago-waukegan-il\/","title":{"rendered":"Odontolog\u00eda general en Chicago y Waukegan, IL"},"content":{"rendered":"<p>&nbsp;<\/p>\n<div class=\"head_text\">\n<h2>Odontolog\u00eda general en Chicago y Waukegan, IL<\/h2>\n<\/div>\n<p>Midwest Family Dental ofrece una gama de tratamientos de odontolog\u00eda general para la salud e higiene bucal. Desde la identificaci\u00f3n de caries en los conductos radiculares hasta las coronas dentales, nuestro equipo de\u00a0<a href=\"\/es\/meet-our-friendly-dentists\/\" target=\"_blank\" rel=\"noopener\">dentistas expertos en Chicago<\/a>\u00a0est\u00e1n all\u00ed para educar a los pacientes sobre su salud dental y la calidad del parto, atenci\u00f3n dental familiar asequible en el centro de Chicago y el \u00e1rea metropolitana. Tambi\u00e9n brindamos orientaci\u00f3n en\u00a0<a href=\"\/es\/chicago-dental-services\/preventive-dentistry\/\" target=\"_blank\" rel=\"noopener\">servicios de odontolog\u00eda preventiva<\/a>\u00a0para mantenerse por delante de estas necesidades generales de odontolog\u00eda.<\/p>\n<h3 id=\"root-canal-dental-treatment\"><a href=\"https:\/\/midwestfamilydental.com\/es\/chicago-dental-services\/general-dentistry-in-chicago-waukegan-il\/root-canal-dental-treatment\/\">Tratamiento dental del conducto radicular<\/a><\/h3>\n<p>Si la caries dental no se trata, eventualmente se extender\u00e1 a la pulpa o nervio del diente causando una infecci\u00f3n y dolor, esto es una indicaci\u00f3n para la terapia del conducto radicular. Durante un tratamiento de conducto, se elimina el nervio infectado dentro del diente. El procedimiento no se siente diferente a tener un simple llenado, la clave es una anestesia adecuada. Nos aseguraremos de que est\u00e9 entumecido adecuadamente antes de realizar este o cualquier procedimiento. Despu\u00e9s de <a href=\"https:\/\/midwestfamilydental.com\/es\/chicago-dental-services\/dentist-irving-park-waukegan-il\/root-canal-dental-treatment\/\">canal ra\u00edz<\/a>, el diente tendr\u00e1 que ser reconstruido con un poste y n\u00facleo. Un conducto radicular debilitar\u00e1 la estructura general del diente, por lo que siempre se recomienda una corona para agregar fuerza al diente y evitar una fractura. En caso de emergencias dentales, ofrecemos <a href=\"\/es\/chicago-dental-services\/emergency-dental-care\/\" target=\"_blank\" rel=\"noopener\">cuidado dental de emergencia<\/a> a trav\u00e9s del \u00e1rea de Chicagoland.<\/p>\n<p><img loading=\"lazy\" decoding=\"async\" class=\"size-full wp-image-98 aligncenter\" src=\"https:\/\/midwestfamilydental.com\/wp-content\/uploads\/2018\/02\/Root-Canal-1-1.jpg\" alt=\" Root Canal Dental Treatment\" width=\"464\" height=\"456\" \/><\/p>\n<h3 id=\"tooth-decay-cavities\"><a href=\"https:\/\/midwestfamilydental.com\/es\/chicago-dental-services\/general-dentistry-in-chicago-waukegan-il\/preventing-tooth-decay-cavities\/\">Caries (caries)<\/a><\/h3>\n<p>La caries dental es creada por bacterias en la boca. Cuando la bacteria encuentra una fuente de alimento como el az\u00facar, se produce un \u00e1cido que comienza a descomponer el diente. Esto da como resultado lo que se conoce como caries dental o una &quot;caries&quot;. No todas las &quot;caries&quot; causar\u00e1n dolor, pero es importante que se elimine la caries y se llene con un relleno plateado o blanco para evitar que se extienda al nervio o la pulpa del diente.<\/p>\n<p><img loading=\"lazy\" decoding=\"async\" class=\"wp-image-97 size-full aligncenter\" src=\"\/wp-content\/uploads\/2018\/02\/Stages_of_Tooth_Decay-300x2951.png\" alt=\"\" width=\"432\" height=\"429\" \/><\/p>\n<h3 id=\"dental-crowns\"><a href=\"https:\/\/midwestfamilydental.com\/es\/chicago-dental-services\/general-dentistry-in-chicago-waukegan-il\/dental-crowns-chicago\/\">Coronas dentales<\/a><\/h3>\n<p>Este procedimiento de odontolog\u00eda general tambi\u00e9n se recomienda si un diente se ha roto o le falta una gran parte. <a href=\"\/es\/chicago-dental-services\/dentist-irving-park-waukegan-il\/dental-crowns-chicago\/\">Coronas dentales<\/a> Tomar\u00e1 m\u00faltiples citas dentales para asegurar que la corona dental se maneje adecuadamente. En la primera cita, se prepara el diente y se toma un molde del diente. El molde o la impresi\u00f3n se env\u00edan a un laboratorio donde se realizar\u00e1 la corona dental. Nuestra <a href=\"\/es\/meet-our-friendly-dentists\/\" target=\"_blank\" rel=\"noopener\">dentistas expertos en Chicago<\/a> aseg\u00farese de salir de su primera cita con una corona temporal y cuando regrese 2-3 semanas m\u00e1s tarde tendremos la corona final \/ permanente cementada.<\/p>\n<p><img loading=\"lazy\" decoding=\"async\" class=\"aligncenter size-full wp-image-100\" src=\"\/wp-content\/uploads\/2017\/12\/crowns-300x245.jpg\" alt=\"\" width=\"300\" height=\"245\" srcset=\"https:\/\/midwestfamilydental.com\/wp-content\/uploads\/2017\/12\/crowns-300x245.jpg 300w, https:\/\/midwestfamilydental.com\/wp-content\/uploads\/2017\/12\/crowns-300x245-100x82.jpg 100w\" sizes=\"auto, (max-width: 300px) 100vw, 300px\" \/><\/p>\n<h3><a href=\"https:\/\/midwestfamilydental.com\/es\/chicago-dental-services\/general-dentistry-in-chicago-waukegan-il\/dental-bridge\/\">Puentes dentales (tambi\u00e9n conocidos como puentes fijos)<\/a><\/h3>\n<p>Un m\u00e9todo para reemplazar permanentemente los dientes perdidos es con la pr\u00e1ctica odontol\u00f3gica general conocida como puente fijo. Este procedimiento dental general es similar a una corona, ya que requiere 2 citas, ya que los dientes deben prepararse o afeitarse durante la primera cita. Un puente hace exactamente lo que significa su nombre: &quot;une&quot; el espacio dejado por un diente o dientes faltantes.<\/p>\n<p><img loading=\"lazy\" decoding=\"async\" class=\"aligncenter wp-image-101 size-full\" src=\"https:\/\/midwestfamilydental.com\/wp-content\/uploads\/2017\/12\/CROWNS-BRIDGES-Bridge-235x300.jpg\" alt=\"\" width=\"235\" height=\"300\" srcset=\"https:\/\/midwestfamilydental.com\/wp-content\/uploads\/2017\/12\/CROWNS-BRIDGES-Bridge-235x300.jpg 235w, https:\/\/midwestfamilydental.com\/wp-content\/uploads\/2017\/12\/CROWNS-BRIDGES-Bridge-235x300-100x128.jpg 100w\" sizes=\"auto, (max-width: 235px) 100vw, 235px\" \/><\/p>\n<h3>Dentadura postiza<\/h3>\n<p>Para pacientes dentales que necesitan un reemplazo completo de sus dientes, ofrecemos pr\u00f3tesis dentales. Una dentadura tomar\u00e1 aproximadamente 5 citas para completar. Tambi\u00e9n ofrecemos pr\u00f3tesis parciales para pacientes que buscan una soluci\u00f3n m\u00e1s econ\u00f3mica en lugar de un puente o implante dental.<\/p>\n<p><img loading=\"lazy\" decoding=\"async\" class=\"aligncenter wp-image-611 size-full\" src=\"https:\/\/midwestfamilydental.com\/wp-content\/uploads\/2018\/03\/1.png\" alt=\"\" width=\"673\" height=\"330\" srcset=\"https:\/\/midwestfamilydental.com\/wp-content\/uploads\/2018\/03\/1.png 673w, https:\/\/midwestfamilydental.com\/wp-content\/uploads\/2018\/03\/1-300x147.png 300w, https:\/\/midwestfamilydental.com\/wp-content\/uploads\/2018\/03\/1-100x49.png 100w\" sizes=\"auto, (max-width: 673px) 100vw, 673px\" \/><\/p>\n<h3><a href=\"\/es\/chicago-dental-services\/general-dentistry-in-chicago-waukegan-il\/oral-surgery\/\">Cirug\u00eda Oral<\/a><\/h3>\n<p>Si no se trata la caries dental, se extender\u00e1 a la pulpa o nervio del diente, causando una infecci\u00f3n y dolor. Para luego tratar el dolor, un paciente dental puede optar por someterse al procedimiento de odontolog\u00eda general conocido como tratamiento endod\u00f3ntico o m\u00e1s com\u00fanmente como\u00a0<a href=\"\/es\/chicago-dental-services\/general-dentistry-in-chicago-waukegan-il\/root-canal-dental-treatment\/\">canal ra\u00edz<\/a>. Esto eliminar\u00e1 el nervio infectado dentro del diente o requerir\u00e1 una extracci\u00f3n (extracci\u00f3n completa del diente). Adem\u00e1s, a medida que se desarrollan las muelas del juicio, pueden erupcionar en un \u00e1ngulo extra\u00f1o causando dolor o da\u00f1o a otros dientes en la boca. Evaluaremos c\u00f3mo crecen las muelas del juicio en su boca y determinaremos una recomendaci\u00f3n dental para mantenerlas o extirparlas.<\/p>","protected":false},"excerpt":{"rendered":"<p>&nbsp; Odontolog\u00eda general en Chicago y Waukegan, IL Midwest Family Dental ofrece una variedad de tratamientos de odontolog\u00eda general para la salud e higiene bucal. Desde la identificaci\u00f3n de caries dentales hasta endodoncias y coronas dentales, nuestro equipo de dentistas expertos en Chicago est\u00e1 all\u00ed para educar a los pacientes sobre su salud dental y la calidad de la entrega, atenci\u00f3n dental familiar asequible en el centro y metropolitano de Chicago ... <a href=\"https:\/\/midwestfamilydental.com\/es\/chicago-dental-services\/general-dentistry-in-chicago-waukegan-il\/\" class=\"more-link\">Lee mas<\/a><\/p>","protected":false},"author":4,"featured_media":0,"parent":362,"menu_order":0,"comment_status":"closed","ping_status":"closed","template":"template-blank-1.php","meta":{"footnotes":""},"class_list":["post-701","page","type-page","status-publish","hentry","no-post-thumbnail"],"yoast_head":"<!-- This site is optimized with the Yoast SEO plugin v27.5 - https:\/\/yoast.com\/product\/yoast-seo-wordpress\/ -->\n<title>Midwest Family Dental | General Dentistry in Chicago &amp; Waukegan, IL<\/title>\n<meta name=\"description\" content=\"Midwest Family Dental offers General dentistry services in Chicago 7 Waukegan IL. Learn more about how to prevent cavities, dental crowns &amp; root canals.\" \/>\n<meta name=\"robots\" content=\"index, follow, max-snippet:-1, max-image-preview:large, max-video-preview:-1\" \/>\n<link rel=\"canonical\" href=\"https:\/\/midwestfamilydental.com\/es\/chicago-dental-services\/general-dentistry-in-chicago-waukegan-il\/\" \/>\n<meta property=\"og:locale\" content=\"es_MX\" \/>\n<meta property=\"og:type\" content=\"article\" \/>\n<meta property=\"og:title\" content=\"Midwest Family Dental | General Dentistry in Chicago &amp; Waukegan, IL\" \/>\n<meta property=\"og:description\" content=\"Midwest Family Dental offers General dentistry services in Chicago 7 Waukegan IL. Learn more about how to prevent cavities, dental crowns &amp; root canals.\" \/>\n<meta property=\"og:url\" content=\"https:\/\/midwestfamilydental.com\/es\/chicago-dental-services\/general-dentistry-in-chicago-waukegan-il\/\" \/>\n<meta property=\"og:site_name\" content=\"Midwest Family Dental\" \/>\n<meta property=\"article:publisher\" content=\"https:\/\/www.facebook.com\/pages\/Midwest-Family-Dental\/499664453378699\" \/>\n<meta property=\"article:modified_time\" content=\"2018-07-06T22:27:10+00:00\" \/>\n<meta property=\"og:image\" content=\"https:\/\/midwestfamilydental.com\/wp-content\/uploads\/2018\/02\/Root-Canal-1-1.jpg\" \/>\n<meta name=\"twitter:card\" content=\"summary_large_image\" \/>\n<meta name=\"twitter:label1\" content=\"Tiempo de lectura\" \/>\n\t<meta name=\"twitter:data1\" content=\"3 minutos\" \/>\n<script type=\"application\/ld+json\" class=\"yoast-schema-graph\">{\"@context\":\"https:\\\/\\\/schema.org\",\"@graph\":[{\"@type\":\"WebPage\",\"@id\":\"https:\\\/\\\/midwestfamilydental.com\\\/es\\\/chicago-dental-services\\\/general-dentistry-in-chicago-waukegan-il\\\/\",\"url\":\"https:\\\/\\\/midwestfamilydental.com\\\/es\\\/chicago-dental-services\\\/general-dentistry-in-chicago-waukegan-il\\\/\",\"name\":\"Midwest Family Dental | General Dentistry in Chicago & Waukegan, IL\",\"isPartOf\":{\"@id\":\"https:\\\/\\\/midwestfamilydental.com\\\/es\\\/#website\"},\"primaryImageOfPage\":{\"@id\":\"https:\\\/\\\/midwestfamilydental.com\\\/es\\\/chicago-dental-services\\\/general-dentistry-in-chicago-waukegan-il\\\/#primaryimage\"},\"image\":{\"@id\":\"https:\\\/\\\/midwestfamilydental.com\\\/es\\\/chicago-dental-services\\\/general-dentistry-in-chicago-waukegan-il\\\/#primaryimage\"},\"thumbnailUrl\":\"https:\\\/\\\/midwestfamilydental.com\\\/wp-content\\\/uploads\\\/2018\\\/02\\\/Root-Canal-1-1.jpg\",\"datePublished\":\"2018-06-16T08:37:22+00:00\",\"dateModified\":\"2018-07-06T22:27:10+00:00\",\"description\":\"Midwest Family Dental offers General dentistry services in Chicago 7 Waukegan IL. Learn more about how to prevent cavities, dental crowns & root canals.\",\"breadcrumb\":{\"@id\":\"https:\\\/\\\/midwestfamilydental.com\\\/es\\\/chicago-dental-services\\\/general-dentistry-in-chicago-waukegan-il\\\/#breadcrumb\"},\"inLanguage\":\"es\",\"potentialAction\":[{\"@type\":\"ReadAction\",\"target\":[\"https:\\\/\\\/midwestfamilydental.com\\\/es\\\/chicago-dental-services\\\/general-dentistry-in-chicago-waukegan-il\\\/\"]}]},{\"@type\":\"ImageObject\",\"inLanguage\":\"es\",\"@id\":\"https:\\\/\\\/midwestfamilydental.com\\\/es\\\/chicago-dental-services\\\/general-dentistry-in-chicago-waukegan-il\\\/#primaryimage\",\"url\":\"https:\\\/\\\/midwestfamilydental.com\\\/wp-content\\\/uploads\\\/2018\\\/02\\\/Root-Canal-1-1.jpg\",\"contentUrl\":\"https:\\\/\\\/midwestfamilydental.com\\\/wp-content\\\/uploads\\\/2018\\\/02\\\/Root-Canal-1-1.jpg\"},{\"@type\":\"BreadcrumbList\",\"@id\":\"https:\\\/\\\/midwestfamilydental.com\\\/es\\\/chicago-dental-services\\\/general-dentistry-in-chicago-waukegan-il\\\/#breadcrumb\",\"itemListElement\":[{\"@type\":\"ListItem\",\"position\":1,\"name\":\"Home\",\"item\":\"https:\\\/\\\/midwestfamilydental.com\\\/es\\\/\"},{\"@type\":\"ListItem\",\"position\":2,\"name\":\"Dental Services in Chicago &#038; Waukegan, IL\",\"item\":\"https:\\\/\\\/midwestfamilydental.com\\\/es\\\/chicago-dental-services\\\/\"},{\"@type\":\"ListItem\",\"position\":3,\"name\":\"General Dentistry in Chicago &#038; Waukegan, IL\"}]},{\"@type\":\"WebSite\",\"@id\":\"https:\\\/\\\/midwestfamilydental.com\\\/es\\\/#website\",\"url\":\"https:\\\/\\\/midwestfamilydental.com\\\/es\\\/\",\"name\":\"Midwest Family Dental\",\"description\":\"\",\"potentialAction\":[{\"@type\":\"SearchAction\",\"target\":{\"@type\":\"EntryPoint\",\"urlTemplate\":\"https:\\\/\\\/midwestfamilydental.com\\\/es\\\/?s={search_term_string}\"},\"query-input\":{\"@type\":\"PropertyValueSpecification\",\"valueRequired\":true,\"valueName\":\"search_term_string\"}}],\"inLanguage\":\"es\"}]}<\/script>\n<!-- \/ Yoast SEO plugin. -->","yoast_head_json":{"title":"Midwest Family Dental | Odontolog\u00eda general en Chicago y Waukegan, Illinois","description":"Midwest Family Dental ofrece servicios de odontolog\u00eda general en Chicago, 7 Waukegan, IL. Obtenga m\u00e1s informaci\u00f3n sobre c\u00f3mo prevenir caries, coronas dentales y endodoncias.","robots":{"index":"index","follow":"follow","max-snippet":"max-snippet:-1","max-image-preview":"max-image-preview:large","max-video-preview":"max-video-preview:-1"},"canonical":"https:\/\/midwestfamilydental.com\/es\/chicago-dental-services\/general-dentistry-in-chicago-waukegan-il\/","og_locale":"es_MX","og_type":"article","og_title":"Midwest Family Dental | General Dentistry in Chicago & Waukegan, IL","og_description":"Midwest Family Dental offers General dentistry services in Chicago 7 Waukegan IL. Learn more about how to prevent cavities, dental crowns & root canals.","og_url":"https:\/\/midwestfamilydental.com\/es\/chicago-dental-services\/general-dentistry-in-chicago-waukegan-il\/","og_site_name":"Midwest Family Dental","article_publisher":"https:\/\/www.facebook.com\/pages\/Midwest-Family-Dental\/499664453378699","article_modified_time":"2018-07-06T22:27:10+00:00","og_image":[{"url":"https:\/\/midwestfamilydental.com\/wp-content\/uploads\/2018\/02\/Root-Canal-1-1.jpg","type":"","width":"","height":""}],"twitter_card":"summary_large_image","twitter_misc":{"Tiempo de lectura":"3 minutos"},"schema":{"@context":"https:\/\/schema.org","@graph":[{"@type":"WebPage","@id":"https:\/\/midwestfamilydental.com\/es\/chicago-dental-services\/general-dentistry-in-chicago-waukegan-il\/","url":"https:\/\/midwestfamilydental.com\/es\/chicago-dental-services\/general-dentistry-in-chicago-waukegan-il\/","name":"Midwest Family Dental | Odontolog\u00eda general en Chicago y Waukegan, Illinois","isPartOf":{"@id":"https:\/\/midwestfamilydental.com\/es\/#website"},"primaryImageOfPage":{"@id":"https:\/\/midwestfamilydental.com\/es\/chicago-dental-services\/general-dentistry-in-chicago-waukegan-il\/#primaryimage"},"image":{"@id":"https:\/\/midwestfamilydental.com\/es\/chicago-dental-services\/general-dentistry-in-chicago-waukegan-il\/#primaryimage"},"thumbnailUrl":"https:\/\/midwestfamilydental.com\/wp-content\/uploads\/2018\/02\/Root-Canal-1-1.jpg","datePublished":"2018-06-16T08:37:22+00:00","dateModified":"2018-07-06T22:27:10+00:00","description":"Midwest Family Dental ofrece servicios de odontolog\u00eda general en Chicago, 7 Waukegan, IL. Obtenga m\u00e1s informaci\u00f3n sobre c\u00f3mo prevenir caries, coronas dentales y endodoncias.","breadcrumb":{"@id":"https:\/\/midwestfamilydental.com\/es\/chicago-dental-services\/general-dentistry-in-chicago-waukegan-il\/#breadcrumb"},"inLanguage":"es","potentialAction":[{"@type":"ReadAction","target":["https:\/\/midwestfamilydental.com\/es\/chicago-dental-services\/general-dentistry-in-chicago-waukegan-il\/"]}]},{"@type":"ImageObject","inLanguage":"es","@id":"https:\/\/midwestfamilydental.com\/es\/chicago-dental-services\/general-dentistry-in-chicago-waukegan-il\/#primaryimage","url":"https:\/\/midwestfamilydental.com\/wp-content\/uploads\/2018\/02\/Root-Canal-1-1.jpg","contentUrl":"https:\/\/midwestfamilydental.com\/wp-content\/uploads\/2018\/02\/Root-Canal-1-1.jpg"},{"@type":"BreadcrumbList","@id":"https:\/\/midwestfamilydental.com\/es\/chicago-dental-services\/general-dentistry-in-chicago-waukegan-il\/#breadcrumb","itemListElement":[{"@type":"ListItem","position":1,"name":"Home","item":"https:\/\/midwestfamilydental.com\/es\/"},{"@type":"ListItem","position":2,"name":"Dental Services in Chicago &#038; Waukegan, IL","item":"https:\/\/midwestfamilydental.com\/es\/chicago-dental-services\/"},{"@type":"ListItem","position":3,"name":"General Dentistry in Chicago &#038; Waukegan, IL"}]},{"@type":"WebSite","@id":"https:\/\/midwestfamilydental.com\/es\/#website","url":"https:\/\/midwestfamilydental.com\/es\/","name":"Odontolog\u00eda familiar del medio oeste","description":"","potentialAction":[{"@type":"SearchAction","target":{"@type":"EntryPoint","urlTemplate":"https:\/\/midwestfamilydental.com\/es\/?s={search_term_string}"},"query-input":{"@type":"PropertyValueSpecification","valueRequired":true,"valueName":"search_term_string"}}],"inLanguage":"es"}]}},"_links":{"self":[{"href":"https:\/\/midwestfamilydental.com\/es\/wp-json\/wp\/v2\/pages\/701","targetHints":{"allow":["GET"]}}],"collection":[{"href":"https:\/\/midwestfamilydental.com\/es\/wp-json\/wp\/v2\/pages"}],"about":[{"href":"https:\/\/midwestfamilydental.com\/es\/wp-json\/wp\/v2\/types\/page"}],"author":[{"embeddable":true,"href":"https:\/\/midwestfamilydental.com\/es\/wp-json\/wp\/v2\/users\/4"}],"replies":[{"embeddable":true,"href":"https:\/\/midwestfamilydental.com\/es\/wp-json\/wp\/v2\/comments?post=701"}],"version-history":[{"count":21,"href":"https:\/\/midwestfamilydental.com\/es\/wp-json\/wp\/v2\/pages\/701\/revisions"}],"predecessor-version":[{"id":774,"href":"https:\/\/midwestfamilydental.com\/es\/wp-json\/wp\/v2\/pages\/701\/revisions\/774"}],"up":[{"embeddable":true,"href":"https:\/\/midwestfamilydental.com\/es\/wp-json\/wp\/v2\/pages\/362"}],"wp:attachment":[{"href":"https:\/\/midwestfamilydental.com\/es\/wp-json\/wp\/v2\/media?parent=701"}],"curies":[{"name":"gracias","href":"https:\/\/api.w.org\/{rel}","templated":true}]}}