{"id":56,"date":"2017-12-07T05:41:24","date_gmt":"2017-12-07T05:41:24","guid":{"rendered":"http:\/\/mwfd.rapidhealthcareshop.com\/demo-home\/"},"modified":"2018-08-23T20:26:50","modified_gmt":"2018-08-23T20:26:50","slug":"home","status":"publish","type":"page","link":"https:\/\/midwestfamilydental.com\/es\/","title":{"rendered":"Casa"},"content":{"rendered":"<div id=\"cs-content\" class=\"cs-content\"><\/div>","protected":false},"excerpt":{"rendered":"<p>Midwest Family DentistsNos enorgullecemos de ser dentistas l\u00edderes en Chicago. Nuestro objetivo es educar a los pacientes sobre su salud dental y brindar atenci\u00f3n dental familiar asequible y de calidad en todo el centro de Chicago y el \u00e1rea metropolitana. Nuestra vasta experiencia dental\u2026 <a href=\"https:\/\/midwestfamilydental.com\/es\/\" class=\"more-link\">Lee mas<\/a><\/p>","protected":false},"author":4,"featured_media":0,"parent":0,"menu_order":14,"comment_status":"closed","ping_status":"closed","template":"template-blank-4.php","meta":{"footnotes":""},"class_list":["post-56","page","type-page","status-publish","hentry","no-post-thumbnail"],"yoast_head":"<!-- This site is optimized with the Yoast SEO plugin v27.6 - https:\/\/yoast.com\/product\/yoast-seo-wordpress\/ -->\n<title>Midwest Family Dental | Expert Dentists in Chicago &amp; Waukegan IL<\/title>\n<meta name=\"description\" content=\"At Midwest Family Dental we strive to provide the highest quality dental treatment at the most affordable rate. Our expert dentists in Chicago &amp; Waukegan, IL, offer dental services with advanced dental technology in general dentistry, cosmetic dentistry, preventive dentistry, and emergency dentistry. Learn more!\" \/>\n<meta name=\"robots\" content=\"index, follow, max-snippet:-1, max-image-preview:large, max-video-preview:-1\" \/>\n<link rel=\"canonical\" href=\"https:\/\/midwestfamilydental.com\/es\/\" \/>\n<meta property=\"og:locale\" content=\"es_MX\" \/>\n<meta property=\"og:type\" content=\"article\" \/>\n<meta property=\"og:title\" content=\"Midwest Family Dental | Expert Dentists in Chicago &amp; Waukegan IL\" \/>\n<meta property=\"og:description\" content=\"At Midwest Family Dental we strive to provide the highest quality dental treatment at the most affordable rate. Our expert dentists in Chicago &amp; Waukegan, IL, offer dental services with advanced dental technology in general dentistry, cosmetic dentistry, preventive dentistry, and emergency dentistry. Learn more!\" \/>\n<meta property=\"og:url\" content=\"https:\/\/midwestfamilydental.com\/es\/\" \/>\n<meta property=\"og:site_name\" content=\"Midwest Family Dental\" \/>\n<meta property=\"article:publisher\" content=\"https:\/\/www.facebook.com\/pages\/Midwest-Family-Dental\/499664453378699\" \/>\n<meta property=\"article:modified_time\" content=\"2018-08-23T20:26:50+00:00\" \/>\n<meta name=\"twitter:card\" content=\"summary_large_image\" \/>\n<meta name=\"twitter:label1\" content=\"Tiempo de lectura\" \/>\n\t<meta name=\"twitter:data1\" content=\"10 minutos\" \/>\n<script type=\"application\/ld+json\" class=\"yoast-schema-graph\">{\"@context\":\"https:\\\/\\\/schema.org\",\"@graph\":[{\"@type\":\"WebPage\",\"@id\":\"https:\\\/\\\/midwestfamilydental.com\\\/es\\\/\",\"url\":\"https:\\\/\\\/midwestfamilydental.com\\\/es\\\/\",\"name\":\"Midwest Family Dental | Expert Dentists in Chicago & Waukegan IL\",\"isPartOf\":{\"@id\":\"https:\\\/\\\/midwestfamilydental.com\\\/es\\\/#website\"},\"datePublished\":\"2017-12-07T05:41:24+00:00\",\"dateModified\":\"2018-08-23T20:26:50+00:00\",\"description\":\"At Midwest Family Dental we strive to provide the highest quality dental treatment at the most affordable rate. Our expert dentists in Chicago & Waukegan, IL, offer dental services with advanced dental technology in general dentistry, cosmetic dentistry, preventive dentistry, and emergency dentistry. Learn more!\",\"breadcrumb\":{\"@id\":\"https:\\\/\\\/midwestfamilydental.com\\\/es\\\/#breadcrumb\"},\"inLanguage\":\"es\",\"potentialAction\":[{\"@type\":\"ReadAction\",\"target\":[\"https:\\\/\\\/midwestfamilydental.com\\\/es\\\/\"]}]},{\"@type\":\"BreadcrumbList\",\"@id\":\"https:\\\/\\\/midwestfamilydental.com\\\/es\\\/#breadcrumb\",\"itemListElement\":[{\"@type\":\"ListItem\",\"position\":1,\"name\":\"Home\",\"item\":\"https:\\\/\\\/midwestfamilydental.com\\\/es\\\/\"},{\"@type\":\"ListItem\",\"position\":2,\"name\":\"Home\"}]},{\"@type\":\"WebSite\",\"@id\":\"https:\\\/\\\/midwestfamilydental.com\\\/es\\\/#website\",\"url\":\"https:\\\/\\\/midwestfamilydental.com\\\/es\\\/\",\"name\":\"Midwest Family Dental\",\"description\":\"\",\"potentialAction\":[{\"@type\":\"SearchAction\",\"target\":{\"@type\":\"EntryPoint\",\"urlTemplate\":\"https:\\\/\\\/midwestfamilydental.com\\\/es\\\/?s={search_term_string}\"},\"query-input\":{\"@type\":\"PropertyValueSpecification\",\"valueRequired\":true,\"valueName\":\"search_term_string\"}}],\"inLanguage\":\"es\"}]}<\/script>\n<!-- \/ Yoast SEO plugin. -->","yoast_head_json":{"title":"Midwest Family Dental | Dentistas expertos en Chicago y Waukegan, Illinois","description":"En Midwest Family Dental nos esforzamos por brindar tratamientos dentales de la m\u00e1s alta calidad al precio m\u00e1s accesible. Nuestros dentistas expertos en Chicago y Waukegan, Illinois, ofrecen servicios dentales con tecnolog\u00eda avanzada en odontolog\u00eda general, odontolog\u00eda cosm\u00e9tica, odontolog\u00eda preventiva y odontolog\u00eda de emergencia. \u00a1Conozca m\u00e1s!","robots":{"index":"index","follow":"follow","max-snippet":"max-snippet:-1","max-image-preview":"max-image-preview:large","max-video-preview":"max-video-preview:-1"},"canonical":"https:\/\/midwestfamilydental.com\/es\/","og_locale":"es_MX","og_type":"article","og_title":"Midwest Family Dental | Expert Dentists in Chicago & Waukegan IL","og_description":"At Midwest Family Dental we strive to provide the highest quality dental treatment at the most affordable rate. Our expert dentists in Chicago & Waukegan, IL, offer dental services with advanced dental technology in general dentistry, cosmetic dentistry, preventive dentistry, and emergency dentistry. Learn more!","og_url":"https:\/\/midwestfamilydental.com\/es\/","og_site_name":"Midwest Family Dental","article_publisher":"https:\/\/www.facebook.com\/pages\/Midwest-Family-Dental\/499664453378699","article_modified_time":"2018-08-23T20:26:50+00:00","twitter_card":"summary_large_image","twitter_misc":{"Tiempo de lectura":"10 minutos"},"schema":{"@context":"https:\/\/schema.org","@graph":[{"@type":"WebPage","@id":"https:\/\/midwestfamilydental.com\/es\/","url":"https:\/\/midwestfamilydental.com\/es\/","name":"Midwest Family Dental | Dentistas expertos en Chicago y Waukegan, Illinois","isPartOf":{"@id":"https:\/\/midwestfamilydental.com\/es\/#website"},"datePublished":"2017-12-07T05:41:24+00:00","dateModified":"2018-08-23T20:26:50+00:00","description":"En Midwest Family Dental nos esforzamos por brindar tratamientos dentales de la m\u00e1s alta calidad al precio m\u00e1s accesible. Nuestros dentistas expertos en Chicago y Waukegan, Illinois, ofrecen servicios dentales con tecnolog\u00eda avanzada en odontolog\u00eda general, odontolog\u00eda cosm\u00e9tica, odontolog\u00eda preventiva y odontolog\u00eda de emergencia. \u00a1Conozca m\u00e1s!","breadcrumb":{"@id":"https:\/\/midwestfamilydental.com\/es\/#breadcrumb"},"inLanguage":"es","potentialAction":[{"@type":"ReadAction","target":["https:\/\/midwestfamilydental.com\/es\/"]}]},{"@type":"BreadcrumbList","@id":"https:\/\/midwestfamilydental.com\/es\/#breadcrumb","itemListElement":[{"@type":"ListItem","position":1,"name":"Home","item":"https:\/\/midwestfamilydental.com\/es\/"},{"@type":"ListItem","position":2,"name":"Home"}]},{"@type":"WebSite","@id":"https:\/\/midwestfamilydental.com\/es\/#website","url":"https:\/\/midwestfamilydental.com\/es\/","name":"Odontolog\u00eda familiar del medio oeste","description":"","potentialAction":[{"@type":"SearchAction","target":{"@type":"EntryPoint","urlTemplate":"https:\/\/midwestfamilydental.com\/es\/?s={search_term_string}"},"query-input":{"@type":"PropertyValueSpecification","valueRequired":true,"valueName":"search_term_string"}}],"inLanguage":"es"}]}},"_links":{"self":[{"href":"https:\/\/midwestfamilydental.com\/es\/wp-json\/wp\/v2\/pages\/56","targetHints":{"allow":["GET"]}}],"collection":[{"href":"https:\/\/midwestfamilydental.com\/es\/wp-json\/wp\/v2\/pages"}],"about":[{"href":"https:\/\/midwestfamilydental.com\/es\/wp-json\/wp\/v2\/types\/page"}],"author":[{"embeddable":true,"href":"https:\/\/midwestfamilydental.com\/es\/wp-json\/wp\/v2\/users\/4"}],"replies":[{"embeddable":true,"href":"https:\/\/midwestfamilydental.com\/es\/wp-json\/wp\/v2\/comments?post=56"}],"version-history":[{"count":26,"href":"https:\/\/midwestfamilydental.com\/es\/wp-json\/wp\/v2\/pages\/56\/revisions"}],"predecessor-version":[{"id":801,"href":"https:\/\/midwestfamilydental.com\/es\/wp-json\/wp\/v2\/pages\/56\/revisions\/801"}],"wp:attachment":[{"href":"https:\/\/midwestfamilydental.com\/es\/wp-json\/wp\/v2\/media?parent=56"}],"curies":[{"name":"gracias","href":"https:\/\/api.w.org\/{rel}","templated":true}]}}