{"id":371,"date":"2018-02-10T07:22:57","date_gmt":"2018-02-10T07:22:57","guid":{"rendered":"http:\/\/mwfd.rapidhealthcareshop.com\/?page_id=371"},"modified":"2024-12-18T09:18:24","modified_gmt":"2024-12-18T09:18:24","slug":"teeth-whitening-irving-park-waukegan-il","status":"publish","type":"page","link":"https:\/\/midwestfamilydental.com\/es\/chicago-dental-services\/cosmetic-dentistry-in-chicago-waukegan-il\/teeth-whitening-irving-park-waukegan-il\/","title":{"rendered":"Blanqueamiento dental profesional en Chicago y Waukegan, IL"},"content":{"rendered":"<div id=\"cs-content\" class=\"cs-content\"><div class=\"x-section e371-e1 mab-0 mab-1\"><div class=\"x-container max width e371-e2 mab-3\"><div class=\"x-column x-sm x-1-1 e371-e3 mab-4\"><div id=\"\" class=\"x-text\" style=\"\" ><div class=\"head_text\">\n<h2>Blanqueamiento de dientes de Chicago<\/h2>\n<p>Los kits de blanqueamiento dental profesional para llevar a casa disponibles de su dentista contienen una alta concentraci\u00f3n de per\u00f3xido de hidr\u00f3geno o per\u00f3xido de carbamida y proporcionan excelentes resultados en 1 a 2 semanas de uso prescrito. Las bandejas personalizadas mantienen la soluci\u00f3n blanqueadora en la superficie del diente a blanquear. Se toman impresiones de sus dientes superiores e inferiores y se env\u00edan al laboratorio dental para hacer sus bandejas. Normalmente el laboratorio dental tardar\u00e1 de 1 a 2 semanas en hacer sus bandejas. El color inicial de sus dientes se registra en su historial dental para compararlo cuando se completa el blanqueamiento.<\/p>\n<p>Durante su <a href=\"\/es\/schedule-an-appointment\/\">Cita dental<\/a> Tras la creaci\u00f3n de las bandejas personalizadas, nuestro equipo de <a href=\"\/es\/meet-our-friendly-dentists\/\">dentistas expertos<\/a> le mostrar\u00e1 c\u00f3mo dispensar la soluci\u00f3n de blanqueamiento dental y describir\u00e1 instrucciones detalladas. Nuestro sofisticado blanqueamiento dental para llevar a casa se usa t\u00edpicamente una hora al d\u00eda durante dos semanas, y se puede usar para aplicaciones de retoque a partir de entonces. La cantidad de tiempo que lleva blanquear los dientes puede variar. Nuestro kit promedio de blanqueamiento dental generalmente demora 2 semanas y para aquellos pacientes dentales con manchas m\u00e1s oscuras puede requerir m\u00e1s tiempo.<\/p>\n<\/div>\n<\/div><a class=\"x-anchor x-anchor-button has-particle e371-e5 mab-5\" tabindex=\"0\" href=\"\/es\/schedule-an-appointment\/\" target=\"_blank\" rel=\"noopener noreferrer\"><span class=\"x-particle is-primary\" data-x-particle=\"scale-x inside-c_c\" aria-hidden=\"true\"><span style=\"\"><\/span><\/span><div class=\"x-anchor-content\"><div class=\"x-anchor-text\"><span class=\"x-anchor-text-primary\">Programe una consulta dental<\/span><\/div><\/div><\/a><\/div><\/div><\/div><div class=\"x-section e371-e6 mab-0 mab-2\"><div id=\"\" class=\"x-text\" style=\"\" ><p><a href=\"https:\/\/midwestfamilydental.com\/wp-content\/uploads\/2018\/02\/before-and-after-teeth-whitening.jpg\"><img loading=\"lazy\" decoding=\"async\" src=\"https:\/\/midwestfamilydental.com\/wp-content\/uploads\/2018\/02\/before-and-after-teeth-whitening.jpg\" alt=\"Teeth whitening Chicago Before &amp; After\" width=\"379\" height=\"523\" class=\"size-full wp-image-392 aligncenter\" srcset=\"https:\/\/midwestfamilydental.com\/wp-content\/uploads\/2018\/02\/before-and-after-teeth-whitening.jpg 379w, https:\/\/midwestfamilydental.com\/wp-content\/uploads\/2018\/02\/before-and-after-teeth-whitening-217x300.jpg 217w, https:\/\/midwestfamilydental.com\/wp-content\/uploads\/2018\/02\/before-and-after-teeth-whitening-100x138.jpg 100w\" sizes=\"auto, (max-width: 379px) 100vw, 379px\" \/><\/a><\/p>\n<\/div><\/div><\/div>","protected":false},"excerpt":{"rendered":"<p>Chicago Teeth Whitening Professional Los kits de blanqueamiento dental para llevar a casa disponibles de su dentista contienen una alta concentraci\u00f3n de per\u00f3xido de hidr\u00f3geno o per\u00f3xido de carbamida y brindan excelentes resultados en 1 a 2 semanas de uso prescrito. Las cubetas a medida mantienen la soluci\u00f3n blanqueadora en la superficie del diente a blanquear. Se toman impresiones de los dientes superiores e inferiores y se env\u00edan... <a href=\"https:\/\/midwestfamilydental.com\/es\/chicago-dental-services\/cosmetic-dentistry-in-chicago-waukegan-il\/teeth-whitening-irving-park-waukegan-il\/\" class=\"more-link\">Lee mas<\/a><\/p>","protected":false},"author":4,"featured_media":0,"parent":105,"menu_order":0,"comment_status":"closed","ping_status":"closed","template":"template-layout-full-width.php","meta":{"footnotes":""},"class_list":["post-371","page","type-page","status-publish","hentry","no-post-thumbnail"],"yoast_head":"<!-- This site is optimized with the Yoast SEO plugin v27.6 - https:\/\/yoast.com\/product\/yoast-seo-wordpress\/ -->\n<title>Midwest Family Dental | Professional Teeth Whitening in Chicago &amp; Waukegan, IL<\/title>\n<meta name=\"description\" content=\"Professional teeth whitening in Chicago. Midwest Family Dental will whiten your smile through treatment or take home whitening kits. Schedule an apt today!\" \/>\n<meta name=\"robots\" content=\"index, follow, max-snippet:-1, max-image-preview:large, max-video-preview:-1\" \/>\n<link rel=\"canonical\" href=\"https:\/\/midwestfamilydental.com\/es\/chicago-dental-services\/cosmetic-dentistry-in-chicago-waukegan-il\/teeth-whitening-irving-park-waukegan-il\/\" \/>\n<meta property=\"og:locale\" content=\"es_MX\" \/>\n<meta property=\"og:type\" content=\"article\" \/>\n<meta property=\"og:title\" content=\"Midwest Family Dental | Professional Teeth Whitening in Chicago &amp; Waukegan, IL\" \/>\n<meta property=\"og:description\" content=\"Professional teeth whitening in Chicago. Midwest Family Dental will whiten your smile through treatment or take home whitening kits. Schedule an apt today!\" \/>\n<meta property=\"og:url\" content=\"https:\/\/midwestfamilydental.com\/es\/chicago-dental-services\/cosmetic-dentistry-in-chicago-waukegan-il\/teeth-whitening-irving-park-waukegan-il\/\" \/>\n<meta property=\"og:site_name\" content=\"Midwest Family Dental\" \/>\n<meta property=\"article:publisher\" content=\"https:\/\/www.facebook.com\/pages\/Midwest-Family-Dental\/499664453378699\" \/>\n<meta property=\"article:modified_time\" content=\"2024-12-18T09:18:24+00:00\" \/>\n<meta property=\"og:image\" content=\"https:\/\/midwestfamilydental.com\/wp-content\/uploads\/2018\/02\/before-and-after-teeth-whitening.jpg\" \/>\n\t<meta property=\"og:image:width\" content=\"379\" \/>\n\t<meta property=\"og:image:height\" content=\"523\" \/>\n\t<meta property=\"og:image:type\" content=\"image\/jpeg\" \/>\n<meta name=\"twitter:card\" content=\"summary_large_image\" \/>\n<meta name=\"twitter:label1\" content=\"Tiempo de lectura\" \/>\n\t<meta name=\"twitter:data1\" content=\"1 minuto\" \/>\n<script type=\"application\/ld+json\" class=\"yoast-schema-graph\">{\"@context\":\"https:\\\/\\\/schema.org\",\"@graph\":[{\"@type\":\"WebPage\",\"@id\":\"https:\\\/\\\/midwestfamilydental.com\\\/chicago-dental-services\\\/cosmetic-dentistry-in-chicago-waukegan-il\\\/teeth-whitening-irving-park-waukegan-il\\\/\",\"url\":\"https:\\\/\\\/midwestfamilydental.com\\\/chicago-dental-services\\\/cosmetic-dentistry-in-chicago-waukegan-il\\\/teeth-whitening-irving-park-waukegan-il\\\/\",\"name\":\"Midwest Family Dental | Professional Teeth Whitening in Chicago & Waukegan, IL\",\"isPartOf\":{\"@id\":\"https:\\\/\\\/midwestfamilydental.com\\\/es\\\/#website\"},\"primaryImageOfPage\":{\"@id\":\"https:\\\/\\\/midwestfamilydental.com\\\/chicago-dental-services\\\/cosmetic-dentistry-in-chicago-waukegan-il\\\/teeth-whitening-irving-park-waukegan-il\\\/#primaryimage\"},\"image\":{\"@id\":\"https:\\\/\\\/midwestfamilydental.com\\\/chicago-dental-services\\\/cosmetic-dentistry-in-chicago-waukegan-il\\\/teeth-whitening-irving-park-waukegan-il\\\/#primaryimage\"},\"thumbnailUrl\":\"https:\\\/\\\/midwestfamilydental.com\\\/wp-content\\\/uploads\\\/2018\\\/02\\\/before-and-after-teeth-whitening.jpg\",\"datePublished\":\"2018-02-10T07:22:57+00:00\",\"dateModified\":\"2024-12-18T09:18:24+00:00\",\"description\":\"Professional teeth whitening in Chicago. Midwest Family Dental will whiten your smile through treatment or take home whitening kits. Schedule an apt today!\",\"breadcrumb\":{\"@id\":\"https:\\\/\\\/midwestfamilydental.com\\\/chicago-dental-services\\\/cosmetic-dentistry-in-chicago-waukegan-il\\\/teeth-whitening-irving-park-waukegan-il\\\/#breadcrumb\"},\"inLanguage\":\"es\",\"potentialAction\":[{\"@type\":\"ReadAction\",\"target\":[\"https:\\\/\\\/midwestfamilydental.com\\\/chicago-dental-services\\\/cosmetic-dentistry-in-chicago-waukegan-il\\\/teeth-whitening-irving-park-waukegan-il\\\/\"]}]},{\"@type\":\"ImageObject\",\"inLanguage\":\"es\",\"@id\":\"https:\\\/\\\/midwestfamilydental.com\\\/chicago-dental-services\\\/cosmetic-dentistry-in-chicago-waukegan-il\\\/teeth-whitening-irving-park-waukegan-il\\\/#primaryimage\",\"url\":\"https:\\\/\\\/midwestfamilydental.com\\\/wp-content\\\/uploads\\\/2018\\\/02\\\/before-and-after-teeth-whitening.jpg\",\"contentUrl\":\"https:\\\/\\\/midwestfamilydental.com\\\/wp-content\\\/uploads\\\/2018\\\/02\\\/before-and-after-teeth-whitening.jpg\"},{\"@type\":\"BreadcrumbList\",\"@id\":\"https:\\\/\\\/midwestfamilydental.com\\\/chicago-dental-services\\\/cosmetic-dentistry-in-chicago-waukegan-il\\\/teeth-whitening-irving-park-waukegan-il\\\/#breadcrumb\",\"itemListElement\":[{\"@type\":\"ListItem\",\"position\":1,\"name\":\"Home\",\"item\":\"https:\\\/\\\/midwestfamilydental.com\\\/es\\\/\"},{\"@type\":\"ListItem\",\"position\":2,\"name\":\"Dental Services in Chicago &#038; Waukegan, IL\",\"item\":\"https:\\\/\\\/midwestfamilydental.com\\\/es\\\/chicago-dental-services\\\/\"},{\"@type\":\"ListItem\",\"position\":3,\"name\":\"Cosmetic Dentistry in Chicago &#038; Waukegan, IL\",\"item\":\"https:\\\/\\\/midwestfamilydental.com\\\/es\\\/chicago-dental-services\\\/cosmetic-dentistry-in-chicago-waukegan-il\\\/\"},{\"@type\":\"ListItem\",\"position\":4,\"name\":\"Professional Teeth Whitening in Chicago &#038; Waukegan, IL\"}]},{\"@type\":\"WebSite\",\"@id\":\"https:\\\/\\\/midwestfamilydental.com\\\/es\\\/#website\",\"url\":\"https:\\\/\\\/midwestfamilydental.com\\\/es\\\/\",\"name\":\"Midwest Family Dental\",\"description\":\"\",\"potentialAction\":[{\"@type\":\"SearchAction\",\"target\":{\"@type\":\"EntryPoint\",\"urlTemplate\":\"https:\\\/\\\/midwestfamilydental.com\\\/es\\\/?s={search_term_string}\"},\"query-input\":{\"@type\":\"PropertyValueSpecification\",\"valueRequired\":true,\"valueName\":\"search_term_string\"}}],\"inLanguage\":\"es\"}]}<\/script>\n<!-- \/ Yoast SEO plugin. -->","yoast_head_json":{"title":"Midwest Family Dental | Blanqueamiento dental profesional en Chicago y Waukegan, Illinois","description":"Blanqueamiento dental profesional en Chicago. Midwest Family Dental blanquear\u00e1 tu sonrisa con un tratamiento o kits de blanqueamiento para llevar a casa. \u00a1Agenda una cita hoy mismo!","robots":{"index":"index","follow":"follow","max-snippet":"max-snippet:-1","max-image-preview":"max-image-preview:large","max-video-preview":"max-video-preview:-1"},"canonical":"https:\/\/midwestfamilydental.com\/es\/chicago-dental-services\/cosmetic-dentistry-in-chicago-waukegan-il\/teeth-whitening-irving-park-waukegan-il\/","og_locale":"es_MX","og_type":"article","og_title":"Midwest Family Dental | Professional Teeth Whitening in Chicago & Waukegan, IL","og_description":"Professional teeth whitening in Chicago. Midwest Family Dental will whiten your smile through treatment or take home whitening kits. Schedule an apt today!","og_url":"https:\/\/midwestfamilydental.com\/es\/chicago-dental-services\/cosmetic-dentistry-in-chicago-waukegan-il\/teeth-whitening-irving-park-waukegan-il\/","og_site_name":"Midwest Family Dental","article_publisher":"https:\/\/www.facebook.com\/pages\/Midwest-Family-Dental\/499664453378699","article_modified_time":"2024-12-18T09:18:24+00:00","og_image":[{"width":379,"height":523,"url":"https:\/\/midwestfamilydental.com\/wp-content\/uploads\/2018\/02\/before-and-after-teeth-whitening.jpg","type":"image\/jpeg"}],"twitter_card":"summary_large_image","twitter_misc":{"Tiempo de lectura":"1 minuto"},"schema":{"@context":"https:\/\/schema.org","@graph":[{"@type":"WebPage","@id":"https:\/\/midwestfamilydental.com\/chicago-dental-services\/cosmetic-dentistry-in-chicago-waukegan-il\/teeth-whitening-irving-park-waukegan-il\/","url":"https:\/\/midwestfamilydental.com\/chicago-dental-services\/cosmetic-dentistry-in-chicago-waukegan-il\/teeth-whitening-irving-park-waukegan-il\/","name":"Midwest Family Dental | Blanqueamiento dental profesional en Chicago y Waukegan, Illinois","isPartOf":{"@id":"https:\/\/midwestfamilydental.com\/es\/#website"},"primaryImageOfPage":{"@id":"https:\/\/midwestfamilydental.com\/chicago-dental-services\/cosmetic-dentistry-in-chicago-waukegan-il\/teeth-whitening-irving-park-waukegan-il\/#primaryimage"},"image":{"@id":"https:\/\/midwestfamilydental.com\/chicago-dental-services\/cosmetic-dentistry-in-chicago-waukegan-il\/teeth-whitening-irving-park-waukegan-il\/#primaryimage"},"thumbnailUrl":"https:\/\/midwestfamilydental.com\/wp-content\/uploads\/2018\/02\/before-and-after-teeth-whitening.jpg","datePublished":"2018-02-10T07:22:57+00:00","dateModified":"2024-12-18T09:18:24+00:00","description":"Blanqueamiento dental profesional en Chicago. Midwest Family Dental blanquear\u00e1 tu sonrisa con un tratamiento o kits de blanqueamiento para llevar a casa. \u00a1Agenda una cita hoy mismo!","breadcrumb":{"@id":"https:\/\/midwestfamilydental.com\/chicago-dental-services\/cosmetic-dentistry-in-chicago-waukegan-il\/teeth-whitening-irving-park-waukegan-il\/#breadcrumb"},"inLanguage":"es","potentialAction":[{"@type":"ReadAction","target":["https:\/\/midwestfamilydental.com\/chicago-dental-services\/cosmetic-dentistry-in-chicago-waukegan-il\/teeth-whitening-irving-park-waukegan-il\/"]}]},{"@type":"ImageObject","inLanguage":"es","@id":"https:\/\/midwestfamilydental.com\/chicago-dental-services\/cosmetic-dentistry-in-chicago-waukegan-il\/teeth-whitening-irving-park-waukegan-il\/#primaryimage","url":"https:\/\/midwestfamilydental.com\/wp-content\/uploads\/2018\/02\/before-and-after-teeth-whitening.jpg","contentUrl":"https:\/\/midwestfamilydental.com\/wp-content\/uploads\/2018\/02\/before-and-after-teeth-whitening.jpg"},{"@type":"BreadcrumbList","@id":"https:\/\/midwestfamilydental.com\/chicago-dental-services\/cosmetic-dentistry-in-chicago-waukegan-il\/teeth-whitening-irving-park-waukegan-il\/#breadcrumb","itemListElement":[{"@type":"ListItem","position":1,"name":"Home","item":"https:\/\/midwestfamilydental.com\/es\/"},{"@type":"ListItem","position":2,"name":"Dental Services in Chicago &#038; Waukegan, IL","item":"https:\/\/midwestfamilydental.com\/es\/chicago-dental-services\/"},{"@type":"ListItem","position":3,"name":"Cosmetic Dentistry in Chicago &#038; Waukegan, IL","item":"https:\/\/midwestfamilydental.com\/es\/chicago-dental-services\/cosmetic-dentistry-in-chicago-waukegan-il\/"},{"@type":"ListItem","position":4,"name":"Professional Teeth Whitening in Chicago &#038; Waukegan, IL"}]},{"@type":"WebSite","@id":"https:\/\/midwestfamilydental.com\/es\/#website","url":"https:\/\/midwestfamilydental.com\/es\/","name":"Odontolog\u00eda familiar del medio oeste","description":"","potentialAction":[{"@type":"SearchAction","target":{"@type":"EntryPoint","urlTemplate":"https:\/\/midwestfamilydental.com\/es\/?s={search_term_string}"},"query-input":{"@type":"PropertyValueSpecification","valueRequired":true,"valueName":"search_term_string"}}],"inLanguage":"es"}]}},"_links":{"self":[{"href":"https:\/\/midwestfamilydental.com\/es\/wp-json\/wp\/v2\/pages\/371","targetHints":{"allow":["GET"]}}],"collection":[{"href":"https:\/\/midwestfamilydental.com\/es\/wp-json\/wp\/v2\/pages"}],"about":[{"href":"https:\/\/midwestfamilydental.com\/es\/wp-json\/wp\/v2\/types\/page"}],"author":[{"embeddable":true,"href":"https:\/\/midwestfamilydental.com\/es\/wp-json\/wp\/v2\/users\/4"}],"replies":[{"embeddable":true,"href":"https:\/\/midwestfamilydental.com\/es\/wp-json\/wp\/v2\/comments?post=371"}],"version-history":[{"count":13,"href":"https:\/\/midwestfamilydental.com\/es\/wp-json\/wp\/v2\/pages\/371\/revisions"}],"predecessor-version":[{"id":1552,"href":"https:\/\/midwestfamilydental.com\/es\/wp-json\/wp\/v2\/pages\/371\/revisions\/1552"}],"up":[{"embeddable":true,"href":"https:\/\/midwestfamilydental.com\/es\/wp-json\/wp\/v2\/pages\/105"}],"wp:attachment":[{"href":"https:\/\/midwestfamilydental.com\/es\/wp-json\/wp\/v2\/media?parent=371"}],"curies":[{"name":"gracias","href":"https:\/\/api.w.org\/{rel}","templated":true}]}}