{"id":364,"date":"2018-02-10T07:17:59","date_gmt":"2018-02-10T07:17:59","guid":{"rendered":"http:\/\/mwfd.rapidhealthcareshop.com\/?page_id=364"},"modified":"2018-09-28T01:46:32","modified_gmt":"2018-09-28T01:46:32","slug":"preventing-tooth-decay-cavities","status":"publish","type":"page","link":"https:\/\/midwestfamilydental.com\/es\/chicago-dental-services\/general-dentistry-in-chicago-waukegan-il\/preventing-tooth-decay-cavities\/","title":{"rendered":"Caries (caries)"},"content":{"rendered":"<div id=\"cs-content\" class=\"cs-content\"><\/div>","protected":false},"excerpt":{"rendered":"<p>Caries dental (cavidades) La caries dental es creada por bacterias en la boca. Cuando la bacteria encuentra una fuente de alimento como el az\u00facar, se produce un \u00e1cido que, con el tiempo y sin el mantenimiento adecuado, comienza a romper el diente. Esto da como resultado lo que se conoce como caries dental o lo que se conoce m\u00e1s com\u00fanmente como \u201ccavidad\u201d. Aunque no todas las \u201ccavidades\u201d\u2026 <a href=\"https:\/\/midwestfamilydental.com\/es\/chicago-dental-services\/general-dentistry-in-chicago-waukegan-il\/preventing-tooth-decay-cavities\/\" class=\"more-link\">Lee mas<\/a><\/p>","protected":false},"author":4,"featured_media":0,"parent":701,"menu_order":2,"comment_status":"closed","ping_status":"closed","template":"template-blank-1.php","meta":{"footnotes":""},"class_list":["post-364","page","type-page","status-publish","hentry","no-post-thumbnail"],"yoast_head":"<!-- This site is optimized with the Yoast SEO plugin v27.6 - https:\/\/yoast.com\/product\/yoast-seo-wordpress\/ -->\n<title>Midwest Family Dental | Preventing Tooth Decay Cavities<\/title>\n<meta name=\"description\" content=\"Midwest Family Dental does it&#039;s best to help you prevent tooth decay aka cavities. Learn more about tooth decay\/cavities&#039; stages to best prevent them.\" \/>\n<meta name=\"robots\" content=\"index, follow, max-snippet:-1, max-image-preview:large, max-video-preview:-1\" \/>\n<link rel=\"canonical\" href=\"https:\/\/midwestfamilydental.com\/es\/chicago-dental-services\/general-dentistry-in-chicago-waukegan-il\/preventing-tooth-decay-cavities\/\" \/>\n<meta property=\"og:locale\" content=\"es_MX\" \/>\n<meta property=\"og:type\" content=\"article\" \/>\n<meta property=\"og:title\" content=\"Midwest Family Dental | Preventing Tooth Decay Cavities\" \/>\n<meta property=\"og:description\" content=\"Midwest Family Dental does it&#039;s best to help you prevent tooth decay aka cavities. Learn more about tooth decay\/cavities&#039; stages to best prevent them.\" \/>\n<meta property=\"og:url\" content=\"https:\/\/midwestfamilydental.com\/es\/chicago-dental-services\/general-dentistry-in-chicago-waukegan-il\/preventing-tooth-decay-cavities\/\" \/>\n<meta property=\"og:site_name\" content=\"Midwest Family Dental\" \/>\n<meta property=\"article:publisher\" content=\"https:\/\/www.facebook.com\/pages\/Midwest-Family-Dental\/499664453378699\" \/>\n<meta property=\"article:modified_time\" content=\"2018-09-28T01:46:32+00:00\" \/>\n<meta property=\"og:image\" content=\"https:\/\/midwestfamilydental.com\/wp\/wp-content\/uploads\/2018\/02\/Stages_of_Tooth_Decay-300x2951.png\" \/>\n<meta name=\"twitter:card\" content=\"summary_large_image\" \/>\n<meta name=\"twitter:label1\" content=\"Tiempo de lectura\" \/>\n\t<meta name=\"twitter:data1\" content=\"1 minuto\" \/>\n<script type=\"application\/ld+json\" class=\"yoast-schema-graph\">{\"@context\":\"https:\\\/\\\/schema.org\",\"@graph\":[{\"@type\":\"WebPage\",\"@id\":\"https:\\\/\\\/midwestfamilydental.com\\\/es\\\/chicago-dental-services\\\/general-dentistry-in-chicago-waukegan-il\\\/preventing-tooth-decay-cavities\\\/\",\"url\":\"https:\\\/\\\/midwestfamilydental.com\\\/es\\\/chicago-dental-services\\\/general-dentistry-in-chicago-waukegan-il\\\/preventing-tooth-decay-cavities\\\/\",\"name\":\"Midwest Family Dental | Preventing Tooth Decay Cavities\",\"isPartOf\":{\"@id\":\"https:\\\/\\\/midwestfamilydental.com\\\/es\\\/#website\"},\"datePublished\":\"2018-02-10T07:17:59+00:00\",\"dateModified\":\"2018-09-28T01:46:32+00:00\",\"description\":\"Midwest Family Dental does it's best to help you prevent tooth decay aka cavities. Learn more about tooth decay\\\/cavities' stages to best prevent them.\",\"breadcrumb\":{\"@id\":\"https:\\\/\\\/midwestfamilydental.com\\\/es\\\/chicago-dental-services\\\/general-dentistry-in-chicago-waukegan-il\\\/preventing-tooth-decay-cavities\\\/#breadcrumb\"},\"inLanguage\":\"es\",\"potentialAction\":[{\"@type\":\"ReadAction\",\"target\":[\"https:\\\/\\\/midwestfamilydental.com\\\/es\\\/chicago-dental-services\\\/general-dentistry-in-chicago-waukegan-il\\\/preventing-tooth-decay-cavities\\\/\"]}]},{\"@type\":\"BreadcrumbList\",\"@id\":\"https:\\\/\\\/midwestfamilydental.com\\\/es\\\/chicago-dental-services\\\/general-dentistry-in-chicago-waukegan-il\\\/preventing-tooth-decay-cavities\\\/#breadcrumb\",\"itemListElement\":[{\"@type\":\"ListItem\",\"position\":1,\"name\":\"Home\",\"item\":\"https:\\\/\\\/midwestfamilydental.com\\\/es\\\/\"},{\"@type\":\"ListItem\",\"position\":2,\"name\":\"Dental Services in Chicago &#038; Waukegan, IL\",\"item\":\"https:\\\/\\\/midwestfamilydental.com\\\/es\\\/chicago-dental-services\\\/\"},{\"@type\":\"ListItem\",\"position\":3,\"name\":\"General Dentistry in Chicago &#038; Waukegan, IL\",\"item\":\"https:\\\/\\\/midwestfamilydental.com\\\/es\\\/chicago-dental-services\\\/general-dentistry-in-chicago-waukegan-il\\\/\"},{\"@type\":\"ListItem\",\"position\":4,\"name\":\"Tooth Decay (Cavities)\"}]},{\"@type\":\"WebSite\",\"@id\":\"https:\\\/\\\/midwestfamilydental.com\\\/es\\\/#website\",\"url\":\"https:\\\/\\\/midwestfamilydental.com\\\/es\\\/\",\"name\":\"Midwest Family Dental\",\"description\":\"\",\"potentialAction\":[{\"@type\":\"SearchAction\",\"target\":{\"@type\":\"EntryPoint\",\"urlTemplate\":\"https:\\\/\\\/midwestfamilydental.com\\\/es\\\/?s={search_term_string}\"},\"query-input\":{\"@type\":\"PropertyValueSpecification\",\"valueRequired\":true,\"valueName\":\"search_term_string\"}}],\"inLanguage\":\"es\"}]}<\/script>\n<!-- \/ Yoast SEO plugin. -->","yoast_head_json":{"title":"Odontolog\u00eda Familiar del Medio Oeste | Prevenci\u00f3n de la caries dental","description":"En Midwest Family Dental nos esforzamos por ayudarle a prevenir las caries. Inf\u00f3rmese sobre las etapas de la caries para prevenirlas.","robots":{"index":"index","follow":"follow","max-snippet":"max-snippet:-1","max-image-preview":"max-image-preview:large","max-video-preview":"max-video-preview:-1"},"canonical":"https:\/\/midwestfamilydental.com\/es\/chicago-dental-services\/general-dentistry-in-chicago-waukegan-il\/preventing-tooth-decay-cavities\/","og_locale":"es_MX","og_type":"article","og_title":"Midwest Family Dental | Preventing Tooth Decay Cavities","og_description":"Midwest Family Dental does it's best to help you prevent tooth decay aka cavities. Learn more about tooth decay\/cavities' stages to best prevent them.","og_url":"https:\/\/midwestfamilydental.com\/es\/chicago-dental-services\/general-dentistry-in-chicago-waukegan-il\/preventing-tooth-decay-cavities\/","og_site_name":"Midwest Family Dental","article_publisher":"https:\/\/www.facebook.com\/pages\/Midwest-Family-Dental\/499664453378699","article_modified_time":"2018-09-28T01:46:32+00:00","og_image":[{"url":"https:\/\/midwestfamilydental.com\/wp\/wp-content\/uploads\/2018\/02\/Stages_of_Tooth_Decay-300x2951.png","type":"","width":"","height":""}],"twitter_card":"summary_large_image","twitter_misc":{"Tiempo de lectura":"1 minuto"},"schema":{"@context":"https:\/\/schema.org","@graph":[{"@type":"WebPage","@id":"https:\/\/midwestfamilydental.com\/es\/chicago-dental-services\/general-dentistry-in-chicago-waukegan-il\/preventing-tooth-decay-cavities\/","url":"https:\/\/midwestfamilydental.com\/es\/chicago-dental-services\/general-dentistry-in-chicago-waukegan-il\/preventing-tooth-decay-cavities\/","name":"Odontolog\u00eda Familiar del Medio Oeste | Prevenci\u00f3n de la caries dental","isPartOf":{"@id":"https:\/\/midwestfamilydental.com\/es\/#website"},"datePublished":"2018-02-10T07:17:59+00:00","dateModified":"2018-09-28T01:46:32+00:00","description":"En Midwest Family Dental nos esforzamos por ayudarle a prevenir las caries. Inf\u00f3rmese sobre las etapas de la caries para prevenirlas.","breadcrumb":{"@id":"https:\/\/midwestfamilydental.com\/es\/chicago-dental-services\/general-dentistry-in-chicago-waukegan-il\/preventing-tooth-decay-cavities\/#breadcrumb"},"inLanguage":"es","potentialAction":[{"@type":"ReadAction","target":["https:\/\/midwestfamilydental.com\/es\/chicago-dental-services\/general-dentistry-in-chicago-waukegan-il\/preventing-tooth-decay-cavities\/"]}]},{"@type":"BreadcrumbList","@id":"https:\/\/midwestfamilydental.com\/es\/chicago-dental-services\/general-dentistry-in-chicago-waukegan-il\/preventing-tooth-decay-cavities\/#breadcrumb","itemListElement":[{"@type":"ListItem","position":1,"name":"Home","item":"https:\/\/midwestfamilydental.com\/es\/"},{"@type":"ListItem","position":2,"name":"Dental Services in Chicago &#038; Waukegan, IL","item":"https:\/\/midwestfamilydental.com\/es\/chicago-dental-services\/"},{"@type":"ListItem","position":3,"name":"General Dentistry in Chicago &#038; Waukegan, IL","item":"https:\/\/midwestfamilydental.com\/es\/chicago-dental-services\/general-dentistry-in-chicago-waukegan-il\/"},{"@type":"ListItem","position":4,"name":"Tooth Decay (Cavities)"}]},{"@type":"WebSite","@id":"https:\/\/midwestfamilydental.com\/es\/#website","url":"https:\/\/midwestfamilydental.com\/es\/","name":"Odontolog\u00eda familiar del medio oeste","description":"","potentialAction":[{"@type":"SearchAction","target":{"@type":"EntryPoint","urlTemplate":"https:\/\/midwestfamilydental.com\/es\/?s={search_term_string}"},"query-input":{"@type":"PropertyValueSpecification","valueRequired":true,"valueName":"search_term_string"}}],"inLanguage":"es"}]}},"_links":{"self":[{"href":"https:\/\/midwestfamilydental.com\/es\/wp-json\/wp\/v2\/pages\/364","targetHints":{"allow":["GET"]}}],"collection":[{"href":"https:\/\/midwestfamilydental.com\/es\/wp-json\/wp\/v2\/pages"}],"about":[{"href":"https:\/\/midwestfamilydental.com\/es\/wp-json\/wp\/v2\/types\/page"}],"author":[{"embeddable":true,"href":"https:\/\/midwestfamilydental.com\/es\/wp-json\/wp\/v2\/users\/4"}],"replies":[{"embeddable":true,"href":"https:\/\/midwestfamilydental.com\/es\/wp-json\/wp\/v2\/comments?post=364"}],"version-history":[{"count":6,"href":"https:\/\/midwestfamilydental.com\/es\/wp-json\/wp\/v2\/pages\/364\/revisions"}],"predecessor-version":[{"id":804,"href":"https:\/\/midwestfamilydental.com\/es\/wp-json\/wp\/v2\/pages\/364\/revisions\/804"}],"up":[{"embeddable":true,"href":"https:\/\/midwestfamilydental.com\/es\/wp-json\/wp\/v2\/pages\/701"}],"wp:attachment":[{"href":"https:\/\/midwestfamilydental.com\/es\/wp-json\/wp\/v2\/media?parent=364"}],"curies":[{"name":"gracias","href":"https:\/\/api.w.org\/{rel}","templated":true}]}}