{"id":362,"date":"2018-02-10T06:48:51","date_gmt":"2018-02-10T06:48:51","guid":{"rendered":"http:\/\/mwfd.rapidhealthcareshop.com\/?page_id=362"},"modified":"2020-08-06T01:22:22","modified_gmt":"2020-08-06T01:22:22","slug":"chicago-dental-services","status":"publish","type":"page","link":"https:\/\/midwestfamilydental.com\/es\/chicago-dental-services\/","title":{"rendered":"Servicios dentales en Chicago y Waukegan, IL"},"content":{"rendered":"<p style=\"text-align: center;\">Ofrecemos una variedad de servicios est\u00e1ndar y especializados en servicios de salud dental:<\/p>\n<h2 style=\"text-align: center;\"><strong><a title=\"Tratamiento dental general\" href=\"https:\/\/midwestfamilydental.com\/es\/chicago-dental-services\/general-dentistry-in-chicago-waukegan-il\/\">Tratamiento dental general<\/a><br \/>\n<\/strong><strong><a title=\"Odontolog\u00eda cosmetica\" href=\"https:\/\/midwestfamilydental.com\/es\/chicago-dental-services\/cosmetic-dentistry-in-chicago-waukegan-il\/\">Odontolog\u00eda cosmetica<\/a><br \/>\n<\/strong><strong><a title=\"Odontolog\u00eda Preventiva\" href=\"https:\/\/midwestfamilydental.com\/es\/chicago-dental-services\/preventive-dentistry\/\">Odontolog\u00eda Preventiva<\/a><\/strong><br \/>\n<strong><a title=\"Odontolog\u00eda de emergencia\" href=\"https:\/\/midwestfamilydental.com\/es\/chicago-dental-services\/emergency-dental-care\/\">Odontolog\u00eda de emergencia<\/a><\/strong><br \/>\n<strong><a title=\"Comodidad del paciente\" href=\"https:\/\/midwestfamilydental.com\/es\/chicago-dental-services\/patient-comfort\/\">Comodidad del paciente<\/a><\/strong><\/h2>","protected":false},"excerpt":{"rendered":"<p>Ofrecemos una variedad de servicios est\u00e1ndar y especializados en servicios de salud dental: Tratamiento Dental General Odontolog\u00eda Est\u00e9tica Odontolog\u00eda Preventiva Odontolog\u00eda de Emergencia Comodidad del Paciente<\/p>","protected":false},"author":4,"featured_media":0,"parent":0,"menu_order":6,"comment_status":"closed","ping_status":"closed","template":"template-blank-1.php","meta":{"footnotes":""},"class_list":["post-362","page","type-page","status-publish","hentry","no-post-thumbnail"],"yoast_head":"<!-- This site is optimized with the Yoast SEO plugin v27.5 - https:\/\/yoast.com\/product\/yoast-seo-wordpress\/ -->\n<title>Midwest Family Dental | Chicago and Waukegan, IL Dental Services<\/title>\n<meta name=\"description\" content=\"Our expert dentists in Chicago &amp; Waukegan, IL offer a wide variety of dental services with advanced dental technology across general dental treatment, cosmetic dentistry, preventive dentistry, and emergency dentistry. Learn more about our approach today!\" \/>\n<meta name=\"robots\" content=\"index, follow, max-snippet:-1, max-image-preview:large, max-video-preview:-1\" \/>\n<link rel=\"canonical\" href=\"https:\/\/midwestfamilydental.com\/es\/chicago-dental-services\/\" \/>\n<meta property=\"og:locale\" content=\"es_MX\" \/>\n<meta property=\"og:type\" content=\"article\" \/>\n<meta property=\"og:title\" content=\"Midwest Family Dental | Chicago and Waukegan, IL Dental Services\" \/>\n<meta property=\"og:description\" content=\"Our expert dentists in Chicago &amp; Waukegan, IL offer a wide variety of dental services with advanced dental technology across general dental treatment, cosmetic dentistry, preventive dentistry, and emergency dentistry. Learn more about our approach today!\" \/>\n<meta property=\"og:url\" content=\"https:\/\/midwestfamilydental.com\/es\/chicago-dental-services\/\" \/>\n<meta property=\"og:site_name\" content=\"Midwest Family Dental\" \/>\n<meta property=\"article:publisher\" content=\"https:\/\/www.facebook.com\/pages\/Midwest-Family-Dental\/499664453378699\" \/>\n<meta property=\"article:modified_time\" content=\"2020-08-06T01:22:22+00:00\" \/>\n<meta name=\"twitter:card\" content=\"summary_large_image\" \/>\n<script type=\"application\/ld+json\" class=\"yoast-schema-graph\">{\"@context\":\"https:\\\/\\\/schema.org\",\"@graph\":[{\"@type\":\"WebPage\",\"@id\":\"https:\\\/\\\/midwestfamilydental.com\\\/es\\\/chicago-dental-services\\\/\",\"url\":\"https:\\\/\\\/midwestfamilydental.com\\\/es\\\/chicago-dental-services\\\/\",\"name\":\"Midwest Family Dental | Chicago and Waukegan, IL Dental Services\",\"isPartOf\":{\"@id\":\"https:\\\/\\\/midwestfamilydental.com\\\/es\\\/#website\"},\"datePublished\":\"2018-02-10T06:48:51+00:00\",\"dateModified\":\"2020-08-06T01:22:22+00:00\",\"description\":\"Our expert dentists in Chicago & Waukegan, IL offer a wide variety of dental services with advanced dental technology across general dental treatment, cosmetic dentistry, preventive dentistry, and emergency dentistry. Learn more about our approach today!\",\"breadcrumb\":{\"@id\":\"https:\\\/\\\/midwestfamilydental.com\\\/es\\\/chicago-dental-services\\\/#breadcrumb\"},\"inLanguage\":\"es\",\"potentialAction\":[{\"@type\":\"ReadAction\",\"target\":[\"https:\\\/\\\/midwestfamilydental.com\\\/es\\\/chicago-dental-services\\\/\"]}]},{\"@type\":\"BreadcrumbList\",\"@id\":\"https:\\\/\\\/midwestfamilydental.com\\\/es\\\/chicago-dental-services\\\/#breadcrumb\",\"itemListElement\":[{\"@type\":\"ListItem\",\"position\":1,\"name\":\"Home\",\"item\":\"https:\\\/\\\/midwestfamilydental.com\\\/es\\\/\"},{\"@type\":\"ListItem\",\"position\":2,\"name\":\"Dental Services in Chicago &#038; Waukegan, IL\"}]},{\"@type\":\"WebSite\",\"@id\":\"https:\\\/\\\/midwestfamilydental.com\\\/es\\\/#website\",\"url\":\"https:\\\/\\\/midwestfamilydental.com\\\/es\\\/\",\"name\":\"Midwest Family Dental\",\"description\":\"\",\"potentialAction\":[{\"@type\":\"SearchAction\",\"target\":{\"@type\":\"EntryPoint\",\"urlTemplate\":\"https:\\\/\\\/midwestfamilydental.com\\\/es\\\/?s={search_term_string}\"},\"query-input\":{\"@type\":\"PropertyValueSpecification\",\"valueRequired\":true,\"valueName\":\"search_term_string\"}}],\"inLanguage\":\"es\"}]}<\/script>\n<!-- \/ Yoast SEO plugin. -->","yoast_head_json":{"title":"Servicios dentales de Midwest Family Dental | Chicago y Waukegan, IL","description":"Nuestros dentistas expertos en Chicago y Waukegan, Illinois, ofrecen una amplia variedad de servicios dentales con tecnolog\u00eda avanzada, que abarcan desde odontolog\u00eda general hasta odontolog\u00eda cosm\u00e9tica, odontolog\u00eda preventiva y odontolog\u00eda de emergencia. \u00a1Conozca m\u00e1s sobre nuestro enfoque hoy mismo!","robots":{"index":"index","follow":"follow","max-snippet":"max-snippet:-1","max-image-preview":"max-image-preview:large","max-video-preview":"max-video-preview:-1"},"canonical":"https:\/\/midwestfamilydental.com\/es\/chicago-dental-services\/","og_locale":"es_MX","og_type":"article","og_title":"Midwest Family Dental | Chicago and Waukegan, IL Dental Services","og_description":"Our expert dentists in Chicago & Waukegan, IL offer a wide variety of dental services with advanced dental technology across general dental treatment, cosmetic dentistry, preventive dentistry, and emergency dentistry. Learn more about our approach today!","og_url":"https:\/\/midwestfamilydental.com\/es\/chicago-dental-services\/","og_site_name":"Midwest Family Dental","article_publisher":"https:\/\/www.facebook.com\/pages\/Midwest-Family-Dental\/499664453378699","article_modified_time":"2020-08-06T01:22:22+00:00","twitter_card":"summary_large_image","schema":{"@context":"https:\/\/schema.org","@graph":[{"@type":"WebPage","@id":"https:\/\/midwestfamilydental.com\/es\/chicago-dental-services\/","url":"https:\/\/midwestfamilydental.com\/es\/chicago-dental-services\/","name":"Servicios dentales de Midwest Family Dental | Chicago y Waukegan, IL","isPartOf":{"@id":"https:\/\/midwestfamilydental.com\/es\/#website"},"datePublished":"2018-02-10T06:48:51+00:00","dateModified":"2020-08-06T01:22:22+00:00","description":"Nuestros dentistas expertos en Chicago y Waukegan, Illinois, ofrecen una amplia variedad de servicios dentales con tecnolog\u00eda avanzada, que abarcan desde odontolog\u00eda general hasta odontolog\u00eda cosm\u00e9tica, odontolog\u00eda preventiva y odontolog\u00eda de emergencia. \u00a1Conozca m\u00e1s sobre nuestro enfoque hoy mismo!","breadcrumb":{"@id":"https:\/\/midwestfamilydental.com\/es\/chicago-dental-services\/#breadcrumb"},"inLanguage":"es","potentialAction":[{"@type":"ReadAction","target":["https:\/\/midwestfamilydental.com\/es\/chicago-dental-services\/"]}]},{"@type":"BreadcrumbList","@id":"https:\/\/midwestfamilydental.com\/es\/chicago-dental-services\/#breadcrumb","itemListElement":[{"@type":"ListItem","position":1,"name":"Home","item":"https:\/\/midwestfamilydental.com\/es\/"},{"@type":"ListItem","position":2,"name":"Dental Services in Chicago &#038; Waukegan, IL"}]},{"@type":"WebSite","@id":"https:\/\/midwestfamilydental.com\/es\/#website","url":"https:\/\/midwestfamilydental.com\/es\/","name":"Odontolog\u00eda familiar del medio oeste","description":"","potentialAction":[{"@type":"SearchAction","target":{"@type":"EntryPoint","urlTemplate":"https:\/\/midwestfamilydental.com\/es\/?s={search_term_string}"},"query-input":{"@type":"PropertyValueSpecification","valueRequired":true,"valueName":"search_term_string"}}],"inLanguage":"es"}]}},"_links":{"self":[{"href":"https:\/\/midwestfamilydental.com\/es\/wp-json\/wp\/v2\/pages\/362","targetHints":{"allow":["GET"]}}],"collection":[{"href":"https:\/\/midwestfamilydental.com\/es\/wp-json\/wp\/v2\/pages"}],"about":[{"href":"https:\/\/midwestfamilydental.com\/es\/wp-json\/wp\/v2\/types\/page"}],"author":[{"embeddable":true,"href":"https:\/\/midwestfamilydental.com\/es\/wp-json\/wp\/v2\/users\/4"}],"replies":[{"embeddable":true,"href":"https:\/\/midwestfamilydental.com\/es\/wp-json\/wp\/v2\/comments?post=362"}],"version-history":[{"count":5,"href":"https:\/\/midwestfamilydental.com\/es\/wp-json\/wp\/v2\/pages\/362\/revisions"}],"predecessor-version":[{"id":872,"href":"https:\/\/midwestfamilydental.com\/es\/wp-json\/wp\/v2\/pages\/362\/revisions\/872"}],"wp:attachment":[{"href":"https:\/\/midwestfamilydental.com\/es\/wp-json\/wp\/v2\/media?parent=362"}],"curies":[{"name":"gracias","href":"https:\/\/api.w.org\/{rel}","templated":true}]}}