{"id":196,"date":"2017-12-12T16:02:39","date_gmt":"2017-12-12T16:02:39","guid":{"rendered":"http:\/\/mwfd.rapidhealthcareshop.com\/?page_id=196"},"modified":"2025-02-23T15:18:25","modified_gmt":"2025-02-23T15:18:25","slug":"dr-randy-chang-dds","status":"publish","type":"page","link":"https:\/\/midwestfamilydental.com\/es\/meet-our-friendly-dentists\/dr-randy-chang-dds\/","title":{"rendered":"Dr. Randy Chang, DDS"},"content":{"rendered":"<div id=\"cs-content\" class=\"cs-content\"><div class=\"x-section e196-e1 m5g-0\"><div class=\"x-container max width e196-e2 m5g-1\"><div class=\"x-column x-sm x-1-3 e196-e3 m5g-2\"><img decoding=\"async\"  class=\"x-img x-img-none\" style=\"width: 100%;\" src=\"https:\/\/midwestfamilydental.com\/wp-content\/uploads\/2025\/02\/Dr-Randy-Chang-DDS-scaled.jpeg\" ><\/div><div class=\"x-column x-sm x-2-3 e196-e5 m5g-2\"><div id=\"\" class=\"x-text\" style=\"\" ><h4 style=\"margin-top: 0;\">Dr. Randy Chang, DDS<\/h4>\n<p>Dr. Randy Chang, DDS obtuvo su Licenciatura en Ciencias (Biolog\u00eda) de la Universidad de Illinois en Urbana-Champaign. En 2001, obtuvo su t\u00edtulo de Doctor en Cirug\u00eda Dental del Centro de Ciencias de la Salud de la Universidad de Tennessee. Al graduarse de la Facultad de Odontolog\u00eda, fue una transici\u00f3n natural para el Dr. Chang regresar a casa para comenzar su carrera en el \u00e1rea de Chicago. Trabaj\u00f3 para dos consultorios odontol\u00f3gicos grupales obteniendo una valiosa experiencia antes de abrir su primera cl\u00ednica en 2004. El Dr. Chang ahora posee y opera ocho cl\u00ednicas odontol\u00f3gicas en el \u00e1rea de Chicago. Constantemente asiste a numerosos cursos de educaci\u00f3n continua que le permiten mantenerse al d\u00eda con todos los avances en Odontolog\u00eda. M\u00e1s importante a\u00fan, el Dr. Chang siempre trata de empatizar con sus pacientes y disfruta el hecho de que la odontolog\u00eda le brinda la oportunidad de ayudar a las personas. Est\u00e1 certificado por la junta y tiene licencia para practicar Odontolog\u00eda en Illinois, California y Tennessee. El Dr. Chang es miembro de la Chicago Dental Society, la Illinois State Dental Society y la American Dental Association.<\/p>\n<\/div><a class=\"x-anchor x-anchor-button has-particle e196-e7 m5g-3\" tabindex=\"0\" href=\"\/es\/schedule-an-appointment\/\" target=\"_blank\" rel=\"noopener noreferrer\"><span class=\"x-particle is-primary\" data-x-particle=\"scale-x inside-c_c\" aria-hidden=\"true\"><span style=\"\"><\/span><\/span><div class=\"x-anchor-content\"><div class=\"x-anchor-text\"><span class=\"x-anchor-text-primary\">Programe una consulta dental<\/span><\/div><\/div><\/a><\/div><\/div><\/div><\/div>","protected":false},"excerpt":{"rendered":"<p>Dr. Randy Chang, DDS El Dr. Randy Chang, DDS obtuvo su Licenciatura en Ciencias (Biolog\u00eda) de la Universidad de Illinois en Urbana-Champaign. En 2001, obtuvo su Doctorado en Cirug\u00eda Dental en el Centro de Ciencias de la Salud de la Universidad de Tennessee. Al graduarse de la Escuela de Odontolog\u00eda, fue una transici\u00f3n natural para el Dr. Chang regresar a casa para comenzar su carrera... <a href=\"https:\/\/midwestfamilydental.com\/es\/meet-our-friendly-dentists\/dr-randy-chang-dds\/\" class=\"more-link\">Lee mas<\/a><\/p>","protected":false},"author":4,"featured_media":0,"parent":135,"menu_order":1,"comment_status":"closed","ping_status":"closed","template":"template-blank-1.php","meta":{"footnotes":""},"class_list":["post-196","page","type-page","status-publish","hentry","no-post-thumbnail"],"yoast_head":"<!-- This site is optimized with the Yoast SEO plugin v27.5 - https:\/\/yoast.com\/product\/yoast-seo-wordpress\/ -->\n<title>Midwest Family Dental | Dr. Randy Chang, DDS<\/title>\n<meta name=\"description\" content=\"Dr. Randy Chang, DDS, is a dentist in Chicago and Waukegan, IL who offers services in general and cosmetic dentistry, teeth whitening, and dental implants.\" \/>\n<meta name=\"robots\" content=\"index, follow, max-snippet:-1, max-image-preview:large, max-video-preview:-1\" \/>\n<link rel=\"canonical\" href=\"https:\/\/midwestfamilydental.com\/es\/meet-our-friendly-dentists\/dr-randy-chang-dds\/\" \/>\n<meta property=\"og:locale\" content=\"es_MX\" \/>\n<meta property=\"og:type\" content=\"article\" \/>\n<meta property=\"og:title\" content=\"Midwest Family Dental | Dr. Randy Chang, DDS\" \/>\n<meta property=\"og:description\" content=\"Dr. Randy Chang, DDS, is a dentist in Chicago and Waukegan, IL who offers services in general and cosmetic dentistry, teeth whitening, and dental implants.\" \/>\n<meta property=\"og:url\" content=\"https:\/\/midwestfamilydental.com\/es\/meet-our-friendly-dentists\/dr-randy-chang-dds\/\" \/>\n<meta property=\"og:site_name\" content=\"Midwest Family Dental\" \/>\n<meta property=\"article:publisher\" content=\"https:\/\/www.facebook.com\/pages\/Midwest-Family-Dental\/499664453378699\" \/>\n<meta property=\"article:modified_time\" content=\"2025-02-23T15:18:25+00:00\" \/>\n<meta name=\"twitter:card\" content=\"summary_large_image\" \/>\n<meta name=\"twitter:label1\" content=\"Tiempo de lectura\" \/>\n\t<meta name=\"twitter:data1\" content=\"1 minuto\" \/>\n<script type=\"application\/ld+json\" class=\"yoast-schema-graph\">{\"@context\":\"https:\\\/\\\/schema.org\",\"@graph\":[{\"@type\":\"WebPage\",\"@id\":\"https:\\\/\\\/midwestfamilydental.com\\\/meet-our-friendly-dentists\\\/dr-randy-chang-dds\\\/\",\"url\":\"https:\\\/\\\/midwestfamilydental.com\\\/meet-our-friendly-dentists\\\/dr-randy-chang-dds\\\/\",\"name\":\"Midwest Family Dental | Dr. Randy Chang, DDS\",\"isPartOf\":{\"@id\":\"https:\\\/\\\/midwestfamilydental.com\\\/es\\\/#website\"},\"datePublished\":\"2017-12-12T16:02:39+00:00\",\"dateModified\":\"2025-02-23T15:18:25+00:00\",\"description\":\"Dr. Randy Chang, DDS, is a dentist in Chicago and Waukegan, IL who offers services in general and cosmetic dentistry, teeth whitening, and dental implants.\",\"breadcrumb\":{\"@id\":\"https:\\\/\\\/midwestfamilydental.com\\\/meet-our-friendly-dentists\\\/dr-randy-chang-dds\\\/#breadcrumb\"},\"inLanguage\":\"es\",\"potentialAction\":[{\"@type\":\"ReadAction\",\"target\":[\"https:\\\/\\\/midwestfamilydental.com\\\/meet-our-friendly-dentists\\\/dr-randy-chang-dds\\\/\"]}]},{\"@type\":\"BreadcrumbList\",\"@id\":\"https:\\\/\\\/midwestfamilydental.com\\\/meet-our-friendly-dentists\\\/dr-randy-chang-dds\\\/#breadcrumb\",\"itemListElement\":[{\"@type\":\"ListItem\",\"position\":1,\"name\":\"Home\",\"item\":\"https:\\\/\\\/midwestfamilydental.com\\\/es\\\/\"},{\"@type\":\"ListItem\",\"position\":2,\"name\":\"Meet our Dentists\",\"item\":\"https:\\\/\\\/midwestfamilydental.com\\\/meet-our-friendly-dentists\\\/\"},{\"@type\":\"ListItem\",\"position\":3,\"name\":\"Dr. Randy Chang, DDS\"}]},{\"@type\":\"WebSite\",\"@id\":\"https:\\\/\\\/midwestfamilydental.com\\\/es\\\/#website\",\"url\":\"https:\\\/\\\/midwestfamilydental.com\\\/es\\\/\",\"name\":\"Midwest Family Dental\",\"description\":\"\",\"potentialAction\":[{\"@type\":\"SearchAction\",\"target\":{\"@type\":\"EntryPoint\",\"urlTemplate\":\"https:\\\/\\\/midwestfamilydental.com\\\/es\\\/?s={search_term_string}\"},\"query-input\":{\"@type\":\"PropertyValueSpecification\",\"valueRequired\":true,\"valueName\":\"search_term_string\"}}],\"inLanguage\":\"es\"}]}<\/script>\n<!-- \/ Yoast SEO plugin. -->","yoast_head_json":{"title":"Odontolog\u00eda Familiar del Medio Oeste | Dr. Randy Chang, DDS","description":"El Dr. Randy Chang, DDS, es un dentista en Chicago y Waukegan, IL que ofrece servicios de odontolog\u00eda general y cosm\u00e9tica, blanqueamiento dental e implantes dentales.","robots":{"index":"index","follow":"follow","max-snippet":"max-snippet:-1","max-image-preview":"max-image-preview:large","max-video-preview":"max-video-preview:-1"},"canonical":"https:\/\/midwestfamilydental.com\/es\/meet-our-friendly-dentists\/dr-randy-chang-dds\/","og_locale":"es_MX","og_type":"article","og_title":"Midwest Family Dental | Dr. Randy Chang, DDS","og_description":"Dr. Randy Chang, DDS, is a dentist in Chicago and Waukegan, IL who offers services in general and cosmetic dentistry, teeth whitening, and dental implants.","og_url":"https:\/\/midwestfamilydental.com\/es\/meet-our-friendly-dentists\/dr-randy-chang-dds\/","og_site_name":"Midwest Family Dental","article_publisher":"https:\/\/www.facebook.com\/pages\/Midwest-Family-Dental\/499664453378699","article_modified_time":"2025-02-23T15:18:25+00:00","twitter_card":"summary_large_image","twitter_misc":{"Tiempo de lectura":"1 minuto"},"schema":{"@context":"https:\/\/schema.org","@graph":[{"@type":"WebPage","@id":"https:\/\/midwestfamilydental.com\/meet-our-friendly-dentists\/dr-randy-chang-dds\/","url":"https:\/\/midwestfamilydental.com\/meet-our-friendly-dentists\/dr-randy-chang-dds\/","name":"Odontolog\u00eda Familiar del Medio Oeste | Dr. Randy Chang, DDS","isPartOf":{"@id":"https:\/\/midwestfamilydental.com\/es\/#website"},"datePublished":"2017-12-12T16:02:39+00:00","dateModified":"2025-02-23T15:18:25+00:00","description":"El Dr. Randy Chang, DDS, es un dentista en Chicago y Waukegan, IL que ofrece servicios de odontolog\u00eda general y cosm\u00e9tica, blanqueamiento dental e implantes dentales.","breadcrumb":{"@id":"https:\/\/midwestfamilydental.com\/meet-our-friendly-dentists\/dr-randy-chang-dds\/#breadcrumb"},"inLanguage":"es","potentialAction":[{"@type":"ReadAction","target":["https:\/\/midwestfamilydental.com\/meet-our-friendly-dentists\/dr-randy-chang-dds\/"]}]},{"@type":"BreadcrumbList","@id":"https:\/\/midwestfamilydental.com\/meet-our-friendly-dentists\/dr-randy-chang-dds\/#breadcrumb","itemListElement":[{"@type":"ListItem","position":1,"name":"Home","item":"https:\/\/midwestfamilydental.com\/es\/"},{"@type":"ListItem","position":2,"name":"Meet our Dentists","item":"https:\/\/midwestfamilydental.com\/meet-our-friendly-dentists\/"},{"@type":"ListItem","position":3,"name":"Dr. Randy Chang, DDS"}]},{"@type":"WebSite","@id":"https:\/\/midwestfamilydental.com\/es\/#website","url":"https:\/\/midwestfamilydental.com\/es\/","name":"Odontolog\u00eda familiar del medio oeste","description":"","potentialAction":[{"@type":"SearchAction","target":{"@type":"EntryPoint","urlTemplate":"https:\/\/midwestfamilydental.com\/es\/?s={search_term_string}"},"query-input":{"@type":"PropertyValueSpecification","valueRequired":true,"valueName":"search_term_string"}}],"inLanguage":"es"}]}},"_links":{"self":[{"href":"https:\/\/midwestfamilydental.com\/es\/wp-json\/wp\/v2\/pages\/196","targetHints":{"allow":["GET"]}}],"collection":[{"href":"https:\/\/midwestfamilydental.com\/es\/wp-json\/wp\/v2\/pages"}],"about":[{"href":"https:\/\/midwestfamilydental.com\/es\/wp-json\/wp\/v2\/types\/page"}],"author":[{"embeddable":true,"href":"https:\/\/midwestfamilydental.com\/es\/wp-json\/wp\/v2\/users\/4"}],"replies":[{"embeddable":true,"href":"https:\/\/midwestfamilydental.com\/es\/wp-json\/wp\/v2\/comments?post=196"}],"version-history":[{"count":7,"href":"https:\/\/midwestfamilydental.com\/es\/wp-json\/wp\/v2\/pages\/196\/revisions"}],"predecessor-version":[{"id":1574,"href":"https:\/\/midwestfamilydental.com\/es\/wp-json\/wp\/v2\/pages\/196\/revisions\/1574"}],"up":[{"embeddable":true,"href":"https:\/\/midwestfamilydental.com\/es\/wp-json\/wp\/v2\/pages\/135"}],"wp:attachment":[{"href":"https:\/\/midwestfamilydental.com\/es\/wp-json\/wp\/v2\/media?parent=196"}],"curies":[{"name":"gracias","href":"https:\/\/api.w.org\/{rel}","templated":true}]}}