{"id":191,"date":"2017-12-12T16:01:09","date_gmt":"2017-12-12T16:01:09","guid":{"rendered":"http:\/\/mwfd.rapidhealthcareshop.com\/?page_id=191"},"modified":"2023-07-14T14:18:21","modified_gmt":"2023-07-14T14:18:21","slug":"dr-jennifer-choi-dds","status":"publish","type":"page","link":"https:\/\/midwestfamilydental.com\/es\/meet-our-friendly-dentists\/dr-jennifer-choi-dds\/","title":{"rendered":"Dra. Jennifer Choi, DDS"},"content":{"rendered":"<div id=\"cs-content\" class=\"cs-content\"><\/div>","protected":false},"excerpt":{"rendered":"<p>Dra. Jennifer Choi, DDS La doctora Jennifer Choi, DDS es de California, asisti\u00f3 a UC Davis, donde recibi\u00f3 su t\u00edtulo universitario en biolog\u00eda y asisti\u00f3 a la Universidad del Pac\u00edfico, donde recibi\u00f3 su t\u00edtulo de Doctora en Cirug\u00eda Dental. Antes de mudarse a Chicago, ella practic\u00f3 en Sacramento California. Complet\u00f3 cientos de horas de cursos de posgrado en odontolog\u00eda. Doctor Choi\u2026 <a href=\"https:\/\/midwestfamilydental.com\/es\/meet-our-friendly-dentists\/dr-jennifer-choi-dds\/\" class=\"more-link\">Lee mas<\/a><\/p>","protected":false},"author":4,"featured_media":0,"parent":135,"menu_order":0,"comment_status":"closed","ping_status":"closed","template":"template-blank-1.php","meta":{"footnotes":""},"class_list":["post-191","page","type-page","status-publish","hentry","no-post-thumbnail"],"yoast_head":"<!-- This site is optimized with the Yoast SEO plugin v27.4 - https:\/\/yoast.com\/product\/yoast-seo-wordpress\/ -->\n<title>Midwest Family Dental | Dr. Jennifer Choi, DDS<\/title>\n<meta name=\"description\" content=\"Dr. Jennifer Choi, DDS, is a dentist in Chicago and Waukegan, IL offers services in general and cosmetic dentistry, teeth whitening, and dental implants.\" \/>\n<meta name=\"robots\" content=\"index, follow, max-snippet:-1, max-image-preview:large, max-video-preview:-1\" \/>\n<link rel=\"canonical\" href=\"https:\/\/midwestfamilydental.com\/es\/meet-our-friendly-dentists\/dr-jennifer-choi-dds\/\" \/>\n<meta property=\"og:locale\" content=\"es_MX\" \/>\n<meta property=\"og:type\" content=\"article\" \/>\n<meta property=\"og:title\" content=\"Midwest Family Dental | Dr. Jennifer Choi, DDS\" \/>\n<meta property=\"og:description\" content=\"Dr. Jennifer Choi, DDS, is a dentist in Chicago and Waukegan, IL offers services in general and cosmetic dentistry, teeth whitening, and dental implants.\" \/>\n<meta property=\"og:url\" content=\"https:\/\/midwestfamilydental.com\/es\/meet-our-friendly-dentists\/dr-jennifer-choi-dds\/\" \/>\n<meta property=\"og:site_name\" content=\"Midwest Family Dental\" \/>\n<meta property=\"article:publisher\" content=\"https:\/\/www.facebook.com\/pages\/Midwest-Family-Dental\/499664453378699\" \/>\n<meta property=\"article:modified_time\" content=\"2023-07-14T14:18:21+00:00\" \/>\n<meta name=\"twitter:card\" content=\"summary_large_image\" \/>\n<meta name=\"twitter:label1\" content=\"Tiempo de lectura\" \/>\n\t<meta name=\"twitter:data1\" content=\"2 minutos\" \/>\n<script type=\"application\/ld+json\" class=\"yoast-schema-graph\">{\"@context\":\"https:\\\/\\\/schema.org\",\"@graph\":[{\"@type\":\"WebPage\",\"@id\":\"https:\\\/\\\/midwestfamilydental.com\\\/meet-our-friendly-dentists\\\/dr-jennifer-choi-dds\\\/\",\"url\":\"https:\\\/\\\/midwestfamilydental.com\\\/meet-our-friendly-dentists\\\/dr-jennifer-choi-dds\\\/\",\"name\":\"Midwest Family Dental | Dr. Jennifer Choi, DDS\",\"isPartOf\":{\"@id\":\"https:\\\/\\\/midwestfamilydental.com\\\/es\\\/#website\"},\"datePublished\":\"2017-12-12T16:01:09+00:00\",\"dateModified\":\"2023-07-14T14:18:21+00:00\",\"description\":\"Dr. Jennifer Choi, DDS, is a dentist in Chicago and Waukegan, IL offers services in general and cosmetic dentistry, teeth whitening, and dental implants.\",\"breadcrumb\":{\"@id\":\"https:\\\/\\\/midwestfamilydental.com\\\/meet-our-friendly-dentists\\\/dr-jennifer-choi-dds\\\/#breadcrumb\"},\"inLanguage\":\"es\",\"potentialAction\":[{\"@type\":\"ReadAction\",\"target\":[\"https:\\\/\\\/midwestfamilydental.com\\\/meet-our-friendly-dentists\\\/dr-jennifer-choi-dds\\\/\"]}]},{\"@type\":\"BreadcrumbList\",\"@id\":\"https:\\\/\\\/midwestfamilydental.com\\\/meet-our-friendly-dentists\\\/dr-jennifer-choi-dds\\\/#breadcrumb\",\"itemListElement\":[{\"@type\":\"ListItem\",\"position\":1,\"name\":\"Home\",\"item\":\"https:\\\/\\\/midwestfamilydental.com\\\/es\\\/\"},{\"@type\":\"ListItem\",\"position\":2,\"name\":\"Meet our Dentists\",\"item\":\"https:\\\/\\\/midwestfamilydental.com\\\/meet-our-friendly-dentists\\\/\"},{\"@type\":\"ListItem\",\"position\":3,\"name\":\"Dr. Jennifer Choi, DDS\"}]},{\"@type\":\"WebSite\",\"@id\":\"https:\\\/\\\/midwestfamilydental.com\\\/es\\\/#website\",\"url\":\"https:\\\/\\\/midwestfamilydental.com\\\/es\\\/\",\"name\":\"Midwest Family Dental\",\"description\":\"\",\"potentialAction\":[{\"@type\":\"SearchAction\",\"target\":{\"@type\":\"EntryPoint\",\"urlTemplate\":\"https:\\\/\\\/midwestfamilydental.com\\\/es\\\/?s={search_term_string}\"},\"query-input\":{\"@type\":\"PropertyValueSpecification\",\"valueRequired\":true,\"valueName\":\"search_term_string\"}}],\"inLanguage\":\"es\"}]}<\/script>\n<!-- \/ Yoast SEO plugin. -->","yoast_head_json":{"title":"Odontolog\u00eda Familiar del Medio Oeste | Dra. Jennifer Choi, DDS","description":"La Dra. Jennifer Choi, DDS, es dentista en Chicago y Waukegan, IL y ofrece servicios de odontolog\u00eda general y cosm\u00e9tica, blanqueamiento dental e implantes dentales.","robots":{"index":"index","follow":"follow","max-snippet":"max-snippet:-1","max-image-preview":"max-image-preview:large","max-video-preview":"max-video-preview:-1"},"canonical":"https:\/\/midwestfamilydental.com\/es\/meet-our-friendly-dentists\/dr-jennifer-choi-dds\/","og_locale":"es_MX","og_type":"article","og_title":"Midwest Family Dental | Dr. Jennifer Choi, DDS","og_description":"Dr. Jennifer Choi, DDS, is a dentist in Chicago and Waukegan, IL offers services in general and cosmetic dentistry, teeth whitening, and dental implants.","og_url":"https:\/\/midwestfamilydental.com\/es\/meet-our-friendly-dentists\/dr-jennifer-choi-dds\/","og_site_name":"Midwest Family Dental","article_publisher":"https:\/\/www.facebook.com\/pages\/Midwest-Family-Dental\/499664453378699","article_modified_time":"2023-07-14T14:18:21+00:00","twitter_card":"summary_large_image","twitter_misc":{"Tiempo de lectura":"2 minutos"},"schema":{"@context":"https:\/\/schema.org","@graph":[{"@type":"WebPage","@id":"https:\/\/midwestfamilydental.com\/meet-our-friendly-dentists\/dr-jennifer-choi-dds\/","url":"https:\/\/midwestfamilydental.com\/meet-our-friendly-dentists\/dr-jennifer-choi-dds\/","name":"Odontolog\u00eda Familiar del Medio Oeste | Dra. Jennifer Choi, DDS","isPartOf":{"@id":"https:\/\/midwestfamilydental.com\/es\/#website"},"datePublished":"2017-12-12T16:01:09+00:00","dateModified":"2023-07-14T14:18:21+00:00","description":"La Dra. Jennifer Choi, DDS, es dentista en Chicago y Waukegan, IL y ofrece servicios de odontolog\u00eda general y cosm\u00e9tica, blanqueamiento dental e implantes dentales.","breadcrumb":{"@id":"https:\/\/midwestfamilydental.com\/meet-our-friendly-dentists\/dr-jennifer-choi-dds\/#breadcrumb"},"inLanguage":"es","potentialAction":[{"@type":"ReadAction","target":["https:\/\/midwestfamilydental.com\/meet-our-friendly-dentists\/dr-jennifer-choi-dds\/"]}]},{"@type":"BreadcrumbList","@id":"https:\/\/midwestfamilydental.com\/meet-our-friendly-dentists\/dr-jennifer-choi-dds\/#breadcrumb","itemListElement":[{"@type":"ListItem","position":1,"name":"Home","item":"https:\/\/midwestfamilydental.com\/es\/"},{"@type":"ListItem","position":2,"name":"Meet our Dentists","item":"https:\/\/midwestfamilydental.com\/meet-our-friendly-dentists\/"},{"@type":"ListItem","position":3,"name":"Dr. Jennifer Choi, DDS"}]},{"@type":"WebSite","@id":"https:\/\/midwestfamilydental.com\/es\/#website","url":"https:\/\/midwestfamilydental.com\/es\/","name":"Odontolog\u00eda familiar del medio oeste","description":"","potentialAction":[{"@type":"SearchAction","target":{"@type":"EntryPoint","urlTemplate":"https:\/\/midwestfamilydental.com\/es\/?s={search_term_string}"},"query-input":{"@type":"PropertyValueSpecification","valueRequired":true,"valueName":"search_term_string"}}],"inLanguage":"es"}]}},"_links":{"self":[{"href":"https:\/\/midwestfamilydental.com\/es\/wp-json\/wp\/v2\/pages\/191","targetHints":{"allow":["GET"]}}],"collection":[{"href":"https:\/\/midwestfamilydental.com\/es\/wp-json\/wp\/v2\/pages"}],"about":[{"href":"https:\/\/midwestfamilydental.com\/es\/wp-json\/wp\/v2\/types\/page"}],"author":[{"embeddable":true,"href":"https:\/\/midwestfamilydental.com\/es\/wp-json\/wp\/v2\/users\/4"}],"replies":[{"embeddable":true,"href":"https:\/\/midwestfamilydental.com\/es\/wp-json\/wp\/v2\/comments?post=191"}],"version-history":[{"count":6,"href":"https:\/\/midwestfamilydental.com\/es\/wp-json\/wp\/v2\/pages\/191\/revisions"}],"predecessor-version":[{"id":1476,"href":"https:\/\/midwestfamilydental.com\/es\/wp-json\/wp\/v2\/pages\/191\/revisions\/1476"}],"up":[{"embeddable":true,"href":"https:\/\/midwestfamilydental.com\/es\/wp-json\/wp\/v2\/pages\/135"}],"wp:attachment":[{"href":"https:\/\/midwestfamilydental.com\/es\/wp-json\/wp\/v2\/media?parent=191"}],"curies":[{"name":"gracias","href":"https:\/\/api.w.org\/{rel}","templated":true}]}}