{"id":1553,"date":"2024-12-18T09:26:06","date_gmt":"2024-12-18T09:26:06","guid":{"rendered":"https:\/\/midwestfamilydental.com\/chicago-dental-services\/cosmetic-dentistry-in-chicago-waukegan-il\/teeth-whitening-irving-park-waukegan-il-2\/"},"modified":"2024-12-20T08:08:59","modified_gmt":"2024-12-20T08:08:59","slug":"invisalign-irving-park-waukegan-il","status":"publish","type":"page","link":"https:\/\/midwestfamilydental.com\/es\/chicago-dental-services\/cosmetic-dentistry-in-chicago-waukegan-il\/invisalign-irving-park-waukegan-il\/","title":{"rendered":"El mejor proveedor de Invisalign de Chicago y Waukegan"},"content":{"rendered":"<div id=\"cs-content\" class=\"cs-content\"><div class=\"x-section e1553-e1 m175-0 m175-1\"><div class=\"x-container max width e1553-e2 m175-3\"><div class=\"x-column x-sm x-1-1 e1553-e3 m175-4\"><div id=\"\" class=\"x-text\" style=\"\" ><div class=\"head_text\">\n<h2>Invisalign<\/h2>\n<p>Invisalign le permite enderezar sus dientes aline\u00e1ndolos diariamente de forma discreta en tan solo 6 meses.<\/p>\n<p><div id=\"attachment_1562\" style=\"width: 310px\" class=\"wp-caption aligncenter\"><a href=\"https:\/\/midwestfamilydental.com\/wp-content\/uploads\/2024\/12\/Invisalign-Chicago-Waukegan-IL-Provider-Braces-Comparison.jpg\"><img loading=\"lazy\" decoding=\"async\" aria-describedby=\"caption-attachment-1562\" src=\"https:\/\/midwestfamilydental.com\/wp-content\/uploads\/2024\/12\/Invisalign-Chicago-Waukegan-IL-Provider-Braces-Comparison-300x201.jpg\" alt=\"Invisalign vs Braces Comparison\" width=\"300\" height=\"201\" class=\"wp-image-1562 size-medium\" srcset=\"https:\/\/midwestfamilydental.com\/wp-content\/uploads\/2024\/12\/Invisalign-Chicago-Waukegan-IL-Provider-Braces-Comparison-300x201.jpg 300w, https:\/\/midwestfamilydental.com\/wp-content\/uploads\/2024\/12\/Invisalign-Chicago-Waukegan-IL-Provider-Braces-Comparison-768x516.jpg 768w, https:\/\/midwestfamilydental.com\/wp-content\/uploads\/2024\/12\/Invisalign-Chicago-Waukegan-IL-Provider-Braces-Comparison-18x12.jpg 18w, https:\/\/midwestfamilydental.com\/wp-content\/uploads\/2024\/12\/Invisalign-Chicago-Waukegan-IL-Provider-Braces-Comparison-100x67.jpg 100w, https:\/\/midwestfamilydental.com\/wp-content\/uploads\/2024\/12\/Invisalign-Chicago-Waukegan-IL-Provider-Braces-Comparison-846x568.jpg 846w, https:\/\/midwestfamilydental.com\/wp-content\/uploads\/2024\/12\/Invisalign-Chicago-Waukegan-IL-Provider-Braces-Comparison.jpg 949w\" sizes=\"auto, (max-width: 300px) 100vw, 300px\" \/><\/a><p id=\"caption-attachment-1562\" class=\"wp-caption-text\">Comparaci\u00f3n entre Invisalign y Brackets<\/p><\/div><\/p>\n<\/div>\n<p><strong>\u00bfPor qu\u00e9 Invisalign?<\/strong><\/p>\n<ul>\n<li><a href=\"https:\/\/www.invisalign.com\/\">Invisalign<\/a> Es m\u00e1s r\u00e1pido y m\u00e1s c\u00f3modo que los brackets.<\/li>\n<li>Casi invisible e imperceptible mientras trabajamos por tu sonrisa<\/li>\n<li>Seguro aprobado, con beneficios FSA y HSA<\/li>\n<\/ul>\n<\/div><a class=\"x-anchor x-anchor-button has-particle e1553-e5 m175-5\" tabindex=\"0\" href=\"\/es\/schedule-an-appointment\/\" target=\"_blank\" rel=\"noopener noreferrer\"><span class=\"x-particle is-primary\" data-x-particle=\"scale-x inside-c_c\" aria-hidden=\"true\"><span style=\"\"><\/span><\/span><div class=\"x-anchor-content\"><div class=\"x-anchor-text\"><span class=\"x-anchor-text-primary\">Contacte con nuestro equipo de expertos odontol\u00f3gicos para obtener m\u00e1s informaci\u00f3n<\/span><\/div><\/div><\/a><\/div><\/div><\/div><div class=\"x-section e1553-e6 m175-0 m175-2\"><div id=\"\" class=\"x-text cs-ta-center\" style=\"\" ><p><div id=\"attachment_1555\" style=\"width: 310px\" class=\"wp-caption aligncenter\"><a href=\"https:\/\/midwestfamilydental.com\/wp-content\/uploads\/2024\/12\/Invisalign-Provider-Logo-RGB.png\"><img loading=\"lazy\" decoding=\"async\" aria-describedby=\"caption-attachment-1555\" src=\"https:\/\/midwestfamilydental.com\/wp-content\/uploads\/2024\/12\/Invisalign-Provider-Logo-RGB-300x78.png\" alt=\"\" width=\"300\" height=\"78\" class=\"wp-image-1555 size-medium\" srcset=\"https:\/\/midwestfamilydental.com\/wp-content\/uploads\/2024\/12\/Invisalign-Provider-Logo-RGB-300x78.png 300w, https:\/\/midwestfamilydental.com\/wp-content\/uploads\/2024\/12\/Invisalign-Provider-Logo-RGB-1024x267.png 1024w, https:\/\/midwestfamilydental.com\/wp-content\/uploads\/2024\/12\/Invisalign-Provider-Logo-RGB-768x200.png 768w, https:\/\/midwestfamilydental.com\/wp-content\/uploads\/2024\/12\/Invisalign-Provider-Logo-RGB-18x5.png 18w, https:\/\/midwestfamilydental.com\/wp-content\/uploads\/2024\/12\/Invisalign-Provider-Logo-RGB-100x26.png 100w, https:\/\/midwestfamilydental.com\/wp-content\/uploads\/2024\/12\/Invisalign-Provider-Logo-RGB-846x221.png 846w, https:\/\/midwestfamilydental.com\/wp-content\/uploads\/2024\/12\/Invisalign-Provider-Logo-RGB-1154x301.png 1154w, https:\/\/midwestfamilydental.com\/wp-content\/uploads\/2024\/12\/Invisalign-Provider-Logo-RGB.png 1410w\" sizes=\"auto, (max-width: 300px) 100vw, 300px\" \/><\/a><p id=\"caption-attachment-1555\" class=\"wp-caption-text\">El mejor proveedor de Invisalign en Chicago<\/p><\/div><\/p>\n<\/div><\/div><\/div>","protected":false},"excerpt":{"rendered":"<p>Invisalign Invisalign le permite enderezar sus dientes mientras los alinea diariamente de manera discreta en tan solo 6 meses. Comparaci\u00f3n de Invisalign vs Brackets \u00bfPor qu\u00e9 Invisalign? Invisalign es m\u00e1s r\u00e1pido y m\u00e1s c\u00f3modo que los brackets Casi invisible e imperceptible mientras trabaja para su sonrisa Aprobado por seguros, con beneficios FSA y HSA Comun\u00edquese con nuestro equipo dental experto para obtener m\u00e1s informaci\u00f3n Los mejores Invisalign ... <a href=\"https:\/\/midwestfamilydental.com\/es\/chicago-dental-services\/cosmetic-dentistry-in-chicago-waukegan-il\/invisalign-irving-park-waukegan-il\/\" class=\"more-link\">Lee mas<\/a><\/p>","protected":false},"author":4,"featured_media":0,"parent":105,"menu_order":0,"comment_status":"closed","ping_status":"closed","template":"template-layout-full-width.php","meta":{"footnotes":""},"class_list":["post-1553","page","type-page","status-publish","hentry","no-post-thumbnail"],"yoast_head":"<!-- This site is optimized with the Yoast SEO plugin v27.5 - https:\/\/yoast.com\/product\/yoast-seo-wordpress\/ -->\n<title>Chicago &amp; Waukegan&#039;s Best Invisalign Provider - Midwest Family Dental<\/title>\n<meta name=\"robots\" content=\"index, follow, max-snippet:-1, max-image-preview:large, max-video-preview:-1\" \/>\n<link rel=\"canonical\" href=\"https:\/\/midwestfamilydental.com\/es\/chicago-dental-services\/cosmetic-dentistry-in-chicago-waukegan-il\/invisalign-irving-park-waukegan-il\/\" \/>\n<meta property=\"og:locale\" content=\"es_MX\" \/>\n<meta property=\"og:type\" content=\"article\" \/>\n<meta property=\"og:title\" content=\"Chicago &amp; Waukegan&#039;s Best Invisalign Provider - Midwest Family Dental\" \/>\n<meta property=\"og:description\" content=\"Invisalign Invisalign allows you to straighten your teeth while aligning your teeth daily discretely in as little as 6 months. Invisalign vs Braces Comparison Why Invisalign? Invisalign is faster and more comfortable than braces Close to invisible and unnoticeable while working for your smile Insurance approved, with FSA &amp; HSA benefits Contact our expert dental team to learn moreTop Invisalign ... Read More\" \/>\n<meta property=\"og:url\" content=\"https:\/\/midwestfamilydental.com\/es\/chicago-dental-services\/cosmetic-dentistry-in-chicago-waukegan-il\/invisalign-irving-park-waukegan-il\/\" \/>\n<meta property=\"og:site_name\" content=\"Midwest Family Dental\" \/>\n<meta property=\"article:publisher\" content=\"https:\/\/www.facebook.com\/pages\/Midwest-Family-Dental\/499664453378699\" \/>\n<meta property=\"article:modified_time\" content=\"2024-12-20T08:08:59+00:00\" \/>\n<meta property=\"og:image\" content=\"https:\/\/midwestfamilydental.com\/wp-content\/uploads\/2024\/12\/Invisalign-Chicago-Waukegan-IL-Provider-Braces-Comparison.jpg\" \/>\n\t<meta property=\"og:image:width\" content=\"949\" \/>\n\t<meta property=\"og:image:height\" content=\"637\" \/>\n\t<meta property=\"og:image:type\" content=\"image\/jpeg\" \/>\n<meta name=\"twitter:card\" content=\"summary_large_image\" \/>\n<meta name=\"twitter:label1\" content=\"Tiempo de lectura\" \/>\n\t<meta name=\"twitter:data1\" content=\"1 minuto\" \/>\n<script type=\"application\/ld+json\" class=\"yoast-schema-graph\">{\"@context\":\"https:\\\/\\\/schema.org\",\"@graph\":[{\"@type\":\"WebPage\",\"@id\":\"https:\\\/\\\/midwestfamilydental.com\\\/chicago-dental-services\\\/cosmetic-dentistry-in-chicago-waukegan-il\\\/invisalign-irving-park-waukegan-il\\\/\",\"url\":\"https:\\\/\\\/midwestfamilydental.com\\\/chicago-dental-services\\\/cosmetic-dentistry-in-chicago-waukegan-il\\\/invisalign-irving-park-waukegan-il\\\/\",\"name\":\"Chicago & Waukegan's Best Invisalign Provider - Midwest Family Dental\",\"isPartOf\":{\"@id\":\"https:\\\/\\\/midwestfamilydental.com\\\/es\\\/#website\"},\"primaryImageOfPage\":{\"@id\":\"https:\\\/\\\/midwestfamilydental.com\\\/chicago-dental-services\\\/cosmetic-dentistry-in-chicago-waukegan-il\\\/invisalign-irving-park-waukegan-il\\\/#primaryimage\"},\"image\":{\"@id\":\"https:\\\/\\\/midwestfamilydental.com\\\/chicago-dental-services\\\/cosmetic-dentistry-in-chicago-waukegan-il\\\/invisalign-irving-park-waukegan-il\\\/#primaryimage\"},\"thumbnailUrl\":\"https:\\\/\\\/midwestfamilydental.com\\\/wp-content\\\/uploads\\\/2024\\\/12\\\/Invisalign-Chicago-Waukegan-IL-Provider-Braces-Comparison-300x201.jpg\",\"datePublished\":\"2024-12-18T09:26:06+00:00\",\"dateModified\":\"2024-12-20T08:08:59+00:00\",\"breadcrumb\":{\"@id\":\"https:\\\/\\\/midwestfamilydental.com\\\/chicago-dental-services\\\/cosmetic-dentistry-in-chicago-waukegan-il\\\/invisalign-irving-park-waukegan-il\\\/#breadcrumb\"},\"inLanguage\":\"es\",\"potentialAction\":[{\"@type\":\"ReadAction\",\"target\":[\"https:\\\/\\\/midwestfamilydental.com\\\/chicago-dental-services\\\/cosmetic-dentistry-in-chicago-waukegan-il\\\/invisalign-irving-park-waukegan-il\\\/\"]}]},{\"@type\":\"ImageObject\",\"inLanguage\":\"es\",\"@id\":\"https:\\\/\\\/midwestfamilydental.com\\\/chicago-dental-services\\\/cosmetic-dentistry-in-chicago-waukegan-il\\\/invisalign-irving-park-waukegan-il\\\/#primaryimage\",\"url\":\"https:\\\/\\\/midwestfamilydental.com\\\/wp-content\\\/uploads\\\/2024\\\/12\\\/Invisalign-Chicago-Waukegan-IL-Provider-Braces-Comparison-300x201.jpg\",\"contentUrl\":\"https:\\\/\\\/midwestfamilydental.com\\\/wp-content\\\/uploads\\\/2024\\\/12\\\/Invisalign-Chicago-Waukegan-IL-Provider-Braces-Comparison-300x201.jpg\"},{\"@type\":\"BreadcrumbList\",\"@id\":\"https:\\\/\\\/midwestfamilydental.com\\\/chicago-dental-services\\\/cosmetic-dentistry-in-chicago-waukegan-il\\\/invisalign-irving-park-waukegan-il\\\/#breadcrumb\",\"itemListElement\":[{\"@type\":\"ListItem\",\"position\":1,\"name\":\"Home\",\"item\":\"https:\\\/\\\/midwestfamilydental.com\\\/es\\\/\"},{\"@type\":\"ListItem\",\"position\":2,\"name\":\"Dental Services in Chicago &#038; Waukegan, IL\",\"item\":\"https:\\\/\\\/midwestfamilydental.com\\\/es\\\/chicago-dental-services\\\/\"},{\"@type\":\"ListItem\",\"position\":3,\"name\":\"Cosmetic Dentistry in Chicago &#038; Waukegan, IL\",\"item\":\"https:\\\/\\\/midwestfamilydental.com\\\/es\\\/chicago-dental-services\\\/cosmetic-dentistry-in-chicago-waukegan-il\\\/\"},{\"@type\":\"ListItem\",\"position\":4,\"name\":\"Chicago &#038; Waukegan&#8217;s Best Invisalign Provider\"}]},{\"@type\":\"WebSite\",\"@id\":\"https:\\\/\\\/midwestfamilydental.com\\\/es\\\/#website\",\"url\":\"https:\\\/\\\/midwestfamilydental.com\\\/es\\\/\",\"name\":\"Midwest Family Dental\",\"description\":\"\",\"potentialAction\":[{\"@type\":\"SearchAction\",\"target\":{\"@type\":\"EntryPoint\",\"urlTemplate\":\"https:\\\/\\\/midwestfamilydental.com\\\/es\\\/?s={search_term_string}\"},\"query-input\":{\"@type\":\"PropertyValueSpecification\",\"valueRequired\":true,\"valueName\":\"search_term_string\"}}],\"inLanguage\":\"es\"}]}<\/script>\n<!-- \/ Yoast SEO plugin. -->","yoast_head_json":{"title":"El mejor proveedor de Invisalign en Chicago y Waukegan: Midwest Family Dental","robots":{"index":"index","follow":"follow","max-snippet":"max-snippet:-1","max-image-preview":"max-image-preview:large","max-video-preview":"max-video-preview:-1"},"canonical":"https:\/\/midwestfamilydental.com\/es\/chicago-dental-services\/cosmetic-dentistry-in-chicago-waukegan-il\/invisalign-irving-park-waukegan-il\/","og_locale":"es_MX","og_type":"article","og_title":"Chicago & Waukegan's Best Invisalign Provider - Midwest Family Dental","og_description":"Invisalign Invisalign allows you to straighten your teeth while aligning your teeth daily discretely in as little as 6 months. Invisalign vs Braces Comparison Why Invisalign? Invisalign is faster and more comfortable than braces Close to invisible and unnoticeable while working for your smile Insurance approved, with FSA &amp; HSA benefits Contact our expert dental team to learn moreTop Invisalign ... Read More","og_url":"https:\/\/midwestfamilydental.com\/es\/chicago-dental-services\/cosmetic-dentistry-in-chicago-waukegan-il\/invisalign-irving-park-waukegan-il\/","og_site_name":"Midwest Family Dental","article_publisher":"https:\/\/www.facebook.com\/pages\/Midwest-Family-Dental\/499664453378699","article_modified_time":"2024-12-20T08:08:59+00:00","og_image":[{"width":949,"height":637,"url":"https:\/\/midwestfamilydental.com\/wp-content\/uploads\/2024\/12\/Invisalign-Chicago-Waukegan-IL-Provider-Braces-Comparison.jpg","type":"image\/jpeg"}],"twitter_card":"summary_large_image","twitter_misc":{"Tiempo de lectura":"1 minuto"},"schema":{"@context":"https:\/\/schema.org","@graph":[{"@type":"WebPage","@id":"https:\/\/midwestfamilydental.com\/chicago-dental-services\/cosmetic-dentistry-in-chicago-waukegan-il\/invisalign-irving-park-waukegan-il\/","url":"https:\/\/midwestfamilydental.com\/chicago-dental-services\/cosmetic-dentistry-in-chicago-waukegan-il\/invisalign-irving-park-waukegan-il\/","name":"El mejor proveedor de Invisalign en Chicago y Waukegan: Midwest Family Dental","isPartOf":{"@id":"https:\/\/midwestfamilydental.com\/es\/#website"},"primaryImageOfPage":{"@id":"https:\/\/midwestfamilydental.com\/chicago-dental-services\/cosmetic-dentistry-in-chicago-waukegan-il\/invisalign-irving-park-waukegan-il\/#primaryimage"},"image":{"@id":"https:\/\/midwestfamilydental.com\/chicago-dental-services\/cosmetic-dentistry-in-chicago-waukegan-il\/invisalign-irving-park-waukegan-il\/#primaryimage"},"thumbnailUrl":"https:\/\/midwestfamilydental.com\/wp-content\/uploads\/2024\/12\/Invisalign-Chicago-Waukegan-IL-Provider-Braces-Comparison-300x201.jpg","datePublished":"2024-12-18T09:26:06+00:00","dateModified":"2024-12-20T08:08:59+00:00","breadcrumb":{"@id":"https:\/\/midwestfamilydental.com\/chicago-dental-services\/cosmetic-dentistry-in-chicago-waukegan-il\/invisalign-irving-park-waukegan-il\/#breadcrumb"},"inLanguage":"es","potentialAction":[{"@type":"ReadAction","target":["https:\/\/midwestfamilydental.com\/chicago-dental-services\/cosmetic-dentistry-in-chicago-waukegan-il\/invisalign-irving-park-waukegan-il\/"]}]},{"@type":"ImageObject","inLanguage":"es","@id":"https:\/\/midwestfamilydental.com\/chicago-dental-services\/cosmetic-dentistry-in-chicago-waukegan-il\/invisalign-irving-park-waukegan-il\/#primaryimage","url":"https:\/\/midwestfamilydental.com\/wp-content\/uploads\/2024\/12\/Invisalign-Chicago-Waukegan-IL-Provider-Braces-Comparison-300x201.jpg","contentUrl":"https:\/\/midwestfamilydental.com\/wp-content\/uploads\/2024\/12\/Invisalign-Chicago-Waukegan-IL-Provider-Braces-Comparison-300x201.jpg"},{"@type":"BreadcrumbList","@id":"https:\/\/midwestfamilydental.com\/chicago-dental-services\/cosmetic-dentistry-in-chicago-waukegan-il\/invisalign-irving-park-waukegan-il\/#breadcrumb","itemListElement":[{"@type":"ListItem","position":1,"name":"Home","item":"https:\/\/midwestfamilydental.com\/es\/"},{"@type":"ListItem","position":2,"name":"Dental Services in Chicago &#038; Waukegan, IL","item":"https:\/\/midwestfamilydental.com\/es\/chicago-dental-services\/"},{"@type":"ListItem","position":3,"name":"Cosmetic Dentistry in Chicago &#038; Waukegan, IL","item":"https:\/\/midwestfamilydental.com\/es\/chicago-dental-services\/cosmetic-dentistry-in-chicago-waukegan-il\/"},{"@type":"ListItem","position":4,"name":"Chicago &#038; Waukegan&#8217;s Best Invisalign Provider"}]},{"@type":"WebSite","@id":"https:\/\/midwestfamilydental.com\/es\/#website","url":"https:\/\/midwestfamilydental.com\/es\/","name":"Odontolog\u00eda familiar del medio oeste","description":"","potentialAction":[{"@type":"SearchAction","target":{"@type":"EntryPoint","urlTemplate":"https:\/\/midwestfamilydental.com\/es\/?s={search_term_string}"},"query-input":{"@type":"PropertyValueSpecification","valueRequired":true,"valueName":"search_term_string"}}],"inLanguage":"es"}]}},"_links":{"self":[{"href":"https:\/\/midwestfamilydental.com\/es\/wp-json\/wp\/v2\/pages\/1553","targetHints":{"allow":["GET"]}}],"collection":[{"href":"https:\/\/midwestfamilydental.com\/es\/wp-json\/wp\/v2\/pages"}],"about":[{"href":"https:\/\/midwestfamilydental.com\/es\/wp-json\/wp\/v2\/types\/page"}],"author":[{"embeddable":true,"href":"https:\/\/midwestfamilydental.com\/es\/wp-json\/wp\/v2\/users\/4"}],"replies":[{"embeddable":true,"href":"https:\/\/midwestfamilydental.com\/es\/wp-json\/wp\/v2\/comments?post=1553"}],"version-history":[{"count":7,"href":"https:\/\/midwestfamilydental.com\/es\/wp-json\/wp\/v2\/pages\/1553\/revisions"}],"predecessor-version":[{"id":1564,"href":"https:\/\/midwestfamilydental.com\/es\/wp-json\/wp\/v2\/pages\/1553\/revisions\/1564"}],"up":[{"embeddable":true,"href":"https:\/\/midwestfamilydental.com\/es\/wp-json\/wp\/v2\/pages\/105"}],"wp:attachment":[{"href":"https:\/\/midwestfamilydental.com\/es\/wp-json\/wp\/v2\/media?parent=1553"}],"curies":[{"name":"gracias","href":"https:\/\/api.w.org\/{rel}","templated":true}]}}