{"id":1533,"date":"2024-09-25T13:55:16","date_gmt":"2024-09-25T13:55:16","guid":{"rendered":"https:\/\/midwestfamilydental.com\/meet-our-friendly-dentists\/dr-amina-ahmed-dmd-2\/"},"modified":"2024-09-25T14:01:50","modified_gmt":"2024-09-25T14:01:50","slug":"dr-akosua-boatemaa-dds","status":"publish","type":"page","link":"https:\/\/midwestfamilydental.com\/es\/meet-our-friendly-dentists\/dr-akosua-boatemaa-dds\/","title":{"rendered":"Dra. Akosua Boatemaa, DDS"},"content":{"rendered":"<div id=\"cs-content\" class=\"cs-content\"><div class=\"x-section e1533-e1 m16l-0\"><div class=\"x-container max width e1533-e2 m16l-1\"><div class=\"x-column x-sm x-1-3 e1533-e3 m16l-2\"><img decoding=\"async\"  class=\"x-img x-img-none\" style=\"width: 100%;\" src=\"https:\/\/midwestfamilydental.com\/wp-content\/uploads\/2024\/09\/Dr-Akosua-Boatemaa-DDS.jpeg\" ><\/div><div class=\"x-column x-sm x-2-3 e1533-e5 m16l-2\"><div id=\"\" class=\"x-text\" style=\"\" ><h4 style=\"margin-top: 0;\">Dra. Akosua Boatemaa, DDS<\/h4>\n<p>La Dra. Boatemaa (conocida por muchos como la Dra. B.) es una dentista general a la que le apasiona brindar un entorno seguro y tranquilo para que todos reciban una excelente atenci\u00f3n dental mientras aprenden sobre su salud bucal. La Dra. B es conocida por sus manos suaves, su esp\u00edritu c\u00e1lido y sus inyecciones y extracciones sin dolor. Es oriunda de Flower Mound, Texas, pero se mud\u00f3 al \u00e1rea del condado de Lake con su familia y considera el norte de Illinois su hogar.<\/p>\n<p>La Dra. B obtuvo su licenciatura en Artes en Dartmouth College y se especializ\u00f3 en neurociencia en 2008. Despu\u00e9s de su licenciatura, la Dra. B recibi\u00f3 su maestr\u00eda en Ciencias Biom\u00e9dicas en el Centro de Ciencias de la Salud de la Universidad del Norte de Texas en Forth Worth. Luego continu\u00f3 su educaci\u00f3n en Texas A&amp;M Baylor College of Dentistry, donde obtuvo su t\u00edtulo de Doctora en Cirug\u00eda Dental en 2018.<\/p>\n<p>\u201cLa odontolog\u00eda me brinda la oportunidad \u00fanica de ayudar a personas de todas las edades a lograr una salud bucal \u00f3ptima, aliviando al mismo tiempo el dolor o la infecci\u00f3n inmediatos y brind\u00e1ndoles sonrisas saludables de las que puedan estar verdaderamente orgullosos. Entiendo la importancia de construir relaciones de confianza con cada paciente que trato y me esfuerzo por brindar una atenci\u00f3n dental excepcional que sea integral, amable y compasiva\u201d.<\/p>\n<p><strong>- Dra. Akosua Boatemaa, DDS<\/strong><\/p>\n<p>La Dra. B se compromete a brindar un ambiente de consultorio dental agradable, relajante y feliz donde trabaja en estrecha colaboraci\u00f3n con cada paciente para personalizar el tratamiento de acuerdo con sus necesidades y deseos espec\u00edficos.<\/p>\n<p>Para mantenerse al d\u00eda, la Dra. Boatemaa participa en cursos de formaci\u00f3n continua que abarcan todos los aspectos de la odontolog\u00eda. Es miembro de la Asociaci\u00f3n Dental Americana y de la Asociaci\u00f3n Dental Nacional.<\/p>\n<p>Cuando la Dra. B no est\u00e1 en la oficina, disfruta de cocinar, viajar, meditar, hacer deportes, asistir a eventos de la iglesia, almorzar y pasar tiempo con su familia y amigos, particularmente con su amado esposo, su hijo y su nueva hija.<\/p>\n<\/div><a class=\"x-anchor x-anchor-button has-particle e1533-e7 m16l-3\" tabindex=\"0\" href=\"\/es\/schedule-an-appointment\/\" target=\"_blank\" rel=\"noopener noreferrer\"><span class=\"x-particle is-primary\" data-x-particle=\"scale-x inside-c_c\" aria-hidden=\"true\"><span style=\"\"><\/span><\/span><div class=\"x-anchor-content\"><div class=\"x-anchor-text\"><span class=\"x-anchor-text-primary\">Programe una cita con el Dr. B<\/span><\/div><\/div><\/a><\/div><\/div><\/div><\/div>","protected":false},"excerpt":{"rendered":"<p>Dra. Akosua Boatemaa, DDS La Dra. Boatemaa (conocida por muchos como la Dra. B.) es una dentista general apasionada por brindar un entorno seguro y tranquilo para que todos reciban una excelente atenci\u00f3n dental mientras aprenden sobre su salud bucal. La Dra. B es conocida por sus manos suaves, su esp\u00edritu c\u00e1lido y sus inyecciones y extracciones sin dolor. Es oriunda de Flower Mound, Texas\u2026 <a href=\"https:\/\/midwestfamilydental.com\/es\/meet-our-friendly-dentists\/dr-akosua-boatemaa-dds\/\" class=\"more-link\">Lee mas<\/a><\/p>","protected":false},"author":4,"featured_media":0,"parent":135,"menu_order":0,"comment_status":"closed","ping_status":"closed","template":"template-blank-1.php","meta":{"footnotes":""},"class_list":["post-1533","page","type-page","status-publish","hentry","no-post-thumbnail"],"yoast_head":"<!-- This site is optimized with the Yoast SEO plugin v27.5 - https:\/\/yoast.com\/product\/yoast-seo-wordpress\/ -->\n<title>Dr. Akosua Boatemaa, DDS - Midwest Family Dental<\/title>\n<meta name=\"description\" content=\"Dr. Akosua Boatemaa, is a dentist in Waukegan, IL who offers services in general and cosmetic dentistry, teeth whitening, and dental implants.\" \/>\n<meta name=\"robots\" content=\"index, follow, max-snippet:-1, max-image-preview:large, max-video-preview:-1\" \/>\n<link rel=\"canonical\" href=\"https:\/\/midwestfamilydental.com\/es\/meet-our-friendly-dentists\/dr-akosua-boatemaa-dds\/\" \/>\n<meta property=\"og:locale\" content=\"es_MX\" \/>\n<meta property=\"og:type\" content=\"article\" \/>\n<meta property=\"og:title\" content=\"Dr. Akosua Boatemaa, DDS - Midwest Family Dental\" \/>\n<meta property=\"og:description\" content=\"Dr. Akosua Boatemaa, is a dentist in Waukegan, IL who offers services in general and cosmetic dentistry, teeth whitening, and dental implants.\" \/>\n<meta property=\"og:url\" content=\"https:\/\/midwestfamilydental.com\/es\/meet-our-friendly-dentists\/dr-akosua-boatemaa-dds\/\" \/>\n<meta property=\"og:site_name\" content=\"Midwest Family Dental\" \/>\n<meta property=\"article:publisher\" content=\"https:\/\/www.facebook.com\/pages\/Midwest-Family-Dental\/499664453378699\" \/>\n<meta property=\"article:modified_time\" content=\"2024-09-25T14:01:50+00:00\" \/>\n<meta name=\"twitter:card\" content=\"summary_large_image\" \/>\n<meta name=\"twitter:label1\" content=\"Tiempo de lectura\" \/>\n\t<meta name=\"twitter:data1\" content=\"2 minutos\" \/>\n<script type=\"application\/ld+json\" class=\"yoast-schema-graph\">{\"@context\":\"https:\\\/\\\/schema.org\",\"@graph\":[{\"@type\":\"WebPage\",\"@id\":\"https:\\\/\\\/midwestfamilydental.com\\\/meet-our-friendly-dentists\\\/dr-akosua-boatemaa-dds\\\/\",\"url\":\"https:\\\/\\\/midwestfamilydental.com\\\/meet-our-friendly-dentists\\\/dr-akosua-boatemaa-dds\\\/\",\"name\":\"Dr. Akosua Boatemaa, DDS - Midwest Family Dental\",\"isPartOf\":{\"@id\":\"https:\\\/\\\/midwestfamilydental.com\\\/es\\\/#website\"},\"datePublished\":\"2024-09-25T13:55:16+00:00\",\"dateModified\":\"2024-09-25T14:01:50+00:00\",\"description\":\"Dr. Akosua Boatemaa, is a dentist in Waukegan, IL who offers services in general and cosmetic dentistry, teeth whitening, and dental implants.\",\"breadcrumb\":{\"@id\":\"https:\\\/\\\/midwestfamilydental.com\\\/meet-our-friendly-dentists\\\/dr-akosua-boatemaa-dds\\\/#breadcrumb\"},\"inLanguage\":\"es\",\"potentialAction\":[{\"@type\":\"ReadAction\",\"target\":[\"https:\\\/\\\/midwestfamilydental.com\\\/meet-our-friendly-dentists\\\/dr-akosua-boatemaa-dds\\\/\"]}]},{\"@type\":\"BreadcrumbList\",\"@id\":\"https:\\\/\\\/midwestfamilydental.com\\\/meet-our-friendly-dentists\\\/dr-akosua-boatemaa-dds\\\/#breadcrumb\",\"itemListElement\":[{\"@type\":\"ListItem\",\"position\":1,\"name\":\"Home\",\"item\":\"https:\\\/\\\/midwestfamilydental.com\\\/es\\\/\"},{\"@type\":\"ListItem\",\"position\":2,\"name\":\"Meet our Dentists\",\"item\":\"https:\\\/\\\/midwestfamilydental.com\\\/meet-our-friendly-dentists\\\/\"},{\"@type\":\"ListItem\",\"position\":3,\"name\":\"Dr. Akosua Boatemaa, DDS\"}]},{\"@type\":\"WebSite\",\"@id\":\"https:\\\/\\\/midwestfamilydental.com\\\/es\\\/#website\",\"url\":\"https:\\\/\\\/midwestfamilydental.com\\\/es\\\/\",\"name\":\"Midwest Family Dental\",\"description\":\"\",\"potentialAction\":[{\"@type\":\"SearchAction\",\"target\":{\"@type\":\"EntryPoint\",\"urlTemplate\":\"https:\\\/\\\/midwestfamilydental.com\\\/es\\\/?s={search_term_string}\"},\"query-input\":{\"@type\":\"PropertyValueSpecification\",\"valueRequired\":true,\"valueName\":\"search_term_string\"}}],\"inLanguage\":\"es\"}]}<\/script>\n<!-- \/ Yoast SEO plugin. -->","yoast_head_json":{"title":"Dr. Akosua Boatemaa, DDS - Midwest Family Dental","description":"El Dr. Akosua Boatemaa es un dentista en Waukegan, IL que ofrece servicios de odontolog\u00eda general y cosm\u00e9tica, blanqueamiento dental e implantes dentales.","robots":{"index":"index","follow":"follow","max-snippet":"max-snippet:-1","max-image-preview":"max-image-preview:large","max-video-preview":"max-video-preview:-1"},"canonical":"https:\/\/midwestfamilydental.com\/es\/meet-our-friendly-dentists\/dr-akosua-boatemaa-dds\/","og_locale":"es_MX","og_type":"article","og_title":"Dr. Akosua Boatemaa, DDS - Midwest Family Dental","og_description":"Dr. Akosua Boatemaa, is a dentist in Waukegan, IL who offers services in general and cosmetic dentistry, teeth whitening, and dental implants.","og_url":"https:\/\/midwestfamilydental.com\/es\/meet-our-friendly-dentists\/dr-akosua-boatemaa-dds\/","og_site_name":"Midwest Family Dental","article_publisher":"https:\/\/www.facebook.com\/pages\/Midwest-Family-Dental\/499664453378699","article_modified_time":"2024-09-25T14:01:50+00:00","twitter_card":"summary_large_image","twitter_misc":{"Tiempo de lectura":"2 minutos"},"schema":{"@context":"https:\/\/schema.org","@graph":[{"@type":"WebPage","@id":"https:\/\/midwestfamilydental.com\/meet-our-friendly-dentists\/dr-akosua-boatemaa-dds\/","url":"https:\/\/midwestfamilydental.com\/meet-our-friendly-dentists\/dr-akosua-boatemaa-dds\/","name":"Dr. Akosua Boatemaa, DDS - Midwest Family Dental","isPartOf":{"@id":"https:\/\/midwestfamilydental.com\/es\/#website"},"datePublished":"2024-09-25T13:55:16+00:00","dateModified":"2024-09-25T14:01:50+00:00","description":"El Dr. Akosua Boatemaa es un dentista en Waukegan, IL que ofrece servicios de odontolog\u00eda general y cosm\u00e9tica, blanqueamiento dental e implantes dentales.","breadcrumb":{"@id":"https:\/\/midwestfamilydental.com\/meet-our-friendly-dentists\/dr-akosua-boatemaa-dds\/#breadcrumb"},"inLanguage":"es","potentialAction":[{"@type":"ReadAction","target":["https:\/\/midwestfamilydental.com\/meet-our-friendly-dentists\/dr-akosua-boatemaa-dds\/"]}]},{"@type":"BreadcrumbList","@id":"https:\/\/midwestfamilydental.com\/meet-our-friendly-dentists\/dr-akosua-boatemaa-dds\/#breadcrumb","itemListElement":[{"@type":"ListItem","position":1,"name":"Home","item":"https:\/\/midwestfamilydental.com\/es\/"},{"@type":"ListItem","position":2,"name":"Meet our Dentists","item":"https:\/\/midwestfamilydental.com\/meet-our-friendly-dentists\/"},{"@type":"ListItem","position":3,"name":"Dr. Akosua Boatemaa, DDS"}]},{"@type":"WebSite","@id":"https:\/\/midwestfamilydental.com\/es\/#website","url":"https:\/\/midwestfamilydental.com\/es\/","name":"Odontolog\u00eda familiar del medio oeste","description":"","potentialAction":[{"@type":"SearchAction","target":{"@type":"EntryPoint","urlTemplate":"https:\/\/midwestfamilydental.com\/es\/?s={search_term_string}"},"query-input":{"@type":"PropertyValueSpecification","valueRequired":true,"valueName":"search_term_string"}}],"inLanguage":"es"}]}},"_links":{"self":[{"href":"https:\/\/midwestfamilydental.com\/es\/wp-json\/wp\/v2\/pages\/1533","targetHints":{"allow":["GET"]}}],"collection":[{"href":"https:\/\/midwestfamilydental.com\/es\/wp-json\/wp\/v2\/pages"}],"about":[{"href":"https:\/\/midwestfamilydental.com\/es\/wp-json\/wp\/v2\/types\/page"}],"author":[{"embeddable":true,"href":"https:\/\/midwestfamilydental.com\/es\/wp-json\/wp\/v2\/users\/4"}],"replies":[{"embeddable":true,"href":"https:\/\/midwestfamilydental.com\/es\/wp-json\/wp\/v2\/comments?post=1533"}],"version-history":[{"count":3,"href":"https:\/\/midwestfamilydental.com\/es\/wp-json\/wp\/v2\/pages\/1533\/revisions"}],"predecessor-version":[{"id":1537,"href":"https:\/\/midwestfamilydental.com\/es\/wp-json\/wp\/v2\/pages\/1533\/revisions\/1537"}],"up":[{"embeddable":true,"href":"https:\/\/midwestfamilydental.com\/es\/wp-json\/wp\/v2\/pages\/135"}],"wp:attachment":[{"href":"https:\/\/midwestfamilydental.com\/es\/wp-json\/wp\/v2\/media?parent=1533"}],"curies":[{"name":"gracias","href":"https:\/\/api.w.org\/{rel}","templated":true}]}}