{"id":135,"date":"2017-12-09T08:55:17","date_gmt":"2017-12-09T08:55:17","guid":{"rendered":"http:\/\/mwfd.rapidhealthcareshop.com\/?page_id=135"},"modified":"2025-02-23T15:28:32","modified_gmt":"2025-02-23T15:28:32","slug":"meet-our-friendly-dentists","status":"publish","type":"page","link":"https:\/\/midwestfamilydental.com\/es\/meet-our-friendly-dentists\/","title":{"rendered":"Conoce a nuestros dentistas"},"content":{"rendered":"<div id=\"cs-content\" class=\"cs-content\"><div class=\"x-section e135-e1 m3r-0 m3r-1\"><div class=\"x-container max width e135-e2 m3r-3\"><div class=\"x-column x-sm x-1-3 e135-e3 m3r-4\"><img decoding=\"async\"  class=\"x-img x-img-none\" style=\"width: 100%;\" src=\"http:\/\/4vc.3e9.myftpupload.com\/wp-content\/uploads\/2017\/12\/DrJenniferChoi-232x300.jpg\" ><\/div><div class=\"x-column x-sm x-2-3 e135-e5 m3r-4\"><div id=\"\" class=\"x-text\" style=\"\" ><h5 style=\"margin-top: 0;\">Dra. Jennifer Choi, DDS<\/h5>\n<p>La doctora Jennifer Choi, DDS es de California, asisti\u00f3 a UC Davis donde recibi\u00f3 su licenciatura en biolog\u00eda y asisti\u00f3 a la Universidad del Pac\u00edfico donde recibi\u00f3 su t\u00edtulo de Doctor en Cirug\u00eda Dental. Antes de mudarse a Chicago, practic\u00f3 en Sacramento, California. Complet\u00f3 cientos de horas de cursos en odontolog\u00eda de posgrado. El doctor Choi tiene m\u00e1s de 10 a\u00f1os de experiencia como dentista general y cuenta con una amplia formaci\u00f3n que incluye ortodoncia e implantolog\u00eda. El doctor Choi es miembro permanente de la Asociaci\u00f3n Dental Americana, la Asociaci\u00f3n Dental de California y la Sociedad Dental de Chicago. Ella est\u00e1 certificada y autorizada para practicar odontolog\u00eda en Illinois y California. Cuando la doctora Choi no est\u00e1 practicando odontolog\u00eda, pasa la mayor parte de su tiempo con su encantadora familia y tambi\u00e9n le gusta jugar al golf y cocinar.<\/p>\n<\/div><a class=\"x-anchor x-anchor-button has-particle e135-e7 m3r-5\" tabindex=\"0\" href=\"\/es\/schedule-an-appointment\/\" target=\"_blank\" rel=\"noopener noreferrer\"><span class=\"x-particle is-primary\" data-x-particle=\"scale-x inside-c_c\" aria-hidden=\"true\"><span style=\"\"><\/span><\/span><div class=\"x-anchor-content\"><div class=\"x-anchor-text\"><span class=\"x-anchor-text-primary\">Programe una cita con el Dr. Choi<\/span><\/div><\/div><\/a><\/div><\/div><\/div><div class=\"x-section e135-e8 m3r-0 m3r-1\"><div class=\"x-container max width e135-e9 m3r-3\"><div class=\"x-column x-sm x-1-3 e135-e10 m3r-4\"><img decoding=\"async\"  class=\"x-img x-img-none\" style=\"width: 100%;\" src=\"https:\/\/midwestfamilydental.com\/wp-content\/uploads\/2025\/02\/Dr-Randy-Chang-DDS-scaled.jpeg\" ><\/div><div class=\"x-column x-sm x-2-3 e135-e12 m3r-4\"><div id=\"\" class=\"x-text\" style=\"\" ><h5 style=\"margin-top: 0;\">Dr. Randy Chang, DDS<\/h5>\n<p>Dr. Randy Chang, DDS obtuvo su Licenciatura en Ciencias (Biolog\u00eda) de la Universidad de Illinois en Urbana-Champaign. En 2001, obtuvo su t\u00edtulo de Doctor en Cirug\u00eda Dental del Centro de Ciencias de la Salud de la Universidad de Tennessee. Al graduarse de la Facultad de Odontolog\u00eda, fue una transici\u00f3n natural para el Dr. Chang regresar a casa para comenzar su carrera en el \u00e1rea de Chicago. Trabaj\u00f3 para dos consultorios odontol\u00f3gicos grupales obteniendo una valiosa experiencia antes de abrir su primera cl\u00ednica en 2004. El Dr. Chang ahora posee y opera ocho cl\u00ednicas odontol\u00f3gicas en el \u00e1rea de Chicago. Constantemente asiste a numerosos cursos de educaci\u00f3n continua que le permiten mantenerse al d\u00eda con todos los avances en Odontolog\u00eda. M\u00e1s importante a\u00fan, el Dr. Chang siempre trata de empatizar con sus pacientes y disfruta el hecho de que la odontolog\u00eda le brinda la oportunidad de ayudar a las personas. Est\u00e1 certificado por la junta y tiene licencia para practicar Odontolog\u00eda en Illinois, California y Tennessee. El Dr. Chang es miembro de la Chicago Dental Society, la Illinois State Dental Society y la American Dental Association.<\/p>\n<\/div><a class=\"x-anchor x-anchor-button has-particle e135-e14 m3r-5\" tabindex=\"0\" href=\"\/es\/schedule-an-appointment\/\" target=\"_blank\" rel=\"noopener noreferrer\"><span class=\"x-particle is-primary\" data-x-particle=\"scale-x inside-c_c\" aria-hidden=\"true\"><span style=\"\"><\/span><\/span><div class=\"x-anchor-content\"><div class=\"x-anchor-text\"><span class=\"x-anchor-text-primary\">Programe una consulta dental<\/span><\/div><\/div><\/a><\/div><\/div><\/div><div class=\"x-section e135-e15 m3r-0 m3r-1\"><div class=\"x-container max width e135-e16 m3r-3\"><div class=\"x-column x-sm x-1-3 e135-e17 m3r-4\"><img decoding=\"async\"  class=\"x-img x-img-none\" style=\"width: 100%;\" src=\"http:\/\/4vc.3e9.myftpupload.com\/wp-content\/uploads\/2019\/11\/Dr-Alaa-Abu-Sabaa.jpg\" ><\/div><div class=\"x-column x-sm x-2-3 e135-e19 m3r-4\"><div id=\"\" class=\"x-text\" style=\"\" ><h5 style=\"margin-top: 0;\"><span>Dr. Alaa Abu Sabaa, DDS (<span style=\"text-decoration: underline;\"><span style=\"color: #0000ff; text-decoration: underline;\"><a href=\"https:\/\/midwestfamilydental.com\/es\/our-locations\/chicago-dental-office-irving-park\/\" style=\"color: #0000ff; text-decoration: underline;\"><span style=\"color: #175093; text-decoration: underline;\">Chicago, IL<\/span><\/a><\/span><\/span>)<\/span><\/h5>\n<p><span>La Dra. Alaa Abu Sabaa recibi\u00f3 su capacitaci\u00f3n y DDS de la Universidad de Ciencias y Tecnolog\u00eda M\u00e9dicas en Sud\u00e1n. Luego complet\u00f3 2 a\u00f1os de entrenamiento avanzado recibiendo certificado en residencia de pr\u00e1ctica general del centro m\u00e9dico de Berkshire en Pittsfield, Massachusetts y el centro de salud Carolinas en Charlotte, Carolina del Norte. <\/span><span>La Dra. Sabaa se enorgullece de construir relaciones beneficiosas con todos sus pacientes. Ella es una dentista compasiva gentil y h\u00e1bil a la que le encanta tratar a pacientes que temen a la silla dental y trabajan duro para que todos y cada uno de los pacientes se sientan c\u00f3modos.\u00a0 <\/span><span>La Dra. Sabaa cree en investigar continuamente todos los aspectos de las t\u00e9cnicas que realiza, y siempre utilizando la \u00faltima tecnolog\u00eda. Su filosof\u00eda hacia la atenci\u00f3n al paciente es tratar a todos como si fueran parte de su propia familia. <\/span><span>En su tiempo libre, a la Dra. Sabaa le gusta viajar, boxear, cocinar, probar diferentes cocinas y pasar tiempo de calidad con su familia.<\/span><\/p>\n<\/div><a class=\"x-anchor x-anchor-button has-particle e135-e21 m3r-5\" tabindex=\"0\" href=\"\/es\/schedule-an-appointment\/\" target=\"_blank\" rel=\"noopener noreferrer\"><span class=\"x-particle is-primary\" data-x-particle=\"scale-x inside-c_c\" aria-hidden=\"true\"><span style=\"\"><\/span><\/span><div class=\"x-anchor-content\"><div class=\"x-anchor-text\"><span class=\"x-anchor-text-primary\">Programe una cita con el Dr. Sabaa<\/span><\/div><\/div><\/a><\/div><\/div><\/div><div class=\"x-section e135-e22 m3r-0 m3r-1\"><div class=\"x-container max width e135-e23 m3r-3\"><div class=\"x-column x-sm x-1-3 e135-e24 m3r-4\"><img decoding=\"async\"  class=\"x-img x-img-none\" style=\"width: 100%;\" src=\"https:\/\/midwestfamilydental.com\/wp-content\/uploads\/2020\/11\/Dr-Gayatri-Satam-200x300.jpeg\" ><\/div><div class=\"x-column x-sm x-2-3 e135-e26 m3r-4\"><div id=\"\" class=\"x-text\" style=\"\" ><h5 style=\"margin-top: 0;\">Dr. Gayatri Satam, DMD <span>(<span style=\"text-decoration: underline;\"><span style=\"color: #0000ff; text-decoration: underline;\"><a href=\"https:\/\/midwestfamilydental.com\/es\/our-locations\/chicago-dental-office-irving-park\/\" style=\"color: #0000ff; text-decoration: underline;\"><span style=\"color: #175093; text-decoration: underline;\">Chicago, IL<\/span><\/a><\/span><\/span>)<\/span><\/h5>\n<p>El Dr. Gayatri Satam es originario de los vecindarios Rogers Park \/ Edgewater de Chicago. Recibi\u00f3 su DMD de la Facultad de Odontolog\u00eda de la Universidad de Illinois, donde tambi\u00e9n recibi\u00f3 la Beca Dr. Kamlesh Amin por logros acad\u00e9micos y fue incorporada a la sociedad de honor dental nacional, Omicron Kappa Upsilon.<\/p>\n<p>El Dr. Satam es miembro de la Asociaci\u00f3n Dental Americana, la Sociedad Dental del Estado de Illinois y la Sociedad Dental de Chicago. Ella utiliza las \u00faltimas t\u00e9cnicas en odontolog\u00eda para brindarle a usted y a su familia sonrisas hermosas y saludables. Ella es gentil, paciente y minuciosa y har\u00e1 que su experiencia sea c\u00f3moda y lo dejar\u00e1 con una mejor comprensi\u00f3n de su salud bucal. Asiste a clases de educaci\u00f3n continua para ampliar a\u00fan m\u00e1s sus conocimientos y servicios dentales.<\/p>\n<p>Aunque la Dra. Satam no practica la odontolog\u00eda, le gusta probar diferentes restaurantes, hornear postres y hacer ejercicio.<\/p>\n<\/div><a class=\"x-anchor x-anchor-button has-particle e135-e28 m3r-5\" tabindex=\"0\" href=\"\/es\/schedule-an-appointment\/\" target=\"_blank\" rel=\"noopener noreferrer\"><span class=\"x-particle is-primary\" data-x-particle=\"scale-x inside-c_c\" aria-hidden=\"true\"><span style=\"\"><\/span><\/span><div class=\"x-anchor-content\"><div class=\"x-anchor-text\"><span class=\"x-anchor-text-primary\">Programe una cita con el Dr. Satam<\/span><\/div><\/div><\/a><\/div><\/div><\/div><div class=\"x-section e135-e29 m3r-0 m3r-1\"><div class=\"x-container max width e135-e30 m3r-3\"><div class=\"x-column x-sm x-1-3 e135-e31 m3r-4\"><img decoding=\"async\"  class=\"x-img x-img-none\" style=\"width: 100%;\" src=\"https:\/\/midwestfamilydental.com\/wp-content\/uploads\/2024\/09\/Dr-Akosua-Boatemaa-DDS.jpeg\" alt=\"Dr. Akosua Boatemaa, DDS\"><\/div><div class=\"x-column x-sm x-2-3 e135-e33 m3r-4\"><div id=\"\" class=\"x-text\" style=\"\" ><h5 style=\"margin-top: 0;\"><span>Dra. Akosua Boatemaa, DDS (<span style=\"text-decoration: underline;\"><span style=\"color: #0000ff; text-decoration: underline;\"><a href=\"https:\/\/midwestfamilydental.com\/es\/our-locations\/waukegan-il-dental-office\/\" style=\"color: #0000ff; text-decoration: underline;\"><span style=\"color: #175093; text-decoration: underline;\">Waukegan, IL<\/span><\/a><\/span><\/span>)<\/span><\/h5>\n<p>La Dra. Boatemaa (conocida por muchos como la Dra. B.) es una dentista general a la que le apasiona brindar un entorno seguro y tranquilo para que todos reciban una excelente atenci\u00f3n dental mientras aprenden sobre su salud bucal. La Dra. B es conocida por sus manos suaves, su esp\u00edritu c\u00e1lido y sus inyecciones y extracciones sin dolor. Es oriunda de Flower Mound, Texas, pero se mud\u00f3 al \u00e1rea del condado de Lake con su familia y considera el norte de Illinois su hogar.<\/p>\n<p>La Dra. B obtuvo su licenciatura en Artes en Dartmouth College y se especializ\u00f3 en neurociencia en 2008. Despu\u00e9s de su licenciatura, la Dra. B recibi\u00f3 su maestr\u00eda en Ciencias Biom\u00e9dicas en el Centro de Ciencias de la Salud de la Universidad del Norte de Texas en Forth Worth. Luego continu\u00f3 su educaci\u00f3n en Texas A&amp;M Baylor College of Dentistry, donde obtuvo su t\u00edtulo de Doctora en Cirug\u00eda Dental en 2018.<\/p>\n<p>\u201cLa odontolog\u00eda me brinda la oportunidad \u00fanica de ayudar a personas de todas las edades a lograr una salud bucal \u00f3ptima, aliviando al mismo tiempo el dolor o la infecci\u00f3n inmediatos y brind\u00e1ndoles sonrisas saludables de las que puedan estar verdaderamente orgullosos. Entiendo la importancia de construir relaciones de confianza con cada paciente que trato y me esfuerzo por brindar una atenci\u00f3n dental excepcional que sea integral, amable y compasiva\u201d.<\/p>\n<p><strong>- Dra. Akosua Boatemaa, DDS<\/strong><\/p>\n<p>La Dra. B se compromete a brindar un ambiente de consultorio dental agradable, relajante y feliz donde trabaja en estrecha colaboraci\u00f3n con cada paciente para personalizar el tratamiento de acuerdo con sus necesidades y deseos espec\u00edficos.<\/p>\n<p>Para mantenerse al d\u00eda, la Dra. Boatemaa participa en cursos de formaci\u00f3n continua que abarcan todos los aspectos de la odontolog\u00eda. Es miembro de la Asociaci\u00f3n Dental Americana y de la Asociaci\u00f3n Dental Nacional.<\/p>\n<p>Cuando la Dra. B no est\u00e1 en la oficina, disfruta de cocinar, viajar, meditar, hacer deportes, asistir a eventos de la iglesia, almorzar y pasar tiempo con su familia y amigos, particularmente con su amado esposo, su hijo y su nueva hija.<\/p>\n<\/div><a class=\"x-anchor x-anchor-button has-particle e135-e35 m3r-5\" tabindex=\"0\" href=\"\/es\/schedule-an-appointment\/\" target=\"_blank\" rel=\"noopener noreferrer\"><span class=\"x-particle is-primary\" data-x-particle=\"scale-x inside-c_c\" aria-hidden=\"true\"><span style=\"\"><\/span><\/span><div class=\"x-anchor-content\"><div class=\"x-anchor-text\"><span class=\"x-anchor-text-primary\">Programe una cita con el Dr. B<\/span><\/div><\/div><\/a><\/div><\/div><\/div><div class=\"x-section e135-e36 m3r-0 m3r-2\"><div class=\"x-container max width e135-e37 m3r-3\"><div class=\"x-column x-sm x-1-1 e135-e38 m3r-4\"><div class=\"x-widget-area e135-e39 m3r-6\"><\/div><\/div><\/div><\/div><\/div>","protected":false},"excerpt":{"rendered":"<p>Dra. Jennifer Choi, DDS La doctora Jennifer Choi, DDS es de California, asisti\u00f3 a UC Davis, donde recibi\u00f3 su t\u00edtulo universitario en biolog\u00eda y asisti\u00f3 a la Universidad del Pac\u00edfico, donde recibi\u00f3 su t\u00edtulo de Doctora en Cirug\u00eda Dental. Antes de mudarse a Chicago, ella practic\u00f3 en Sacramento California. Complet\u00f3 cientos de horas de cursos de posgrado en odontolog\u00eda. Doctor Choi\u2026 <a href=\"https:\/\/midwestfamilydental.com\/es\/meet-our-friendly-dentists\/\" class=\"more-link\">Lee mas<\/a><\/p>","protected":false},"author":4,"featured_media":0,"parent":0,"menu_order":3,"comment_status":"closed","ping_status":"closed","template":"template-blank-1.php","meta":{"footnotes":""},"class_list":["post-135","page","type-page","status-publish","hentry","no-post-thumbnail"],"yoast_head":"<!-- This site is optimized with the Yoast SEO plugin v27.6 - https:\/\/yoast.com\/product\/yoast-seo-wordpress\/ -->\n<title>Midwest Family Dental | Meet our Friendly Family Dentists<\/title>\n<meta name=\"description\" content=\"Our expert dentists, provide dental exams, teeth whitening, orthodontics, dental implants &amp; more across Chicago, IL.\" \/>\n<meta name=\"robots\" content=\"index, follow, max-snippet:-1, max-image-preview:large, max-video-preview:-1\" \/>\n<link rel=\"canonical\" href=\"https:\/\/midwestfamilydental.com\/es\/meet-our-friendly-dentists\/\" \/>\n<meta property=\"og:locale\" content=\"es_MX\" \/>\n<meta property=\"og:type\" content=\"article\" \/>\n<meta property=\"og:title\" content=\"Midwest Family Dental | Meet our Friendly Family Dentists\" \/>\n<meta property=\"og:description\" content=\"Our expert dentists, provide dental exams, teeth whitening, orthodontics, dental implants &amp; more across Chicago, IL.\" \/>\n<meta property=\"og:url\" content=\"https:\/\/midwestfamilydental.com\/es\/meet-our-friendly-dentists\/\" \/>\n<meta property=\"og:site_name\" content=\"Midwest Family Dental\" \/>\n<meta property=\"article:publisher\" content=\"https:\/\/www.facebook.com\/pages\/Midwest-Family-Dental\/499664453378699\" \/>\n<meta property=\"article:modified_time\" content=\"2025-02-23T15:28:32+00:00\" \/>\n<meta name=\"twitter:card\" content=\"summary_large_image\" \/>\n<meta name=\"twitter:label1\" content=\"Tiempo de lectura\" \/>\n\t<meta name=\"twitter:data1\" content=\"4 minutos\" \/>\n<script type=\"application\/ld+json\" class=\"yoast-schema-graph\">{\"@context\":\"https:\\\/\\\/schema.org\",\"@graph\":[{\"@type\":\"WebPage\",\"@id\":\"https:\\\/\\\/midwestfamilydental.com\\\/meet-our-friendly-dentists\\\/\",\"url\":\"https:\\\/\\\/midwestfamilydental.com\\\/meet-our-friendly-dentists\\\/\",\"name\":\"Midwest Family Dental | Meet our Friendly Family Dentists\",\"isPartOf\":{\"@id\":\"https:\\\/\\\/midwestfamilydental.com\\\/es\\\/#website\"},\"datePublished\":\"2017-12-09T08:55:17+00:00\",\"dateModified\":\"2025-02-23T15:28:32+00:00\",\"description\":\"Our expert dentists, provide dental exams, teeth whitening, orthodontics, dental implants & more across Chicago, IL.\",\"breadcrumb\":{\"@id\":\"https:\\\/\\\/midwestfamilydental.com\\\/meet-our-friendly-dentists\\\/#breadcrumb\"},\"inLanguage\":\"es\",\"potentialAction\":[{\"@type\":\"ReadAction\",\"target\":[\"https:\\\/\\\/midwestfamilydental.com\\\/meet-our-friendly-dentists\\\/\"]}]},{\"@type\":\"BreadcrumbList\",\"@id\":\"https:\\\/\\\/midwestfamilydental.com\\\/meet-our-friendly-dentists\\\/#breadcrumb\",\"itemListElement\":[{\"@type\":\"ListItem\",\"position\":1,\"name\":\"Home\",\"item\":\"https:\\\/\\\/midwestfamilydental.com\\\/es\\\/\"},{\"@type\":\"ListItem\",\"position\":2,\"name\":\"Meet our Dentists\"}]},{\"@type\":\"WebSite\",\"@id\":\"https:\\\/\\\/midwestfamilydental.com\\\/es\\\/#website\",\"url\":\"https:\\\/\\\/midwestfamilydental.com\\\/es\\\/\",\"name\":\"Midwest Family Dental\",\"description\":\"\",\"potentialAction\":[{\"@type\":\"SearchAction\",\"target\":{\"@type\":\"EntryPoint\",\"urlTemplate\":\"https:\\\/\\\/midwestfamilydental.com\\\/es\\\/?s={search_term_string}\"},\"query-input\":{\"@type\":\"PropertyValueSpecification\",\"valueRequired\":true,\"valueName\":\"search_term_string\"}}],\"inLanguage\":\"es\"}]}<\/script>\n<!-- \/ Yoast SEO plugin. -->","yoast_head_json":{"title":"Midwest Family Dental | Conozca a nuestros amables dentistas familiares","description":"Nuestros dentistas expertos brindan ex\u00e1menes dentales, blanqueamiento dental, ortodoncia, implantes dentales y m\u00e1s en Chicago, IL.","robots":{"index":"index","follow":"follow","max-snippet":"max-snippet:-1","max-image-preview":"max-image-preview:large","max-video-preview":"max-video-preview:-1"},"canonical":"https:\/\/midwestfamilydental.com\/es\/meet-our-friendly-dentists\/","og_locale":"es_MX","og_type":"article","og_title":"Midwest Family Dental | Meet our Friendly Family Dentists","og_description":"Our expert dentists, provide dental exams, teeth whitening, orthodontics, dental implants & more across Chicago, IL.","og_url":"https:\/\/midwestfamilydental.com\/es\/meet-our-friendly-dentists\/","og_site_name":"Midwest Family Dental","article_publisher":"https:\/\/www.facebook.com\/pages\/Midwest-Family-Dental\/499664453378699","article_modified_time":"2025-02-23T15:28:32+00:00","twitter_card":"summary_large_image","twitter_misc":{"Tiempo de lectura":"4 minutos"},"schema":{"@context":"https:\/\/schema.org","@graph":[{"@type":"WebPage","@id":"https:\/\/midwestfamilydental.com\/meet-our-friendly-dentists\/","url":"https:\/\/midwestfamilydental.com\/meet-our-friendly-dentists\/","name":"Midwest Family Dental | Conozca a nuestros amables dentistas familiares","isPartOf":{"@id":"https:\/\/midwestfamilydental.com\/es\/#website"},"datePublished":"2017-12-09T08:55:17+00:00","dateModified":"2025-02-23T15:28:32+00:00","description":"Nuestros dentistas expertos brindan ex\u00e1menes dentales, blanqueamiento dental, ortodoncia, implantes dentales y m\u00e1s en Chicago, IL.","breadcrumb":{"@id":"https:\/\/midwestfamilydental.com\/meet-our-friendly-dentists\/#breadcrumb"},"inLanguage":"es","potentialAction":[{"@type":"ReadAction","target":["https:\/\/midwestfamilydental.com\/meet-our-friendly-dentists\/"]}]},{"@type":"BreadcrumbList","@id":"https:\/\/midwestfamilydental.com\/meet-our-friendly-dentists\/#breadcrumb","itemListElement":[{"@type":"ListItem","position":1,"name":"Home","item":"https:\/\/midwestfamilydental.com\/es\/"},{"@type":"ListItem","position":2,"name":"Meet our Dentists"}]},{"@type":"WebSite","@id":"https:\/\/midwestfamilydental.com\/es\/#website","url":"https:\/\/midwestfamilydental.com\/es\/","name":"Odontolog\u00eda familiar del medio oeste","description":"","potentialAction":[{"@type":"SearchAction","target":{"@type":"EntryPoint","urlTemplate":"https:\/\/midwestfamilydental.com\/es\/?s={search_term_string}"},"query-input":{"@type":"PropertyValueSpecification","valueRequired":true,"valueName":"search_term_string"}}],"inLanguage":"es"}]}},"_links":{"self":[{"href":"https:\/\/midwestfamilydental.com\/es\/wp-json\/wp\/v2\/pages\/135","targetHints":{"allow":["GET"]}}],"collection":[{"href":"https:\/\/midwestfamilydental.com\/es\/wp-json\/wp\/v2\/pages"}],"about":[{"href":"https:\/\/midwestfamilydental.com\/es\/wp-json\/wp\/v2\/types\/page"}],"author":[{"embeddable":true,"href":"https:\/\/midwestfamilydental.com\/es\/wp-json\/wp\/v2\/users\/4"}],"replies":[{"embeddable":true,"href":"https:\/\/midwestfamilydental.com\/es\/wp-json\/wp\/v2\/comments?post=135"}],"version-history":[{"count":28,"href":"https:\/\/midwestfamilydental.com\/es\/wp-json\/wp\/v2\/pages\/135\/revisions"}],"predecessor-version":[{"id":1575,"href":"https:\/\/midwestfamilydental.com\/es\/wp-json\/wp\/v2\/pages\/135\/revisions\/1575"}],"wp:attachment":[{"href":"https:\/\/midwestfamilydental.com\/es\/wp-json\/wp\/v2\/media?parent=135"}],"curies":[{"name":"gracias","href":"https:\/\/api.w.org\/{rel}","templated":true}]}}