{"id":127,"date":"2017-12-09T08:47:33","date_gmt":"2017-12-09T08:47:33","guid":{"rendered":"http:\/\/mwfd.rapidhealthcareshop.com\/?page_id=127"},"modified":"2021-02-18T17:43:47","modified_gmt":"2021-02-18T17:43:47","slug":"patient-comfort","status":"publish","type":"page","link":"https:\/\/midwestfamilydental.com\/es\/chicago-dental-services\/patient-comfort\/","title":{"rendered":"Comodidad del paciente dental"},"content":{"rendered":"<div id=\"cs-content\" class=\"cs-content\"><\/div>","protected":false},"excerpt":{"rendered":"<p>Comodidad dental para el paciente Comodidad dental Entendemos que muchos pacientes tienen miedo de visitar al dentista. Hacemos todo lo posible para explicar todo, desde los tratamientos hasta los costos, antes de comenzar cualquier procedimiento para eliminar sorpresas y reducir cualquier incertidumbre. Su comodidad y satisfacci\u00f3n son la m\u00e1xima prioridad. Tecnolog\u00eda dental avanzada Se accede a toda nuestra informaci\u00f3n a trav\u00e9s de nuestros gr\u00e1ficos digitales para... <a href=\"https:\/\/midwestfamilydental.com\/es\/chicago-dental-services\/patient-comfort\/\" class=\"more-link\">Lee mas<\/a><\/p>","protected":false},"author":4,"featured_media":0,"parent":362,"menu_order":3,"comment_status":"closed","ping_status":"closed","template":"template-blank-1.php","meta":{"footnotes":""},"class_list":["post-127","page","type-page","status-publish","hentry","no-post-thumbnail"],"yoast_head":"<!-- This site is optimized with the Yoast SEO plugin v27.5 - https:\/\/yoast.com\/product\/yoast-seo-wordpress\/ -->\n<title>Midwest Family Dental | Dental Patient Comfort<\/title>\n<meta name=\"description\" content=\"At Midwest Family Dental we understand many patients are apprehensive about visiting a dentist. We provide free consultations and explain the ins and outs of all of our dental treatments. We ensure there are no surprise dental costs and provide a detailed plan prior to beginning any dental work. Learn more today!\" \/>\n<meta name=\"robots\" content=\"index, follow, max-snippet:-1, max-image-preview:large, max-video-preview:-1\" \/>\n<link rel=\"canonical\" href=\"https:\/\/midwestfamilydental.com\/es\/chicago-dental-services\/patient-comfort\/\" \/>\n<meta property=\"og:locale\" content=\"es_MX\" \/>\n<meta property=\"og:type\" content=\"article\" \/>\n<meta property=\"og:title\" content=\"Midwest Family Dental | Dental Patient Comfort\" \/>\n<meta property=\"og:description\" content=\"At Midwest Family Dental we understand many patients are apprehensive about visiting a dentist. We provide free consultations and explain the ins and outs of all of our dental treatments. We ensure there are no surprise dental costs and provide a detailed plan prior to beginning any dental work. Learn more today!\" \/>\n<meta property=\"og:url\" content=\"https:\/\/midwestfamilydental.com\/es\/chicago-dental-services\/patient-comfort\/\" \/>\n<meta property=\"og:site_name\" content=\"Midwest Family Dental\" \/>\n<meta property=\"article:publisher\" content=\"https:\/\/www.facebook.com\/pages\/Midwest-Family-Dental\/499664453378699\" \/>\n<meta property=\"article:modified_time\" content=\"2021-02-18T17:43:47+00:00\" \/>\n<meta name=\"twitter:card\" content=\"summary_large_image\" \/>\n<meta name=\"twitter:label1\" content=\"Tiempo de lectura\" \/>\n\t<meta name=\"twitter:data1\" content=\"1 minuto\" \/>\n<script type=\"application\/ld+json\" class=\"yoast-schema-graph\">{\"@context\":\"https:\\\/\\\/schema.org\",\"@graph\":[{\"@type\":\"WebPage\",\"@id\":\"https:\\\/\\\/midwestfamilydental.com\\\/es\\\/chicago-dental-services\\\/patient-comfort\\\/\",\"url\":\"https:\\\/\\\/midwestfamilydental.com\\\/es\\\/chicago-dental-services\\\/patient-comfort\\\/\",\"name\":\"Midwest Family Dental | Dental Patient Comfort\",\"isPartOf\":{\"@id\":\"https:\\\/\\\/midwestfamilydental.com\\\/es\\\/#website\"},\"datePublished\":\"2017-12-09T08:47:33+00:00\",\"dateModified\":\"2021-02-18T17:43:47+00:00\",\"description\":\"At Midwest Family Dental we understand many patients are apprehensive about visiting a dentist. We provide free consultations and explain the ins and outs of all of our dental treatments. We ensure there are no surprise dental costs and provide a detailed plan prior to beginning any dental work. Learn more today!\",\"breadcrumb\":{\"@id\":\"https:\\\/\\\/midwestfamilydental.com\\\/es\\\/chicago-dental-services\\\/patient-comfort\\\/#breadcrumb\"},\"inLanguage\":\"es\",\"potentialAction\":[{\"@type\":\"ReadAction\",\"target\":[\"https:\\\/\\\/midwestfamilydental.com\\\/es\\\/chicago-dental-services\\\/patient-comfort\\\/\"]}]},{\"@type\":\"BreadcrumbList\",\"@id\":\"https:\\\/\\\/midwestfamilydental.com\\\/es\\\/chicago-dental-services\\\/patient-comfort\\\/#breadcrumb\",\"itemListElement\":[{\"@type\":\"ListItem\",\"position\":1,\"name\":\"Home\",\"item\":\"https:\\\/\\\/midwestfamilydental.com\\\/es\\\/\"},{\"@type\":\"ListItem\",\"position\":2,\"name\":\"Dental Services in Chicago &#038; Waukegan, IL\",\"item\":\"https:\\\/\\\/midwestfamilydental.com\\\/es\\\/chicago-dental-services\\\/\"},{\"@type\":\"ListItem\",\"position\":3,\"name\":\"Dental Patient Comfort\"}]},{\"@type\":\"WebSite\",\"@id\":\"https:\\\/\\\/midwestfamilydental.com\\\/es\\\/#website\",\"url\":\"https:\\\/\\\/midwestfamilydental.com\\\/es\\\/\",\"name\":\"Midwest Family Dental\",\"description\":\"\",\"potentialAction\":[{\"@type\":\"SearchAction\",\"target\":{\"@type\":\"EntryPoint\",\"urlTemplate\":\"https:\\\/\\\/midwestfamilydental.com\\\/es\\\/?s={search_term_string}\"},\"query-input\":{\"@type\":\"PropertyValueSpecification\",\"valueRequired\":true,\"valueName\":\"search_term_string\"}}],\"inLanguage\":\"es\"}]}<\/script>\n<!-- \/ Yoast SEO plugin. -->","yoast_head_json":{"title":"Midwest Family Dental | Comodidad para el paciente dental","description":"En Midwest Family Dental entendemos que muchos pacientes sienten temor al visitar al dentista. Ofrecemos consultas gratuitas y explicamos todos los detalles de nuestros tratamientos dentales. Nos aseguramos de que no haya costos dentales inesperados y proporcionamos un plan detallado antes de comenzar cualquier tratamiento. \u00a1Inf\u00f3rmese hoy mismo!","robots":{"index":"index","follow":"follow","max-snippet":"max-snippet:-1","max-image-preview":"max-image-preview:large","max-video-preview":"max-video-preview:-1"},"canonical":"https:\/\/midwestfamilydental.com\/es\/chicago-dental-services\/patient-comfort\/","og_locale":"es_MX","og_type":"article","og_title":"Midwest Family Dental | Dental Patient Comfort","og_description":"At Midwest Family Dental we understand many patients are apprehensive about visiting a dentist. We provide free consultations and explain the ins and outs of all of our dental treatments. We ensure there are no surprise dental costs and provide a detailed plan prior to beginning any dental work. Learn more today!","og_url":"https:\/\/midwestfamilydental.com\/es\/chicago-dental-services\/patient-comfort\/","og_site_name":"Midwest Family Dental","article_publisher":"https:\/\/www.facebook.com\/pages\/Midwest-Family-Dental\/499664453378699","article_modified_time":"2021-02-18T17:43:47+00:00","twitter_card":"summary_large_image","twitter_misc":{"Tiempo de lectura":"1 minuto"},"schema":{"@context":"https:\/\/schema.org","@graph":[{"@type":"WebPage","@id":"https:\/\/midwestfamilydental.com\/es\/chicago-dental-services\/patient-comfort\/","url":"https:\/\/midwestfamilydental.com\/es\/chicago-dental-services\/patient-comfort\/","name":"Midwest Family Dental | Comodidad para el paciente dental","isPartOf":{"@id":"https:\/\/midwestfamilydental.com\/es\/#website"},"datePublished":"2017-12-09T08:47:33+00:00","dateModified":"2021-02-18T17:43:47+00:00","description":"En Midwest Family Dental entendemos que muchos pacientes sienten temor al visitar al dentista. Ofrecemos consultas gratuitas y explicamos todos los detalles de nuestros tratamientos dentales. Nos aseguramos de que no haya costos dentales inesperados y proporcionamos un plan detallado antes de comenzar cualquier tratamiento. \u00a1Inf\u00f3rmese hoy mismo!","breadcrumb":{"@id":"https:\/\/midwestfamilydental.com\/es\/chicago-dental-services\/patient-comfort\/#breadcrumb"},"inLanguage":"es","potentialAction":[{"@type":"ReadAction","target":["https:\/\/midwestfamilydental.com\/es\/chicago-dental-services\/patient-comfort\/"]}]},{"@type":"BreadcrumbList","@id":"https:\/\/midwestfamilydental.com\/es\/chicago-dental-services\/patient-comfort\/#breadcrumb","itemListElement":[{"@type":"ListItem","position":1,"name":"Home","item":"https:\/\/midwestfamilydental.com\/es\/"},{"@type":"ListItem","position":2,"name":"Dental Services in Chicago &#038; Waukegan, IL","item":"https:\/\/midwestfamilydental.com\/es\/chicago-dental-services\/"},{"@type":"ListItem","position":3,"name":"Dental Patient Comfort"}]},{"@type":"WebSite","@id":"https:\/\/midwestfamilydental.com\/es\/#website","url":"https:\/\/midwestfamilydental.com\/es\/","name":"Odontolog\u00eda familiar del medio oeste","description":"","potentialAction":[{"@type":"SearchAction","target":{"@type":"EntryPoint","urlTemplate":"https:\/\/midwestfamilydental.com\/es\/?s={search_term_string}"},"query-input":{"@type":"PropertyValueSpecification","valueRequired":true,"valueName":"search_term_string"}}],"inLanguage":"es"}]}},"_links":{"self":[{"href":"https:\/\/midwestfamilydental.com\/es\/wp-json\/wp\/v2\/pages\/127","targetHints":{"allow":["GET"]}}],"collection":[{"href":"https:\/\/midwestfamilydental.com\/es\/wp-json\/wp\/v2\/pages"}],"about":[{"href":"https:\/\/midwestfamilydental.com\/es\/wp-json\/wp\/v2\/types\/page"}],"author":[{"embeddable":true,"href":"https:\/\/midwestfamilydental.com\/es\/wp-json\/wp\/v2\/users\/4"}],"replies":[{"embeddable":true,"href":"https:\/\/midwestfamilydental.com\/es\/wp-json\/wp\/v2\/comments?post=127"}],"version-history":[{"count":8,"href":"https:\/\/midwestfamilydental.com\/es\/wp-json\/wp\/v2\/pages\/127\/revisions"}],"predecessor-version":[{"id":988,"href":"https:\/\/midwestfamilydental.com\/es\/wp-json\/wp\/v2\/pages\/127\/revisions\/988"}],"up":[{"embeddable":true,"href":"https:\/\/midwestfamilydental.com\/es\/wp-json\/wp\/v2\/pages\/362"}],"wp:attachment":[{"href":"https:\/\/midwestfamilydental.com\/es\/wp-json\/wp\/v2\/media?parent=127"}],"curies":[{"name":"gracias","href":"https:\/\/api.w.org\/{rel}","templated":true}]}}