{"id":112,"date":"2017-12-09T08:12:29","date_gmt":"2017-12-09T08:12:29","guid":{"rendered":"http:\/\/mwfd.rapidhealthcareshop.com\/?page_id=112"},"modified":"2018-04-19T08:48:33","modified_gmt":"2018-04-19T08:48:33","slug":"preventive-dentistry","status":"publish","type":"page","link":"https:\/\/midwestfamilydental.com\/es\/chicago-dental-services\/preventive-dentistry\/","title":{"rendered":"Odontolog\u00eda Preventiva"},"content":{"rendered":"<div id=\"cs-content\" class=\"cs-content\"><\/div>","protected":false},"excerpt":{"rendered":"<p>Odontolog\u00eda preventiva Cepillado y uso de hilo dental Limpieza y enfermedad periodontal Rayos X digitales Guardias nocturnas Recomendamos a los pacientes dentales que se cepillen los dientes dos veces al d\u00eda y tambi\u00e9n despu\u00e9s de las comidas siempre que sea posible para garantizar las mejores pr\u00e1cticas de odontolog\u00eda preventiva. Lo mejor es un cepillo de dientes suave o un cepillo de dientes el\u00e9ctrico, ya que un cepillo de dientes medio o duro desgastar\u00e1 las enc\u00edas m\u00e1s r\u00e1pido. A la hora de cepillarnos los dientes siempre recomendamos\u2026 <a href=\"https:\/\/midwestfamilydental.com\/es\/chicago-dental-services\/preventive-dentistry\/\" class=\"more-link\">Lee mas<\/a><\/p>","protected":false},"author":4,"featured_media":0,"parent":362,"menu_order":2,"comment_status":"closed","ping_status":"closed","template":"template-blank-1.php","meta":{"footnotes":""},"class_list":["post-112","page","type-page","status-publish","hentry","no-post-thumbnail"],"yoast_head":"<!-- This site is optimized with the Yoast SEO plugin v27.5 - https:\/\/yoast.com\/product\/yoast-seo-wordpress\/ -->\n<title>Midwest Family Dental | Preventive Dentistry in Chicago &amp; Waukegan, IL<\/title>\n<meta name=\"description\" content=\"Chicago leader in guiding dental patients preventive dentistry we educate our patients on brushing &amp; flossing tips to keep visits infrequent. Learn more.\" \/>\n<meta name=\"robots\" content=\"index, follow, max-snippet:-1, max-image-preview:large, max-video-preview:-1\" \/>\n<link rel=\"canonical\" href=\"https:\/\/midwestfamilydental.com\/es\/chicago-dental-services\/preventive-dentistry\/\" \/>\n<meta property=\"og:locale\" content=\"es_MX\" \/>\n<meta property=\"og:type\" content=\"article\" \/>\n<meta property=\"og:title\" content=\"Midwest Family Dental | Preventive Dentistry in Chicago &amp; Waukegan, IL\" \/>\n<meta property=\"og:description\" content=\"Chicago leader in guiding dental patients preventive dentistry we educate our patients on brushing &amp; flossing tips to keep visits infrequent. Learn more.\" \/>\n<meta property=\"og:url\" content=\"https:\/\/midwestfamilydental.com\/es\/chicago-dental-services\/preventive-dentistry\/\" \/>\n<meta property=\"og:site_name\" content=\"Midwest Family Dental\" \/>\n<meta property=\"article:publisher\" content=\"https:\/\/www.facebook.com\/pages\/Midwest-Family-Dental\/499664453378699\" \/>\n<meta property=\"article:modified_time\" content=\"2018-04-19T08:48:33+00:00\" \/>\n<meta property=\"og:image\" content=\"https:\/\/midwestfamilydental.com\/wp-content\/uploads\/2017\/12\/flossing.jpg\" \/>\n<meta name=\"twitter:card\" content=\"summary_large_image\" \/>\n<meta name=\"twitter:label1\" content=\"Tiempo de lectura\" \/>\n\t<meta name=\"twitter:data1\" content=\"3 minutos\" \/>\n<script type=\"application\/ld+json\" class=\"yoast-schema-graph\">{\"@context\":\"https:\\\/\\\/schema.org\",\"@graph\":[{\"@type\":\"WebPage\",\"@id\":\"https:\\\/\\\/midwestfamilydental.com\\\/es\\\/chicago-dental-services\\\/preventive-dentistry\\\/\",\"url\":\"https:\\\/\\\/midwestfamilydental.com\\\/es\\\/chicago-dental-services\\\/preventive-dentistry\\\/\",\"name\":\"Midwest Family Dental | Preventive Dentistry in Chicago & Waukegan, IL\",\"isPartOf\":{\"@id\":\"https:\\\/\\\/midwestfamilydental.com\\\/es\\\/#website\"},\"datePublished\":\"2017-12-09T08:12:29+00:00\",\"dateModified\":\"2018-04-19T08:48:33+00:00\",\"description\":\"Chicago leader in guiding dental patients preventive dentistry we educate our patients on brushing & flossing tips to keep visits infrequent. Learn more.\",\"breadcrumb\":{\"@id\":\"https:\\\/\\\/midwestfamilydental.com\\\/es\\\/chicago-dental-services\\\/preventive-dentistry\\\/#breadcrumb\"},\"inLanguage\":\"es\",\"potentialAction\":[{\"@type\":\"ReadAction\",\"target\":[\"https:\\\/\\\/midwestfamilydental.com\\\/es\\\/chicago-dental-services\\\/preventive-dentistry\\\/\"]}]},{\"@type\":\"BreadcrumbList\",\"@id\":\"https:\\\/\\\/midwestfamilydental.com\\\/es\\\/chicago-dental-services\\\/preventive-dentistry\\\/#breadcrumb\",\"itemListElement\":[{\"@type\":\"ListItem\",\"position\":1,\"name\":\"Home\",\"item\":\"https:\\\/\\\/midwestfamilydental.com\\\/es\\\/\"},{\"@type\":\"ListItem\",\"position\":2,\"name\":\"Dental Services in Chicago &#038; Waukegan, IL\",\"item\":\"https:\\\/\\\/midwestfamilydental.com\\\/es\\\/chicago-dental-services\\\/\"},{\"@type\":\"ListItem\",\"position\":3,\"name\":\"Preventive Dentistry\"}]},{\"@type\":\"WebSite\",\"@id\":\"https:\\\/\\\/midwestfamilydental.com\\\/es\\\/#website\",\"url\":\"https:\\\/\\\/midwestfamilydental.com\\\/es\\\/\",\"name\":\"Midwest Family Dental\",\"description\":\"\",\"potentialAction\":[{\"@type\":\"SearchAction\",\"target\":{\"@type\":\"EntryPoint\",\"urlTemplate\":\"https:\\\/\\\/midwestfamilydental.com\\\/es\\\/?s={search_term_string}\"},\"query-input\":{\"@type\":\"PropertyValueSpecification\",\"valueRequired\":true,\"valueName\":\"search_term_string\"}}],\"inLanguage\":\"es\"}]}<\/script>\n<!-- \/ Yoast SEO plugin. -->","yoast_head_json":{"title":"Odontolog\u00eda Familiar del Medio Oeste | Odontolog\u00eda preventiva en Chicago y Waukegan, Illinois","description":"L\u00edder en Chicago en odontolog\u00eda preventiva para pacientes. Educamos a nuestros pacientes sobre consejos de cepillado y uso de hilo dental para reducir las visitas. M\u00e1s informaci\u00f3n.","robots":{"index":"index","follow":"follow","max-snippet":"max-snippet:-1","max-image-preview":"max-image-preview:large","max-video-preview":"max-video-preview:-1"},"canonical":"https:\/\/midwestfamilydental.com\/es\/chicago-dental-services\/preventive-dentistry\/","og_locale":"es_MX","og_type":"article","og_title":"Midwest Family Dental | Preventive Dentistry in Chicago & Waukegan, IL","og_description":"Chicago leader in guiding dental patients preventive dentistry we educate our patients on brushing & flossing tips to keep visits infrequent. Learn more.","og_url":"https:\/\/midwestfamilydental.com\/es\/chicago-dental-services\/preventive-dentistry\/","og_site_name":"Midwest Family Dental","article_publisher":"https:\/\/www.facebook.com\/pages\/Midwest-Family-Dental\/499664453378699","article_modified_time":"2018-04-19T08:48:33+00:00","og_image":[{"url":"https:\/\/midwestfamilydental.com\/wp-content\/uploads\/2017\/12\/flossing.jpg","type":"","width":"","height":""}],"twitter_card":"summary_large_image","twitter_misc":{"Tiempo de lectura":"3 minutos"},"schema":{"@context":"https:\/\/schema.org","@graph":[{"@type":"WebPage","@id":"https:\/\/midwestfamilydental.com\/es\/chicago-dental-services\/preventive-dentistry\/","url":"https:\/\/midwestfamilydental.com\/es\/chicago-dental-services\/preventive-dentistry\/","name":"Odontolog\u00eda Familiar del Medio Oeste | Odontolog\u00eda preventiva en Chicago y Waukegan, Illinois","isPartOf":{"@id":"https:\/\/midwestfamilydental.com\/es\/#website"},"datePublished":"2017-12-09T08:12:29+00:00","dateModified":"2018-04-19T08:48:33+00:00","description":"L\u00edder en Chicago en odontolog\u00eda preventiva para pacientes. Educamos a nuestros pacientes sobre consejos de cepillado y uso de hilo dental para reducir las visitas. M\u00e1s informaci\u00f3n.","breadcrumb":{"@id":"https:\/\/midwestfamilydental.com\/es\/chicago-dental-services\/preventive-dentistry\/#breadcrumb"},"inLanguage":"es","potentialAction":[{"@type":"ReadAction","target":["https:\/\/midwestfamilydental.com\/es\/chicago-dental-services\/preventive-dentistry\/"]}]},{"@type":"BreadcrumbList","@id":"https:\/\/midwestfamilydental.com\/es\/chicago-dental-services\/preventive-dentistry\/#breadcrumb","itemListElement":[{"@type":"ListItem","position":1,"name":"Home","item":"https:\/\/midwestfamilydental.com\/es\/"},{"@type":"ListItem","position":2,"name":"Dental Services in Chicago &#038; Waukegan, IL","item":"https:\/\/midwestfamilydental.com\/es\/chicago-dental-services\/"},{"@type":"ListItem","position":3,"name":"Preventive Dentistry"}]},{"@type":"WebSite","@id":"https:\/\/midwestfamilydental.com\/es\/#website","url":"https:\/\/midwestfamilydental.com\/es\/","name":"Odontolog\u00eda familiar del medio oeste","description":"","potentialAction":[{"@type":"SearchAction","target":{"@type":"EntryPoint","urlTemplate":"https:\/\/midwestfamilydental.com\/es\/?s={search_term_string}"},"query-input":{"@type":"PropertyValueSpecification","valueRequired":true,"valueName":"search_term_string"}}],"inLanguage":"es"}]}},"_links":{"self":[{"href":"https:\/\/midwestfamilydental.com\/es\/wp-json\/wp\/v2\/pages\/112","targetHints":{"allow":["GET"]}}],"collection":[{"href":"https:\/\/midwestfamilydental.com\/es\/wp-json\/wp\/v2\/pages"}],"about":[{"href":"https:\/\/midwestfamilydental.com\/es\/wp-json\/wp\/v2\/types\/page"}],"author":[{"embeddable":true,"href":"https:\/\/midwestfamilydental.com\/es\/wp-json\/wp\/v2\/users\/4"}],"replies":[{"embeddable":true,"href":"https:\/\/midwestfamilydental.com\/es\/wp-json\/wp\/v2\/comments?post=112"}],"version-history":[{"count":17,"href":"https:\/\/midwestfamilydental.com\/es\/wp-json\/wp\/v2\/pages\/112\/revisions"}],"predecessor-version":[{"id":647,"href":"https:\/\/midwestfamilydental.com\/es\/wp-json\/wp\/v2\/pages\/112\/revisions\/647"}],"up":[{"embeddable":true,"href":"https:\/\/midwestfamilydental.com\/es\/wp-json\/wp\/v2\/pages\/362"}],"wp:attachment":[{"href":"https:\/\/midwestfamilydental.com\/es\/wp-json\/wp\/v2\/media?parent=112"}],"curies":[{"name":"gracias","href":"https:\/\/api.w.org\/{rel}","templated":true}]}}